{"id":14924,"date":"2023-12-18T07:32:41","date_gmt":"2023-12-18T07:32:41","guid":{"rendered":"https:\/\/fh-staging.vengo.cloud\/?product=seedballs-bienen"},"modified":"2025-07-08T08:27:18","modified_gmt":"2025-07-08T06:27:18","slug":"boule-de-graines-abeilles","status":"publish","type":"product","link":"https:\/\/fh-staging.vengo.cloud\/fr-ch\/p\/seedballs-bienen","title":{"rendered":"Seedballs abeilles"},"content":{"rendered":"<p style=\"text-align: left;\">Paquet de 5 vari\u00e9t\u00e9s diff\u00e9rentes particuli\u00e8rement pr\u00e9cieuses pour les abeilles.<\/p>\n<p style=\"text-align: left;\">Les seedballs sont roul\u00e9s \u00e0 la main, les sacs en coton sont s\u00e9rigraphi\u00e9s.<\/p>\n<p style=\"text-align: left;\">M\u00e9lange : phac\u00e9lie, plantain, cataire vraie, luzerne, veuve des champs, reine-des-pr\u00e9s ordinaire, carotte sauvage, tr\u00e8fle rouge, bleuet et marguerite commune et bien d'autres.<\/p>","protected":false},"excerpt":{"rendered":"<p>Paquet de 5 vari\u00e9t\u00e9s diff\u00e9rentes particuli\u00e8rement pr\u00e9cieuses pour les abeilles.<\/p>","protected":false},"featured_media":57492,"template":"","meta":[],"product_brand":[],"product_cat":[1089,1088,34,110,41],"product_tag":[329],"woo-feed-brand":[],"class_list":{"0":"post-14924","1":"product","2":"type-product","3":"status-publish","4":"has-post-thumbnail","6":"product_cat-hobbygaertner","7":"product_cat-vatertag","8":"product_cat-garten-balkon","9":"product_cat-samen","10":"product_cat-outdoorpflanzen","11":"product_tag-gorilla-gardening","13":"first","14":"instock","15":"taxable","16":"shipping-taxable","17":"purchasable","18":"product-type-simple"},"_links":{"self":[{"href":"https:\/\/fh-staging.vengo.cloud\/fr-ch\/wp-json\/wp\/v2\/product\/14924","targetHints":{"allow":["GET"]}}],"collection":[{"href":"https:\/\/fh-staging.vengo.cloud\/fr-ch\/wp-json\/wp\/v2\/product"}],"about":[{"href":"https:\/\/fh-staging.vengo.cloud\/fr-ch\/wp-json\/wp\/v2\/types\/product"}],"wp:featuredmedia":[{"embeddable":true,"href":"https:\/\/fh-staging.vengo.cloud\/fr-ch\/wp-json\/wp\/v2\/media\/57492"}],"wp:attachment":[{"href":"https:\/\/fh-staging.vengo.cloud\/fr-ch\/wp-json\/wp\/v2\/media?parent=14924"}],"wp:term":[{"taxonomy":"product_brand","embeddable":true,"href":"https:\/\/fh-staging.vengo.cloud\/fr-ch\/wp-json\/wp\/v2\/product_brand?post=14924"},{"taxonomy":"product_cat","embeddable":true,"href":"https:\/\/fh-staging.vengo.cloud\/fr-ch\/wp-json\/wp\/v2\/product_cat?post=14924"},{"taxonomy":"product_tag","embeddable":true,"href":"https:\/\/fh-staging.vengo.cloud\/fr-ch\/wp-json\/wp\/v2\/product_tag?post=14924"},{"taxonomy":"woo-feed-brand","embeddable":true,"href":"https:\/\/fh-staging.vengo.cloud\/fr-ch\/wp-json\/wp\/v2\/woo-feed-brand?post=14924"}],"curies":[{"name":"wp","href":"https:\/\/api.w.org\/{rel}","templated":true}]}}