{"id":14908,"date":"2023-12-05T15:17:02","date_gmt":"2023-12-05T15:17:02","guid":{"rendered":"https:\/\/fh-staging.vengo.cloud\/?product=duftherz-gross"},"modified":"2025-04-01T05:11:21","modified_gmt":"2025-04-01T03:11:21","slug":"coeur-parfume-grand","status":"publish","type":"product","link":"https:\/\/fh-staging.vengo.cloud\/fr-ch\/p\/duftherz-gross","title":{"rendered":"Grand c\u0153ur parfum\u00e9"},"content":{"rendered":"<p style=\"text-align: left\">Beau grand c\u0153ur parfum\u00e9 rempli de cristaux de cire, dans un sac en coton. Convient \u00e9galement pour une bonne odeur dans des pi\u00e8ces plus grandes. Depuis des ann\u00e9es, notre best-seller pour une bonne odeur dans la salle de bain, l'armoire ou le salon.<\/p>\n<p style=\"text-align: left\"><strong>No. 2 - LE SECRET CHAUD<\/strong><br \/>\n<strong>balsamique, floral, doux, musc, ambre<\/strong><\/p>\n<p style=\"text-align: left\">Ce parfum sensuel t'emm\u00e8ne dans un monde oriental plein de senteurs et de gr\u00e2ce f\u00e9minine. Des baumes et des r\u00e9sines nobles, du patchouly \u00e9pic\u00e9, des notes attrayantes de musc et d'ambre s'unissent pour former un ensemble myst\u00e9rieux qui ne demande qu'\u00e0 \u00eatre conquis.<\/p>","protected":false},"excerpt":{"rendered":"<p>Beau grand c\u0153ur parfum\u00e9 rempli de cristaux de cire, dans un sac en coton. Convient aussi pour une bonne odeur dans des pi\u00e8ces plus grandes.<\/p>","protected":false},"featured_media":14909,"template":"","meta":[],"product_brand":[],"product_cat":[51,48],"product_tag":[312],"woo-feed-brand":[],"class_list":{"0":"post-14908","1":"product","2":"type-product","3":"status-publish","4":"has-post-thumbnail","6":"product_cat-raumduefte","7":"product_cat-bad-wellness","8":"product_tag-zimmermann-flaach-ag-blumen-gartenbau","10":"first","11":"instock","12":"taxable","13":"shipping-taxable","14":"purchasable","15":"product-type-simple"},"_links":{"self":[{"href":"https:\/\/fh-staging.vengo.cloud\/fr-ch\/wp-json\/wp\/v2\/product\/14908","targetHints":{"allow":["GET"]}}],"collection":[{"href":"https:\/\/fh-staging.vengo.cloud\/fr-ch\/wp-json\/wp\/v2\/product"}],"about":[{"href":"https:\/\/fh-staging.vengo.cloud\/fr-ch\/wp-json\/wp\/v2\/types\/product"}],"wp:featuredmedia":[{"embeddable":true,"href":"https:\/\/fh-staging.vengo.cloud\/fr-ch\/wp-json\/wp\/v2\/media\/14909"}],"wp:attachment":[{"href":"https:\/\/fh-staging.vengo.cloud\/fr-ch\/wp-json\/wp\/v2\/media?parent=14908"}],"wp:term":[{"taxonomy":"product_brand","embeddable":true,"href":"https:\/\/fh-staging.vengo.cloud\/fr-ch\/wp-json\/wp\/v2\/product_brand?post=14908"},{"taxonomy":"product_cat","embeddable":true,"href":"https:\/\/fh-staging.vengo.cloud\/fr-ch\/wp-json\/wp\/v2\/product_cat?post=14908"},{"taxonomy":"product_tag","embeddable":true,"href":"https:\/\/fh-staging.vengo.cloud\/fr-ch\/wp-json\/wp\/v2\/product_tag?post=14908"},{"taxonomy":"woo-feed-brand","embeddable":true,"href":"https:\/\/fh-staging.vengo.cloud\/fr-ch\/wp-json\/wp\/v2\/woo-feed-brand?post=14908"}],"curies":[{"name":"wp","href":"https:\/\/api.w.org\/{rel}","templated":true}]}}