{"id":14622,"date":"2023-11-02T18:58:12","date_gmt":"2023-11-02T18:58:12","guid":{"rendered":"https:\/\/fh-staging.vengo.cloud\/?product=n5-lavandula-set"},"modified":"2025-11-04T16:12:03","modified_gmt":"2025-11-04T15:12:03","slug":"n5-ensemble-lavandula","status":"publish","type":"product","link":"https:\/\/fh-staging.vengo.cloud\/fr-ch\/p\/n5-lavandula-set","title":{"rendered":"N\u00b05 LAVANDULA SET"},"content":{"rendered":"<p style=\"text-align: left;\"><strong>D\u00e9couvre le pouvoir apaisant de la lavande avec le N\u00b05 LAVANDULA SET de Primestudios. Ce kit luxueux transforme ton rituel de soin et de bien-\u00eatre en une oasis de d\u00e9tente.<\/strong><\/p>\n<p style=\"text-align: left;\"><strong>Contenu du set :<\/strong><\/p>\n<ul style=\"text-align: left;\">\n<li><strong>Sel de bain \u00e0 la lavande<\/strong>: Plonge dans un bain qui apaise le corps et l'esprit. Notre sel de bain \u00e0 la lavande contient des ingr\u00e9dients de haute qualit\u00e9 qui nettoient et hydratent ta peau. Le doux parfum de lavande aide \u00e0 r\u00e9duire le stress et \u00e0 apaiser tes sens.<\/li>\n<li><strong>Savon pour les mains et le corps \u00e0 la lavande<\/strong>: Notre savon cr\u00e9meux pour les mains et le corps \u00e0 la lavande nettoie et soigne ta peau en douceur. Il laisse un d\u00e9licat parfum de lavande et garantit une peau souple et douce.<\/li>\n<li><strong>Savon de massage<\/strong>: Le savon de massage sp\u00e9cial est id\u00e9al pour soulager les tensions et favoriser la d\u00e9tente. Les propri\u00e9t\u00e9s apaisantes de la lavande en font le compagnon id\u00e9al pour des moments de massage relaxants.<\/li>\n<\/ul>\n<p style=\"text-align: left;\"><strong><br \/>\nPoints forts du produit :<\/strong><\/p>\n<ul style=\"text-align: left;\">\n<li><strong>Effet apaisant de la lavande<\/strong>: le parfum doux et apaisant de la lavande dans tous les produits aide \u00e0 calmer ton esprit et \u00e0 d\u00e9tendre tes sens.<\/li>\n<li><strong>Ingr\u00e9dients de haute qualit\u00e9<\/strong>: nous n'utilisons que les meilleurs ingr\u00e9dients naturels pour prendre soin de ta peau et la choyer au mieux. Nos produits sont exempts de produits chimiques nocifs comme les parab\u00e8nes et les sulfates.<\/li>\n<li><strong>Cadeau parfait<\/strong>: Le SET N\u00b05 LAVANDULA est un cadeau id\u00e9al pour tous ceux qui recherchent la d\u00e9tente et le bien-\u00eatre.<\/li>\n<\/ul>\n<p style=\"text-align: left;\">Plonge dans le monde de la d\u00e9tente et de la d\u00e9c\u00e9l\u00e9ration avec le N\u00b05 LAVANDULA SET de Primestudios. D\u00e9couvre les effets apaisants de la lavande et offre \u00e0 toi ou \u00e0 tes proches des moments de soin et de bien-\u00eatre reposants.<\/p>\n<p style=\"text-align: left;\">Commande d\u00e8s aujourd'hui et profite de l'effet transformateur de la lavande. Ton exp\u00e9rience personnelle de d\u00e9tente t'attend.<\/p>\n<p style=\"text-align: left;\">Offre-toi le meilleur - offre-toi le N\u00b05 LAVANDULA SET de Primestudios.<\/p>","protected":false},"excerpt":{"rendered":"<p>N\u00b05 LAVANDULA SET<\/p>","protected":false},"featured_media":14623,"template":"","meta":[],"product_brand":[],"product_cat":[50,1023,1003,797,1208,999,909,916,915,48,52,53],"product_tag":[322],"woo-feed-brand":[],"class_list":{"0":"post-14622","1":"product","2":"type-product","3":"status-publish","4":"has-post-thumbnail","6":"product_cat-badezubehoer","7":"product_cat-fuer-mama","8":"product_cat-fuer-sie","9":"product_cat-muttertag","10":"product_cat-ueber-25-chf","11":"product_cat-valentinstag","12":"product_cat-weihnachten","13":"product_cat-praesente","14":"product_cat-wichteln","15":"product_cat-bad-wellness","16":"product_cat-geschenke","17":"product_cat-geschenksets","18":"product_tag-primestudios","20":"first","21":"instock","22":"featured","23":"taxable","24":"shipping-taxable","25":"purchasable","26":"product-type-simple"},"_links":{"self":[{"href":"https:\/\/fh-staging.vengo.cloud\/fr-ch\/wp-json\/wp\/v2\/product\/14622","targetHints":{"allow":["GET"]}}],"collection":[{"href":"https:\/\/fh-staging.vengo.cloud\/fr-ch\/wp-json\/wp\/v2\/product"}],"about":[{"href":"https:\/\/fh-staging.vengo.cloud\/fr-ch\/wp-json\/wp\/v2\/types\/product"}],"wp:featuredmedia":[{"embeddable":true,"href":"https:\/\/fh-staging.vengo.cloud\/fr-ch\/wp-json\/wp\/v2\/media\/14623"}],"wp:attachment":[{"href":"https:\/\/fh-staging.vengo.cloud\/fr-ch\/wp-json\/wp\/v2\/media?parent=14622"}],"wp:term":[{"taxonomy":"product_brand","embeddable":true,"href":"https:\/\/fh-staging.vengo.cloud\/fr-ch\/wp-json\/wp\/v2\/product_brand?post=14622"},{"taxonomy":"product_cat","embeddable":true,"href":"https:\/\/fh-staging.vengo.cloud\/fr-ch\/wp-json\/wp\/v2\/product_cat?post=14622"},{"taxonomy":"product_tag","embeddable":true,"href":"https:\/\/fh-staging.vengo.cloud\/fr-ch\/wp-json\/wp\/v2\/product_tag?post=14622"},{"taxonomy":"woo-feed-brand","embeddable":true,"href":"https:\/\/fh-staging.vengo.cloud\/fr-ch\/wp-json\/wp\/v2\/woo-feed-brand?post=14622"}],"curies":[{"name":"wp","href":"https:\/\/api.w.org\/{rel}","templated":true}]}}