{"id":14528,"date":"2023-10-20T11:10:38","date_gmt":"2023-10-20T11:10:38","guid":{"rendered":"https:\/\/fh-staging.vengo.cloud\/?product=arrangement-mit-stabilisierter-ranunkel-im-glasgefass"},"modified":"2025-04-01T05:13:24","modified_gmt":"2025-04-01T03:13:24","slug":"arrangement-avec-renoncule-stabilisee-dans-un-tonneau-en-verre","status":"publish","type":"product","link":"https:\/\/fh-staging.vengo.cloud\/fr-ch\/p\/arrangement-mit-stabilisierter-ranunkel-im-glasgefass","title":{"rendered":"Arrangement avec une renoncule stabilis\u00e9e dans un r\u00e9cipient en verre"},"content":{"rendered":"<p style=\"text-align: left\"><strong>Renoncule dans un pot en verre rose :<\/strong>\u00a0Renoncule stabilis\u00e9e dans un r\u00e9cipient en verre rose avec un bord en m\u00e9tal vieil argent, d\u00e9cor\u00e9e de petites paillettes de nacre, d'un c\u0153ur argent\u00e9, de poivre rose, de coton de sisal rose.<\/p>\n<p style=\"text-align: left\"><strong>Conseil d'entretien :<\/strong> Renoncule stabilis\u00e9e, dur\u00e9e de vie minimale de 2 \u00e0 3 ans. Ne doit pas entrer en contact avec l'eau, ni \u00eatre plac\u00e9e dans un endroit humide. Ne pas exposer au soleil, sinon elle se d\u00e9colore.<\/p>\n<p style=\"text-align: left\"><strong>A noter :<\/strong> La couleur montr\u00e9e sur le site web peut \u00eatre l\u00e9g\u00e8rement diff\u00e9rente de celle livr\u00e9e.<\/p>\n<p style=\"text-align: left\"><strong>Travail manuel :<\/strong> Chaque pi\u00e8ce est r\u00e9alis\u00e9e par une fleuriste. C'est pourquoi il peut y avoir de l\u00e9gers d\u00e9calages dans la disposition des d\u00e9corations. Pour la cr\u00e9ation, on utilise des outils tels que du bois, du Muehlenbeckia, du fil de fer, de la colle, de la mousse \u00e0 piquer et d'autres outils similaires, qui peuvent aussi \u00eatre l\u00e9g\u00e8rement visibles.<\/p>","protected":false},"excerpt":{"rendered":"<p>Couleur : rose<br \/>\nHauteur : 9,5 cm \/ diam\u00e8tre : 9 cm<\/p>","protected":false},"featured_media":14529,"template":"","meta":[],"product_brand":[],"product_cat":[102,23,1023,797,26],"product_tag":[327],"woo-feed-brand":[],"class_list":{"0":"post-14528","1":"product","2":"type-product","3":"status-publish","4":"has-post-thumbnail","6":"product_cat-infinity-rosen","7":"product_cat-home-living","8":"product_cat-fuer-mama","9":"product_cat-muttertag","10":"product_cat-blumen-pflanzen","11":"product_tag-blumen-jakob","13":"first","14":"instock","15":"taxable","16":"shipping-taxable","17":"purchasable","18":"product-type-simple"},"_links":{"self":[{"href":"https:\/\/fh-staging.vengo.cloud\/fr-ch\/wp-json\/wp\/v2\/product\/14528","targetHints":{"allow":["GET"]}}],"collection":[{"href":"https:\/\/fh-staging.vengo.cloud\/fr-ch\/wp-json\/wp\/v2\/product"}],"about":[{"href":"https:\/\/fh-staging.vengo.cloud\/fr-ch\/wp-json\/wp\/v2\/types\/product"}],"wp:featuredmedia":[{"embeddable":true,"href":"https:\/\/fh-staging.vengo.cloud\/fr-ch\/wp-json\/wp\/v2\/media\/14529"}],"wp:attachment":[{"href":"https:\/\/fh-staging.vengo.cloud\/fr-ch\/wp-json\/wp\/v2\/media?parent=14528"}],"wp:term":[{"taxonomy":"product_brand","embeddable":true,"href":"https:\/\/fh-staging.vengo.cloud\/fr-ch\/wp-json\/wp\/v2\/product_brand?post=14528"},{"taxonomy":"product_cat","embeddable":true,"href":"https:\/\/fh-staging.vengo.cloud\/fr-ch\/wp-json\/wp\/v2\/product_cat?post=14528"},{"taxonomy":"product_tag","embeddable":true,"href":"https:\/\/fh-staging.vengo.cloud\/fr-ch\/wp-json\/wp\/v2\/product_tag?post=14528"},{"taxonomy":"woo-feed-brand","embeddable":true,"href":"https:\/\/fh-staging.vengo.cloud\/fr-ch\/wp-json\/wp\/v2\/woo-feed-brand?post=14528"}],"curies":[{"name":"wp","href":"https:\/\/api.w.org\/{rel}","templated":true}]}}