{"id":14296,"date":"2023-09-10T09:41:29","date_gmt":"2023-09-10T09:41:29","guid":{"rendered":"https:\/\/fh-staging.vengo.cloud\/?product=edle-mobach-keramikvase-h-15cm-o-18cm"},"modified":"2025-10-22T13:29:23","modified_gmt":"2025-10-22T11:29:23","slug":"noble-vase-en-ceramique-mobach-h-15cm-o-18cm","status":"publish","type":"product","link":"https:\/\/fh-staging.vengo.cloud\/fr-ch\/p\/edle-mobach-keramikvase-h-15cm-o-18cm","title":{"rendered":"Noble vase en c\u00e9ramique Mobach, H 15cm, \u00d8 18cm"},"content":{"rendered":"<p class=\"s6\" style=\"text-align: left\"><span class=\"s4\">Le design manuel moderne<\/span><span class=\"s4\">t<\/span><span class=\"s4\">\u00a0est produit en petites quantit\u00e9s ou en pi\u00e8ces uniques<\/span><span class=\"s4\">at<\/span><span class=\"s4\">\u00a0fabriqu\u00e9.\u00a0<\/span><\/p>\n<p class=\"s6\" style=\"text-align: left\"><span class=\"s4\">Le fait de tourner ou de construire \u00e0 la main rend chaque c\u00e9ramique unique. Les c\u00e9ramiques Mobach doivent leur aspect \u00e9l\u00e9gant aux \u00e9maux exclusifs qui sont compos\u00e9s selon leur propre recette. Toutes les c\u00e9ramiques sont estampill\u00e9es du sceau de Mobach. De plus, chaque pi\u00e8ce unique est sign\u00e9e par le fabricant.<\/span><\/p>\n<p class=\"s6\" style=\"text-align: left\"><span class=\"s4\">Les r\u00e9cipients et les vases agissent pour eux-m\u00eames<\/span><span class=\"s4\">\u00a0<\/span><span class=\"s4\">- mais bien s\u00fbr, les cr\u00e9ations florales cr\u00e9atives mettent en valeur\u00a0<\/span><span class=\"s4\">ou des plantes\u00a0<\/span><span class=\"s4\">des accents attrayants<\/span><span class=\"s4\">.<\/span><\/p>\n<p class=\"s6\" style=\"text-align: left\"><span class=\"s4\">Gr\u00e2ce au gla\u00e7age\u00a0<\/span><span class=\"s4\">nous<\/span><span class=\"s4\">kt<\/span><span class=\"s4\">\u00a0Chaque r\u00e9cipient\u00a0<\/span><span class=\"s4\">Diff\u00e9rent par la couleur<\/span><span class=\"s4\">,<\/span><span class=\"s4\">\u00a0et donc tu obtiens une pi\u00e8ce unique pour\u00a0<\/span><span class=\"s4\">z<\/span><span class=\"s4\">u<\/span><span class=\"s4\">\u00a0H<\/span><span class=\"s4\">ause<\/span><span class=\"s4\">\u00a0ou comme cadeau.<\/span><\/p>\n<p class=\"s6\" style=\"text-align: left\"><span class=\"s4\">Donn\u00e9es du vase : vase H 15cm, \u00d8 18cm<\/span><\/p>\n<p class=\"s6\" style=\"text-align: left\"><span class=\"s4\">Prix sans remplissage de fleurs.<\/span><\/p>","protected":false},"excerpt":{"rendered":"<p>Noble vase en c\u00e9ramique Mobach, H 15cm, \u00d8 18cm<\/p>","protected":false},"featured_media":14297,"template":"","meta":[],"product_brand":[],"product_cat":[27,23,1197],"product_tag":[294],"woo-feed-brand":[],"class_list":{"0":"post-14296","1":"product","2":"type-product","3":"status-publish","4":"has-post-thumbnail","6":"product_cat-vasen-gefaesse","7":"product_cat-home-living","8":"product_cat-vasen","9":"product_tag-the-bloomery","11":"first","12":"instock","13":"taxable","14":"shipping-taxable","15":"purchasable","16":"product-type-simple"},"_links":{"self":[{"href":"https:\/\/fh-staging.vengo.cloud\/fr-ch\/wp-json\/wp\/v2\/product\/14296","targetHints":{"allow":["GET"]}}],"collection":[{"href":"https:\/\/fh-staging.vengo.cloud\/fr-ch\/wp-json\/wp\/v2\/product"}],"about":[{"href":"https:\/\/fh-staging.vengo.cloud\/fr-ch\/wp-json\/wp\/v2\/types\/product"}],"wp:featuredmedia":[{"embeddable":true,"href":"https:\/\/fh-staging.vengo.cloud\/fr-ch\/wp-json\/wp\/v2\/media\/14297"}],"wp:attachment":[{"href":"https:\/\/fh-staging.vengo.cloud\/fr-ch\/wp-json\/wp\/v2\/media?parent=14296"}],"wp:term":[{"taxonomy":"product_brand","embeddable":true,"href":"https:\/\/fh-staging.vengo.cloud\/fr-ch\/wp-json\/wp\/v2\/product_brand?post=14296"},{"taxonomy":"product_cat","embeddable":true,"href":"https:\/\/fh-staging.vengo.cloud\/fr-ch\/wp-json\/wp\/v2\/product_cat?post=14296"},{"taxonomy":"product_tag","embeddable":true,"href":"https:\/\/fh-staging.vengo.cloud\/fr-ch\/wp-json\/wp\/v2\/product_tag?post=14296"},{"taxonomy":"woo-feed-brand","embeddable":true,"href":"https:\/\/fh-staging.vengo.cloud\/fr-ch\/wp-json\/wp\/v2\/woo-feed-brand?post=14296"}],"curies":[{"name":"wp","href":"https:\/\/api.w.org\/{rel}","templated":true}]}}