{"id":14229,"date":"2023-09-10T07:48:55","date_gmt":"2023-09-10T07:48:55","guid":{"rendered":"https:\/\/fh-staging.vengo.cloud\/?product=nephrolepis-schwertfarn-in-edler-samtbox-o-16cm-h-38cm"},"modified":"2025-05-12T14:26:37","modified_gmt":"2025-05-12T12:26:37","slug":"nephrolepis-espadon-dans-une-noble-boite-en-velours-o-16cm-h-38cm","status":"publish","type":"product","link":"https:\/\/fh-staging.vengo.cloud\/fr-ch\/p\/nephrolepis-schwertfarn-in-edler-samtbox-o-16cm-h-38cm","title":{"rendered":"Nephrolepis \/ foug\u00e8re \u00e9p\u00e9e dans une \u00e9l\u00e9gante bo\u00eete en velours \u00f8 : 16cm H : 38cm"},"content":{"rendered":"<p style=\"text-align: left\"><span class=\"s4\">Nephrolepis \/ foug\u00e8re \u00e9p\u00e9e dans une magnifique couleur vert fonc\u00e9\u00a0<\/span><span class=\"s4\">Bo\u00eete en velours<\/span><span class=\"s4\">.\u00a0<\/span><span class=\"s4\">Une\u00a0<\/span><span class=\"s4\">d\u00e9coratif\u00a0<\/span><span class=\"s4\">et\u00a0<\/span><span class=\"s4\">hors du commun\u00a0<\/span><span class=\"s4\">Alternative<\/span><span class=\"s4\">\u00a0z<\/span><span class=\"s4\">u un bac \u00e0 plantes ordinaire.<\/span><\/p>\n<p style=\"text-align: left\"><span class=\"s4\">La plante\u00a0<\/span><span class=\"s4\">a \u00e9t\u00e9<\/span><span class=\"s4\">\u00a0plac\u00e9s dans un pot en plastique dans la bo\u00eete<\/span><span class=\"s4\">. De cette fa\u00e7on, tu as\u00a0<\/span><span class=\"s4\">La possibilit\u00e9<\/span><span class=\"s4\">,<\/span><span class=\"s4\">\u00a0apr\u00e8s le\u00a0<\/span><span class=\"s4\">G<\/span><span class=\"s4\">i<\/span><span class=\"s4\">manger\u00a0<\/span><span class=\"s4\">S<\/span><span class=\"s4\">\u00e9viter l'humidit\u00e9 de la terre. Un r\u00e9cipient int\u00e9rieur \u00e9tanche emp\u00eache<\/span><span class=\"s4\">t<\/span><span class=\"s4\">,<\/span><span class=\"s4\">\u00a0l'eau s'\u00e9coule et \/ ou la bo\u00eete devient humide<\/span><\/p>\n<p style=\"text-align: left\"><span class=\"s4\">La plante peut \u00eatre remplac\u00e9e si n\u00e9cessaire ou plant\u00e9e dans un r\u00e9cipient int\u00e9rieur plus grand. La plante a besoin\u00a0<\/span><span class=\"s4\">1-<\/span><span class=\"s4\">m<\/span><span class=\"s4\">al<\/span><span class=\"s4\">\u00a0<\/span><span class=\"s4\">hebdomadaire <\/span><span class=\"s4\">un bain d'eau.<\/span><\/p>\n<p style=\"text-align: left\"><span class=\"s4\">Informations sur la bo\u00eete \u00e0 plantes : Diam\u00e8tre Bo<\/span><span class=\"s4\">x<\/span><span class=\"s4\">\u00a016cm<\/span><span class=\"s4\">,<\/span><span class=\"s4\">\u00a0<\/span><span class=\"s4\">H<\/span><span class=\"s4\">Hauteur avec la plante : environ 38 cm<\/span><\/p>","protected":false},"excerpt":{"rendered":"<p>Nephrolepis \/ foug\u00e8re \u00e9p\u00e9e dans une \u00e9l\u00e9gante bo\u00eete en velours \u00f8 : 16cm H : 38cm<\/p>","protected":false},"featured_media":36552,"template":"","meta":[],"product_brand":[],"product_cat":[118,23,1088,1092,26],"product_tag":[294],"woo-feed-brand":[],"class_list":{"0":"post-14229","1":"product","2":"type-product","3":"status-publish","4":"has-post-thumbnail","6":"product_cat-zimmerpflanzen","7":"product_cat-home-living","8":"product_cat-vatertag","9":"product_cat-wohlfuehltyp","10":"product_cat-blumen-pflanzen","11":"product_tag-the-bloomery","13":"first","14":"instock","15":"taxable","16":"shipping-taxable","17":"purchasable","18":"product-type-simple"},"_links":{"self":[{"href":"https:\/\/fh-staging.vengo.cloud\/fr-ch\/wp-json\/wp\/v2\/product\/14229","targetHints":{"allow":["GET"]}}],"collection":[{"href":"https:\/\/fh-staging.vengo.cloud\/fr-ch\/wp-json\/wp\/v2\/product"}],"about":[{"href":"https:\/\/fh-staging.vengo.cloud\/fr-ch\/wp-json\/wp\/v2\/types\/product"}],"wp:featuredmedia":[{"embeddable":true,"href":"https:\/\/fh-staging.vengo.cloud\/fr-ch\/wp-json\/wp\/v2\/media\/36552"}],"wp:attachment":[{"href":"https:\/\/fh-staging.vengo.cloud\/fr-ch\/wp-json\/wp\/v2\/media?parent=14229"}],"wp:term":[{"taxonomy":"product_brand","embeddable":true,"href":"https:\/\/fh-staging.vengo.cloud\/fr-ch\/wp-json\/wp\/v2\/product_brand?post=14229"},{"taxonomy":"product_cat","embeddable":true,"href":"https:\/\/fh-staging.vengo.cloud\/fr-ch\/wp-json\/wp\/v2\/product_cat?post=14229"},{"taxonomy":"product_tag","embeddable":true,"href":"https:\/\/fh-staging.vengo.cloud\/fr-ch\/wp-json\/wp\/v2\/product_tag?post=14229"},{"taxonomy":"woo-feed-brand","embeddable":true,"href":"https:\/\/fh-staging.vengo.cloud\/fr-ch\/wp-json\/wp\/v2\/woo-feed-brand?post=14229"}],"curies":[{"name":"wp","href":"https:\/\/api.w.org\/{rel}","templated":true}]}}