{"id":14189,"date":"2023-09-01T10:26:41","date_gmt":"2023-09-01T10:26:41","guid":{"rendered":"https:\/\/fh-staging.vengo.cloud\/?product=duftkerze-spa-day-aus-sojawachs"},"modified":"2025-11-04T14:23:59","modified_gmt":"2025-11-04T13:23:59","slug":"bougie-parfumee-spa-day-en-cire-de-soja","status":"publish","type":"product","link":"https:\/\/fh-staging.vengo.cloud\/fr-ch\/p\/duftkerze-spa-day-aus-sojawachs","title":{"rendered":"Bougie parfum\u00e9e \"SPA DAY\" - en cire de soja"},"content":{"rendered":"<p>Bougie parfum\u00e9e en cire de soja v\u00e9g\u00e9tale avec des parfums tr\u00e8s sp\u00e9ciaux et un design fantastique.<\/p>\n<p>- Taille 9 cm, diam\u00e8tre 8 cm<\/p>\n<p>- Dur\u00e9e de combustion : 60+ heures<\/p>\n<p>- M\u00e8che : 100% coton (sans plomb ni zinc)<\/p>\n<p>- Cire : m\u00e9lange de cire propri\u00e9taire \u00e0 base de soja | v\u00e9g\u00e9talien, non-OGM, casher<\/p>\n<p>- Huile parfum\u00e9e premium<\/p>\n<p>- Sans gluten, sans phtalate, non toxique, non test\u00e9 sur les animaux (\"cruelty-free\")<\/p>","protected":false},"excerpt":{"rendered":"<p>Spa Day - une pause dans le quotidien. Parfum d\u00e9licat et d\u00e9tente gr\u00e2ce aux parfums suivants :<br \/>\n- Notes de t\u00eate : sel de mer + jasmin<br \/>\n- Note de c\u0153ur : bois<br \/>\n- Note de base : cr\u00e8me<\/p>","protected":false},"featured_media":14190,"template":"","meta":[],"product_brand":[],"product_cat":[99,23,910,1208,909,28,915],"product_tag":[305],"woo-feed-brand":[],"class_list":{"0":"post-14189","1":"product","2":"type-product","3":"status-publish","4":"has-post-thumbnail","6":"product_cat-duftkerzen","7":"product_cat-home-living","8":"product_cat-geschenkideen","9":"product_cat-ueber-25-chf","10":"product_cat-weihnachten","11":"product_cat-kerzen-lichter","12":"product_cat-wichteln","13":"product_tag-the-white-panther-die-schonen-dinge-des-lebens","15":"first","16":"instock","17":"taxable","18":"shipping-taxable","19":"purchasable","20":"product-type-simple"},"_links":{"self":[{"href":"https:\/\/fh-staging.vengo.cloud\/fr-ch\/wp-json\/wp\/v2\/product\/14189","targetHints":{"allow":["GET"]}}],"collection":[{"href":"https:\/\/fh-staging.vengo.cloud\/fr-ch\/wp-json\/wp\/v2\/product"}],"about":[{"href":"https:\/\/fh-staging.vengo.cloud\/fr-ch\/wp-json\/wp\/v2\/types\/product"}],"wp:featuredmedia":[{"embeddable":true,"href":"https:\/\/fh-staging.vengo.cloud\/fr-ch\/wp-json\/wp\/v2\/media\/14190"}],"wp:attachment":[{"href":"https:\/\/fh-staging.vengo.cloud\/fr-ch\/wp-json\/wp\/v2\/media?parent=14189"}],"wp:term":[{"taxonomy":"product_brand","embeddable":true,"href":"https:\/\/fh-staging.vengo.cloud\/fr-ch\/wp-json\/wp\/v2\/product_brand?post=14189"},{"taxonomy":"product_cat","embeddable":true,"href":"https:\/\/fh-staging.vengo.cloud\/fr-ch\/wp-json\/wp\/v2\/product_cat?post=14189"},{"taxonomy":"product_tag","embeddable":true,"href":"https:\/\/fh-staging.vengo.cloud\/fr-ch\/wp-json\/wp\/v2\/product_tag?post=14189"},{"taxonomy":"woo-feed-brand","embeddable":true,"href":"https:\/\/fh-staging.vengo.cloud\/fr-ch\/wp-json\/wp\/v2\/woo-feed-brand?post=14189"}],"curies":[{"name":"wp","href":"https:\/\/api.w.org\/{rel}","templated":true}]}}