{"id":14073,"date":"2023-08-11T11:50:31","date_gmt":"2023-08-11T11:50:31","guid":{"rendered":"https:\/\/fh-staging.vengo.cloud\/?product=metalltopf-anton-14-l-1709045970"},"modified":"2025-10-22T16:00:40","modified_gmt":"2025-10-22T14:00:40","slug":"pot-metallique-anton-14-l-1709045970","status":"publish","type":"product","link":"https:\/\/fh-staging.vengo.cloud\/fr-ch\/p\/metalltopf-anton-14-l-1709045970","title":{"rendered":"Pot en m\u00e9tal Anton, 14 L"},"content":{"rendered":"<p style=\"text-align: left;\">Le pot \u00e0 plantes n'est pas seulement beau, il est aussi extr\u00eamement pratique. Gr\u00e2ce \u00e0 l'anse avec poign\u00e9e ergonomique en bois, tu peux facilement saisir le pot en m\u00e9tal et le (re)placer. Il peut donc \u00e9galement \u00eatre utilis\u00e9 pour transporter les outils de jardinage, pour les mauvaises herbes ou comme seau de r\u00e9colte. Pour que l'eau en exc\u00e8s puisse s'\u00e9couler, le pot a un trou dans le fond. Tu peux facilement le fermer avec le bouchon correspondant.<\/p>\n<p>Hauteur : 28 cm<br \/>\nDiam\u00e8tre de l'ouverture : 31 cm<br \/>\nDiam\u00e8tre du fond : 21 cm<br \/>\nCapacit\u00e9 : 14 L<br \/>\nMat\u00e9riel : m\u00e9tal<br \/>\nCouleur : pourpre<br \/>\nCaract\u00e9ristiques sp\u00e9ciales : Trou dans le fond, bouchon en caoutchouc inclus<\/p>","protected":false},"excerpt":{"rendered":"<p>Pot en m\u00e9tal pourpre, 14 L<\/p>","protected":false},"featured_media":14074,"template":"","meta":[],"product_brand":[],"product_cat":[40,23,1200,27,34],"product_tag":[325],"woo-feed-brand":[],"class_list":{"0":"post-14073","1":"product","2":"type-product","3":"status-publish","4":"has-post-thumbnail","6":"product_cat-uebertoepfe","7":"product_cat-home-living","8":"product_cat-gefaesse","9":"product_cat-vasen-gefaesse","10":"product_cat-garten-balkon","11":"product_tag-veg-and-the-city","13":"first","14":"instock","15":"taxable","16":"shipping-taxable","17":"purchasable","18":"product-type-simple"},"_links":{"self":[{"href":"https:\/\/fh-staging.vengo.cloud\/fr-ch\/wp-json\/wp\/v2\/product\/14073","targetHints":{"allow":["GET"]}}],"collection":[{"href":"https:\/\/fh-staging.vengo.cloud\/fr-ch\/wp-json\/wp\/v2\/product"}],"about":[{"href":"https:\/\/fh-staging.vengo.cloud\/fr-ch\/wp-json\/wp\/v2\/types\/product"}],"wp:featuredmedia":[{"embeddable":true,"href":"https:\/\/fh-staging.vengo.cloud\/fr-ch\/wp-json\/wp\/v2\/media\/14074"}],"wp:attachment":[{"href":"https:\/\/fh-staging.vengo.cloud\/fr-ch\/wp-json\/wp\/v2\/media?parent=14073"}],"wp:term":[{"taxonomy":"product_brand","embeddable":true,"href":"https:\/\/fh-staging.vengo.cloud\/fr-ch\/wp-json\/wp\/v2\/product_brand?post=14073"},{"taxonomy":"product_cat","embeddable":true,"href":"https:\/\/fh-staging.vengo.cloud\/fr-ch\/wp-json\/wp\/v2\/product_cat?post=14073"},{"taxonomy":"product_tag","embeddable":true,"href":"https:\/\/fh-staging.vengo.cloud\/fr-ch\/wp-json\/wp\/v2\/product_tag?post=14073"},{"taxonomy":"woo-feed-brand","embeddable":true,"href":"https:\/\/fh-staging.vengo.cloud\/fr-ch\/wp-json\/wp\/v2\/woo-feed-brand?post=14073"}],"curies":[{"name":"wp","href":"https:\/\/api.w.org\/{rel}","templated":true}]}}