{"id":14023,"date":"2023-08-11T11:50:01","date_gmt":"2023-08-11T11:50:01","guid":{"rendered":"https:\/\/fh-staging.vengo.cloud\/?product=korb-rio-19-x-18-cm-1709045823"},"modified":"2025-10-22T14:05:14","modified_gmt":"2025-10-22T12:05:14","slug":"panier-rio-19-x-18-cm-1709045823","status":"publish","type":"product","link":"https:\/\/fh-staging.vengo.cloud\/fr-ch\/p\/korb-rio-19-x-18-cm-1709045823","title":{"rendered":"Panier Rio, 19 x 18 cm"},"content":{"rendered":"<p style=\"text-align: left\">Les paniers en mat\u00e9riaux naturels sont \u00e0 la mode et apportent beaucoup de convivialit\u00e9 \u00e0 ton int\u00e9rieur. Tu peux ranger toutes sortes de choses avec style dans ces jolis paniers en coton\/herbe marine.<\/p>\n<p style=\"text-align: left\">Dimensions (DxH) : 19 x 18 cm<br \/>\nMat\u00e9riel : coton\/herbe marine<br \/>\nCouleur : gris\/nature<br \/>\nCaract\u00e9ristiques particuli\u00e8res : Pas de film dans le panier<\/p>","protected":false},"excerpt":{"rendered":"<p>Corbeille grise\/naturelle, 19 x 18 cm<\/p>","protected":false},"featured_media":14024,"template":"","meta":[],"product_brand":[],"product_cat":[40,23,1199,27,34],"product_tag":[325],"woo-feed-brand":[],"class_list":{"0":"post-14023","1":"product","2":"type-product","3":"status-publish","4":"has-post-thumbnail","6":"product_cat-uebertoepfe","7":"product_cat-home-living","8":"product_cat-koerbe","9":"product_cat-vasen-gefaesse","10":"product_cat-garten-balkon","11":"product_tag-veg-and-the-city","13":"first","14":"instock","15":"taxable","16":"shipping-taxable","17":"purchasable","18":"product-type-simple"},"_links":{"self":[{"href":"https:\/\/fh-staging.vengo.cloud\/fr-ch\/wp-json\/wp\/v2\/product\/14023","targetHints":{"allow":["GET"]}}],"collection":[{"href":"https:\/\/fh-staging.vengo.cloud\/fr-ch\/wp-json\/wp\/v2\/product"}],"about":[{"href":"https:\/\/fh-staging.vengo.cloud\/fr-ch\/wp-json\/wp\/v2\/types\/product"}],"wp:featuredmedia":[{"embeddable":true,"href":"https:\/\/fh-staging.vengo.cloud\/fr-ch\/wp-json\/wp\/v2\/media\/14024"}],"wp:attachment":[{"href":"https:\/\/fh-staging.vengo.cloud\/fr-ch\/wp-json\/wp\/v2\/media?parent=14023"}],"wp:term":[{"taxonomy":"product_brand","embeddable":true,"href":"https:\/\/fh-staging.vengo.cloud\/fr-ch\/wp-json\/wp\/v2\/product_brand?post=14023"},{"taxonomy":"product_cat","embeddable":true,"href":"https:\/\/fh-staging.vengo.cloud\/fr-ch\/wp-json\/wp\/v2\/product_cat?post=14023"},{"taxonomy":"product_tag","embeddable":true,"href":"https:\/\/fh-staging.vengo.cloud\/fr-ch\/wp-json\/wp\/v2\/product_tag?post=14023"},{"taxonomy":"woo-feed-brand","embeddable":true,"href":"https:\/\/fh-staging.vengo.cloud\/fr-ch\/wp-json\/wp\/v2\/woo-feed-brand?post=14023"}],"curies":[{"name":"wp","href":"https:\/\/api.w.org\/{rel}","templated":true}]}}