{"id":13998,"date":"2023-08-11T11:49:46","date_gmt":"2023-08-11T11:49:46","guid":{"rendered":"https:\/\/fh-staging.vengo.cloud\/?product=ubertopf-atlanta-18-x-18-cm"},"modified":"2025-10-22T14:05:12","modified_gmt":"2025-10-22T12:05:12","slug":"ubertopf-atlanta-18-x-18-cm","status":"publish","type":"product","link":"https:\/\/fh-staging.vengo.cloud\/fr-ch\/p\/ubertopf-atlanta-18-x-18-cm","title":{"rendered":"Cache-pot Atlanta, 18 x 18 cm"},"content":{"rendered":"<p style=\"text-align: left\">Ce panier exquis de style boho est l'accessoire parfait pour tous ceux qui aiment se sentir \u00e0 l'aise chez eux. Il est compos\u00e9 d'un fin tressage de jute noir chin\u00e9 avec un bord fonc\u00e9 pour la finition. Ta plante d'int\u00e9rieur se sentira certainement tr\u00e8s bien dans ce joli panier. Chaque panier est unique et peut donc diff\u00e9rer en couleur de l'image d'exemple.<\/p>\n<p style=\"text-align: left\">Dimensions (DxH) : 18 x 18 cm<br \/>\nMat\u00e9riel : jute<br \/>\nCouleur : nature\/noir\/or<br \/>\nCaract\u00e9ristiques sp\u00e9ciales : Film \u00e9tanche dans le panier<\/p>","protected":false},"excerpt":{"rendered":"<p>Corbeille nature\/noir\/or, 18 x 18 cm<\/p>","protected":false},"featured_media":13999,"template":"","meta":[],"product_brand":[],"product_cat":[40,23,1199,27,34],"product_tag":[325],"woo-feed-brand":[],"class_list":{"0":"post-13998","1":"product","2":"type-product","3":"status-publish","4":"has-post-thumbnail","6":"product_cat-uebertoepfe","7":"product_cat-home-living","8":"product_cat-koerbe","9":"product_cat-vasen-gefaesse","10":"product_cat-garten-balkon","11":"product_tag-veg-and-the-city","13":"first","14":"instock","15":"taxable","16":"shipping-taxable","17":"purchasable","18":"product-type-simple"},"_links":{"self":[{"href":"https:\/\/fh-staging.vengo.cloud\/fr-ch\/wp-json\/wp\/v2\/product\/13998","targetHints":{"allow":["GET"]}}],"collection":[{"href":"https:\/\/fh-staging.vengo.cloud\/fr-ch\/wp-json\/wp\/v2\/product"}],"about":[{"href":"https:\/\/fh-staging.vengo.cloud\/fr-ch\/wp-json\/wp\/v2\/types\/product"}],"wp:featuredmedia":[{"embeddable":true,"href":"https:\/\/fh-staging.vengo.cloud\/fr-ch\/wp-json\/wp\/v2\/media\/13999"}],"wp:attachment":[{"href":"https:\/\/fh-staging.vengo.cloud\/fr-ch\/wp-json\/wp\/v2\/media?parent=13998"}],"wp:term":[{"taxonomy":"product_brand","embeddable":true,"href":"https:\/\/fh-staging.vengo.cloud\/fr-ch\/wp-json\/wp\/v2\/product_brand?post=13998"},{"taxonomy":"product_cat","embeddable":true,"href":"https:\/\/fh-staging.vengo.cloud\/fr-ch\/wp-json\/wp\/v2\/product_cat?post=13998"},{"taxonomy":"product_tag","embeddable":true,"href":"https:\/\/fh-staging.vengo.cloud\/fr-ch\/wp-json\/wp\/v2\/product_tag?post=13998"},{"taxonomy":"woo-feed-brand","embeddable":true,"href":"https:\/\/fh-staging.vengo.cloud\/fr-ch\/wp-json\/wp\/v2\/woo-feed-brand?post=13998"}],"curies":[{"name":"wp","href":"https:\/\/api.w.org\/{rel}","templated":true}]}}