{"id":13917,"date":"2023-08-11T11:49:05","date_gmt":"2023-08-11T11:49:05","guid":{"rendered":"https:\/\/fh-staging.vengo.cloud\/?product=ubertopf-cali-18-x-18-cm-1709045559"},"modified":"2025-10-22T14:05:21","modified_gmt":"2025-10-22T12:05:21","slug":"ubertopf-cali-18-x-18-cm-1709045559","status":"publish","type":"product","link":"https:\/\/fh-staging.vengo.cloud\/fr-ch\/p\/ubertopf-cali-18-x-18-cm-1709045559","title":{"rendered":"Cache-pot Cali, 18 x 18 cm"},"content":{"rendered":"<p style=\"text-align: left\">Apporte de la vari\u00e9t\u00e9 dans tes quatre murs avec ce cache-pot. Ce panier est fabriqu\u00e9 en jonc de mer. Combine-le avec d'autres paniers de couleurs assorties ou donne une nouvelle forme d'expression \u00e0 ton c\u00f4t\u00e9 sauvage en ajoutant des cache-pots multicolores. Ta cr\u00e9ativit\u00e9 n'a pas de limites.<\/p>\n<p style=\"text-align: left\">Dimensions (DxH) : 18 x 18 cm<br \/>\nMat\u00e9riel : algues marines<br \/>\nCouleur : rouge fonc\u00e9\/nature<br \/>\nCaract\u00e9ristiques sp\u00e9ciales : Film \u00e9tanche dans le panier<\/p>","protected":false},"excerpt":{"rendered":"<p>Panier, rouge fonc\u00e9\/naturel, 18 x 18 cm<\/p>","protected":false},"featured_media":13918,"template":"","meta":[],"product_brand":[],"product_cat":[40,23,1199,27,34],"product_tag":[325],"woo-feed-brand":[],"class_list":{"0":"post-13917","1":"product","2":"type-product","3":"status-publish","4":"has-post-thumbnail","6":"product_cat-uebertoepfe","7":"product_cat-home-living","8":"product_cat-koerbe","9":"product_cat-vasen-gefaesse","10":"product_cat-garten-balkon","11":"product_tag-veg-and-the-city","13":"first","14":"instock","15":"taxable","16":"shipping-taxable","17":"purchasable","18":"product-type-simple"},"_links":{"self":[{"href":"https:\/\/fh-staging.vengo.cloud\/fr-ch\/wp-json\/wp\/v2\/product\/13917","targetHints":{"allow":["GET"]}}],"collection":[{"href":"https:\/\/fh-staging.vengo.cloud\/fr-ch\/wp-json\/wp\/v2\/product"}],"about":[{"href":"https:\/\/fh-staging.vengo.cloud\/fr-ch\/wp-json\/wp\/v2\/types\/product"}],"wp:featuredmedia":[{"embeddable":true,"href":"https:\/\/fh-staging.vengo.cloud\/fr-ch\/wp-json\/wp\/v2\/media\/13918"}],"wp:attachment":[{"href":"https:\/\/fh-staging.vengo.cloud\/fr-ch\/wp-json\/wp\/v2\/media?parent=13917"}],"wp:term":[{"taxonomy":"product_brand","embeddable":true,"href":"https:\/\/fh-staging.vengo.cloud\/fr-ch\/wp-json\/wp\/v2\/product_brand?post=13917"},{"taxonomy":"product_cat","embeddable":true,"href":"https:\/\/fh-staging.vengo.cloud\/fr-ch\/wp-json\/wp\/v2\/product_cat?post=13917"},{"taxonomy":"product_tag","embeddable":true,"href":"https:\/\/fh-staging.vengo.cloud\/fr-ch\/wp-json\/wp\/v2\/product_tag?post=13917"},{"taxonomy":"woo-feed-brand","embeddable":true,"href":"https:\/\/fh-staging.vengo.cloud\/fr-ch\/wp-json\/wp\/v2\/woo-feed-brand?post=13917"}],"curies":[{"name":"wp","href":"https:\/\/api.w.org\/{rel}","templated":true}]}}