{"id":13823,"date":"2023-08-11T11:48:16","date_gmt":"2023-08-11T11:48:16","guid":{"rendered":"https:\/\/fh-staging.vengo.cloud\/?product=ubertopf-lima-19-x-19-cm"},"modified":"2025-10-22T14:05:27","modified_gmt":"2025-10-22T12:05:27","slug":"uberpot-lima-19-x-19-cm","status":"publish","type":"product","link":"https:\/\/fh-staging.vengo.cloud\/fr-ch\/p\/ubertopf-lima-19-x-19-cm","title":{"rendered":"Cache-pot Lima, 19 x 19 cm"},"content":{"rendered":"<p style=\"text-align: left\">Les paniers en mat\u00e9riaux naturels sont \u00e0 la mode et apportent beaucoup de confort \u00e0 ton int\u00e9rieur. Tu peux utiliser les jolis paniers en jonc de mer comme pots pour tes plantes d'int\u00e9rieur ou bien s\u00fbr pour y ranger d'autres tr\u00e9sors.<\/p>\n<p style=\"text-align: left\">Dimensions (DxH) : 19 x 19 cm<br \/>\nMat\u00e9riel : feuilles de ma\u00efs<br \/>\nCouleur : gris\/nature<br \/>\nCaract\u00e9ristiques sp\u00e9ciales : Film \u00e9tanche dans le panier<\/p>","protected":false},"excerpt":{"rendered":"<p>Panier, gris\/naturel, 19 x 19 cm<\/p>","protected":false},"featured_media":13824,"template":"","meta":[],"product_brand":[],"product_cat":[40,23,1199,27,34],"product_tag":[325],"woo-feed-brand":[],"class_list":{"0":"post-13823","1":"product","2":"type-product","3":"status-publish","4":"has-post-thumbnail","6":"product_cat-uebertoepfe","7":"product_cat-home-living","8":"product_cat-koerbe","9":"product_cat-vasen-gefaesse","10":"product_cat-garten-balkon","11":"product_tag-veg-and-the-city","13":"first","14":"instock","15":"taxable","16":"shipping-taxable","17":"purchasable","18":"product-type-simple"},"_links":{"self":[{"href":"https:\/\/fh-staging.vengo.cloud\/fr-ch\/wp-json\/wp\/v2\/product\/13823","targetHints":{"allow":["GET"]}}],"collection":[{"href":"https:\/\/fh-staging.vengo.cloud\/fr-ch\/wp-json\/wp\/v2\/product"}],"about":[{"href":"https:\/\/fh-staging.vengo.cloud\/fr-ch\/wp-json\/wp\/v2\/types\/product"}],"wp:featuredmedia":[{"embeddable":true,"href":"https:\/\/fh-staging.vengo.cloud\/fr-ch\/wp-json\/wp\/v2\/media\/13824"}],"wp:attachment":[{"href":"https:\/\/fh-staging.vengo.cloud\/fr-ch\/wp-json\/wp\/v2\/media?parent=13823"}],"wp:term":[{"taxonomy":"product_brand","embeddable":true,"href":"https:\/\/fh-staging.vengo.cloud\/fr-ch\/wp-json\/wp\/v2\/product_brand?post=13823"},{"taxonomy":"product_cat","embeddable":true,"href":"https:\/\/fh-staging.vengo.cloud\/fr-ch\/wp-json\/wp\/v2\/product_cat?post=13823"},{"taxonomy":"product_tag","embeddable":true,"href":"https:\/\/fh-staging.vengo.cloud\/fr-ch\/wp-json\/wp\/v2\/product_tag?post=13823"},{"taxonomy":"woo-feed-brand","embeddable":true,"href":"https:\/\/fh-staging.vengo.cloud\/fr-ch\/wp-json\/wp\/v2\/woo-feed-brand?post=13823"}],"curies":[{"name":"wp","href":"https:\/\/api.w.org\/{rel}","templated":true}]}}