{"id":13692,"date":"2023-07-14T11:59:56","date_gmt":"2023-07-14T11:59:56","guid":{"rendered":"https:\/\/fh-staging.vengo.cloud\/?product=wiederverwendbare-mikrofaser-make-up-entferner-pads"},"modified":"2026-01-05T14:10:18","modified_gmt":"2026-01-05T13:10:18","slug":"pads-reutilisables-en-microfibre-pour-enlever-le-maquillage","status":"publish","type":"product","link":"https:\/\/fh-staging.vengo.cloud\/fr-ch\/p\/wiederverwendbare-mikrofaser-make-up-entferner-pads","title":{"rendered":"Tampons d\u00e9maquillants r\u00e9utilisables en microfibre"},"content":{"rendered":"<p style=\"text-align: left;\">Nettoie les pores en profondeur et sans agresser la peau, uniquement avec de l'eau, gr\u00e2ce \u00e0 la technologie microfibre hautement efficace et 100% sans substances nocives des pads NOYA Face. Enl\u00e8ve m\u00eame le maquillage lourd et le mascara en seulement 60 secondes, sans avoir besoin de d\u00e9maquillant. Les pads peuvent \u00eatre lav\u00e9s jusqu'\u00e0 200 fois et accroch\u00e9s \u00e0 la languette pratique pour un s\u00e9chage ultra-rapide. Utilisation : humidifier le pad avec de l'eau froide ou chaude et le faire glisser doucement sur le visage pour enlever le maquillage et nettoyer la peau en profondeur - sans d\u00e9maquillant. Apr\u00e8s chaque utilisation, rincer le Face Pad \u00e0 l'eau chaude pour le d\u00e9barrasser du maquillage et de la salet\u00e9. Si n\u00e9cessaire, laver dans la machine \u00e0 laver \u00e0 60 degr\u00e9s et r\u00e9utiliser.<\/p>\n<p style=\"text-align: left;\">- 3 pads de maquillage r\u00e9utilisables<br \/>\n- Nettoyage du visage en profondeur et sans agression pour la peau - uniquement avec de l'eau<br \/>\n- Enl\u00e8ve m\u00eame le maquillage lourd, le mascara et les ombres \u00e0 paupi\u00e8res<br \/>\n- D\u00e9maquillage en 60 secondes seulement<br \/>\n- Technologie microfibre hautement efficace<br \/>\n- Convient \u00e0 tous les types de peau<br \/>\n- Respectueux de l'environnement et 100% sans substances nocives<br \/>\n- R\u00e9utilisable jusqu'\u00e0 200 fois<\/p>","protected":false},"excerpt":{"rendered":"<p>Tampons d\u00e9maquillants r\u00e9utilisables en microfibre pour le maquillage lourd, le mascara et les ombres \u00e0 paupi\u00e8res<\/p>","protected":false},"featured_media":13693,"template":"","meta":[],"product_brand":[],"product_cat":[1176,910,1207,909,915,48],"product_tag":[324],"woo-feed-brand":[],"class_list":{"0":"post-13692","1":"product","2":"type-product","3":"status-publish","4":"has-post-thumbnail","6":"product_cat-wohlbefinden","7":"product_cat-geschenkideen","8":"product_cat-unter-25-chf","9":"product_cat-weihnachten","10":"product_cat-wichteln","11":"product_cat-bad-wellness","12":"product_tag-marein-ag","14":"first","15":"instock","16":"taxable","17":"shipping-taxable","18":"purchasable","19":"product-type-simple"},"_links":{"self":[{"href":"https:\/\/fh-staging.vengo.cloud\/fr-ch\/wp-json\/wp\/v2\/product\/13692","targetHints":{"allow":["GET"]}}],"collection":[{"href":"https:\/\/fh-staging.vengo.cloud\/fr-ch\/wp-json\/wp\/v2\/product"}],"about":[{"href":"https:\/\/fh-staging.vengo.cloud\/fr-ch\/wp-json\/wp\/v2\/types\/product"}],"wp:featuredmedia":[{"embeddable":true,"href":"https:\/\/fh-staging.vengo.cloud\/fr-ch\/wp-json\/wp\/v2\/media\/13693"}],"wp:attachment":[{"href":"https:\/\/fh-staging.vengo.cloud\/fr-ch\/wp-json\/wp\/v2\/media?parent=13692"}],"wp:term":[{"taxonomy":"product_brand","embeddable":true,"href":"https:\/\/fh-staging.vengo.cloud\/fr-ch\/wp-json\/wp\/v2\/product_brand?post=13692"},{"taxonomy":"product_cat","embeddable":true,"href":"https:\/\/fh-staging.vengo.cloud\/fr-ch\/wp-json\/wp\/v2\/product_cat?post=13692"},{"taxonomy":"product_tag","embeddable":true,"href":"https:\/\/fh-staging.vengo.cloud\/fr-ch\/wp-json\/wp\/v2\/product_tag?post=13692"},{"taxonomy":"woo-feed-brand","embeddable":true,"href":"https:\/\/fh-staging.vengo.cloud\/fr-ch\/wp-json\/wp\/v2\/woo-feed-brand?post=13692"}],"curies":[{"name":"wp","href":"https:\/\/api.w.org\/{rel}","templated":true}]}}