{"id":13667,"date":"2023-07-14T11:59:53","date_gmt":"2023-07-14T11:59:53","guid":{"rendered":"https:\/\/fh-staging.vengo.cloud\/?product=chalky-kreidemarker-zur-beschriftung-von-tafeln-und-glas"},"modified":"2026-01-05T14:10:19","modified_gmt":"2026-01-05T13:10:19","slug":"marqueur-craie-chalky-pour-ecrire-sur-les-tableaux-noirs-et-le-verre","status":"publish","type":"product","link":"https:\/\/fh-staging.vengo.cloud\/fr-ch\/p\/chalky-kreidemarker-zur-beschriftung-von-tafeln-und-glas","title":{"rendered":"Marqueur craie Chalky pour \u00e9crire sur les tableaux et le verre"},"content":{"rendered":"<p style=\"text-align: left;\">Inscris sur tes bo\u00eetes \u00e0 provisions, tes pots d'herbes ou tes tableaux de menus avec notre crayon craie pratique KREUL, qui dessine des lignes propres et couvrantes avec une couleur liquide qui s\u00e8che rapidement et qui s'efface facilement avec de l'eau si n\u00e9cessaire.<\/p>\n<p style=\"text-align: left;\">- Craie liquide mate, non-permanente et lavable<br \/>\n- Couvrant, r\u00e9sistant \u00e0 la lumi\u00e8re, s\u00e9chage rapide<br \/>\n- A base d'eau<br \/>\n- Couleur au moins 60% \u00e0 partir de mati\u00e8res premi\u00e8res d'origine naturelle<br \/>\n- Application de peinture effa\u00e7able au chiffon humide sur surfaces lisses et non absorbantes<br \/>\n- Pour peindre et \u00e9crire sur les surfaces de tableau, les films de tableau, les fen\u00eatres, les miroirs, le verre, les carreaux, les films, le m\u00e9tal et le verre acrylique<br \/>\n- Id\u00e9al pour \u00e9tiqueter les bo\u00eetes \u00e0 provisions et les bocaux<br \/>\n- Flux d'encre r\u00e9gulier et pr\u00e9cis gr\u00e2ce au syst\u00e8me de valve<br \/>\n- Pointes ind\u00e9formables, peuvent \u00eatre retir\u00e9es et nettoy\u00e9es \u00e0 l'eau<\/p>","protected":false},"excerpt":{"rendered":"<p>Marqueur craie Chalky pour \u00e9crire sur les tableaux noirs et le verre, \u00e9paisseur moyenne, blanc, 14 x 1.2 cm<\/p>","protected":false},"featured_media":13668,"template":"","meta":[],"product_brand":[],"product_cat":[1194,23,29],"product_tag":[324],"woo-feed-brand":[],"class_list":{"0":"post-13667","1":"product","2":"type-product","3":"status-publish","4":"has-post-thumbnail","6":"product_cat-diy-helfer","7":"product_cat-home-living","8":"product_cat-do-it-yourself","9":"product_tag-marein-ag","11":"first","12":"instock","13":"taxable","14":"shipping-taxable","15":"purchasable","16":"product-type-simple"},"_links":{"self":[{"href":"https:\/\/fh-staging.vengo.cloud\/fr-ch\/wp-json\/wp\/v2\/product\/13667","targetHints":{"allow":["GET"]}}],"collection":[{"href":"https:\/\/fh-staging.vengo.cloud\/fr-ch\/wp-json\/wp\/v2\/product"}],"about":[{"href":"https:\/\/fh-staging.vengo.cloud\/fr-ch\/wp-json\/wp\/v2\/types\/product"}],"wp:featuredmedia":[{"embeddable":true,"href":"https:\/\/fh-staging.vengo.cloud\/fr-ch\/wp-json\/wp\/v2\/media\/13668"}],"wp:attachment":[{"href":"https:\/\/fh-staging.vengo.cloud\/fr-ch\/wp-json\/wp\/v2\/media?parent=13667"}],"wp:term":[{"taxonomy":"product_brand","embeddable":true,"href":"https:\/\/fh-staging.vengo.cloud\/fr-ch\/wp-json\/wp\/v2\/product_brand?post=13667"},{"taxonomy":"product_cat","embeddable":true,"href":"https:\/\/fh-staging.vengo.cloud\/fr-ch\/wp-json\/wp\/v2\/product_cat?post=13667"},{"taxonomy":"product_tag","embeddable":true,"href":"https:\/\/fh-staging.vengo.cloud\/fr-ch\/wp-json\/wp\/v2\/product_tag?post=13667"},{"taxonomy":"woo-feed-brand","embeddable":true,"href":"https:\/\/fh-staging.vengo.cloud\/fr-ch\/wp-json\/wp\/v2\/woo-feed-brand?post=13667"}],"curies":[{"name":"wp","href":"https:\/\/api.w.org\/{rel}","templated":true}]}}