{"id":13428,"date":"2023-07-04T19:56:59","date_gmt":"2023-07-04T19:56:59","guid":{"rendered":"https:\/\/fh-staging.vengo.cloud\/?product=papierblumen-large"},"modified":"2025-04-01T05:40:14","modified_gmt":"2025-04-01T03:40:14","slug":"fleurs-en-papier-grand","status":"publish","type":"product","link":"https:\/\/fh-staging.vengo.cloud\/fr-ch\/p\/papierblumen-large","title":{"rendered":"Fleurs en papier - large"},"content":{"rendered":"<p style=\"text-align: left\">Pour ce bouquet de fleurs ou pour une belle couronne, tu n'as besoin que du contenu de ce kit. Il n'y a rien \u00e0 couper, rien \u00e0 coller, tout est pr\u00e9d\u00e9coup\u00e9 et incis\u00e9 et les tiges des fleurs - le fil - sont d\u00e9j\u00e0 incluses. Coupe le fil de fer pour fleurs \u00e0 la longueur souhait\u00e9e, enfile-le dans les fentes pr\u00e9d\u00e9coup\u00e9es et compose toi-m\u00eame ton bouquet. Sur les photos, tu peux voir deux bouquets : l'un avec 2 sets de FIELD et l'autre, beau et discret, avec 1 set de FIELD. M\u00eame d\u00e9tach\u00e9es - en tant que fleur unique dans un vase - les fleurs attirent discr\u00e8tement l'attention dans ton salon.<\/p>\n<p style=\"text-align: left\"><strong>Durable fois deux<\/strong><\/p>\n<p style=\"text-align: left\">FIELD est un bouquet de fleurs doublement durable : les fleurs ne se fanent pas et sont imprim\u00e9es avec de l'encre bio sur du papier certifi\u00e9 FSC.<\/p>\n<p style=\"text-align: left\">De plus, FIELD Large est le cadeau id\u00e9al pour la bo\u00eete aux lettres, car le format plat A4 peut \u00eatre envoy\u00e9 sans probl\u00e8me dans une enveloppe.<\/p>\n<p style=\"text-align: left\"><strong>L'info\u00a0<\/strong><\/p>\n<p style=\"text-align: left\">Cinq cartes A4 avec un total de 12 fleurs d\u00e9coup\u00e9es.<\/p>\n<p style=\"text-align: left\">Inclut 6,00 m de fil de fer pour fleurs.<\/p>\n<p style=\"text-align: left\">Une fois pli\u00e9, le plus grand chardon mesure 8 cm de diam\u00e8tre.<\/p>\n<p style=\"text-align: left\">Le plus grand roseau mesure 10 cm de long une fois pli\u00e9.<\/p>\n<p style=\"text-align: left\">La branche aux feuilles rondes mesure 28 cm de long.<\/p>\n<p style=\"text-align: left\">Le grand iris mesure 11 cm de haut et 7,5 cm de large.<\/p>","protected":false},"excerpt":{"rendered":"<p>Fleurs en papier - large<\/p>","protected":false},"featured_media":13429,"template":"","meta":[],"product_brand":[],"product_cat":[107,23,26],"product_tag":[312],"woo-feed-brand":[],"class_list":{"0":"post-13428","1":"product","2":"type-product","3":"status-publish","4":"has-post-thumbnail","6":"product_cat-kunstblumen","7":"product_cat-home-living","8":"product_cat-blumen-pflanzen","9":"product_tag-zimmermann-flaach-ag-blumen-gartenbau","11":"first","12":"instock","13":"taxable","14":"shipping-taxable","15":"purchasable","16":"product-type-simple"},"_links":{"self":[{"href":"https:\/\/fh-staging.vengo.cloud\/fr-ch\/wp-json\/wp\/v2\/product\/13428","targetHints":{"allow":["GET"]}}],"collection":[{"href":"https:\/\/fh-staging.vengo.cloud\/fr-ch\/wp-json\/wp\/v2\/product"}],"about":[{"href":"https:\/\/fh-staging.vengo.cloud\/fr-ch\/wp-json\/wp\/v2\/types\/product"}],"wp:featuredmedia":[{"embeddable":true,"href":"https:\/\/fh-staging.vengo.cloud\/fr-ch\/wp-json\/wp\/v2\/media\/13429"}],"wp:attachment":[{"href":"https:\/\/fh-staging.vengo.cloud\/fr-ch\/wp-json\/wp\/v2\/media?parent=13428"}],"wp:term":[{"taxonomy":"product_brand","embeddable":true,"href":"https:\/\/fh-staging.vengo.cloud\/fr-ch\/wp-json\/wp\/v2\/product_brand?post=13428"},{"taxonomy":"product_cat","embeddable":true,"href":"https:\/\/fh-staging.vengo.cloud\/fr-ch\/wp-json\/wp\/v2\/product_cat?post=13428"},{"taxonomy":"product_tag","embeddable":true,"href":"https:\/\/fh-staging.vengo.cloud\/fr-ch\/wp-json\/wp\/v2\/product_tag?post=13428"},{"taxonomy":"woo-feed-brand","embeddable":true,"href":"https:\/\/fh-staging.vengo.cloud\/fr-ch\/wp-json\/wp\/v2\/woo-feed-brand?post=13428"}],"curies":[{"name":"wp","href":"https:\/\/api.w.org\/{rel}","templated":true}]}}