{"id":13360,"date":"2023-07-04T14:13:11","date_gmt":"2023-07-04T12:13:11","guid":{"rendered":"https:\/\/fh-staging.vengo.cloud\/?product=microgreen-saat-kresse-50gr"},"modified":"2025-05-12T13:59:47","modified_gmt":"2025-05-12T11:59:47","slug":"microgreen-graines-de-cresson-50gr","status":"publish","type":"product","link":"https:\/\/fh-staging.vengo.cloud\/fr-ch\/p\/microgreen-saat-kresse-50gr","title":{"rendered":"Microgreen-Saat 50gr &#8218;Kresse&#8216;"},"content":{"rendered":"<p>Lepidium sativum<br \/>\nCRESSE<\/p>\n<p>Graines \u00e0 germer BIO pour une culture facile et rapide de microgreens toute l'ann\u00e9e<\/p>\n<p>Go\u00fbt \u00e2pre et piquant<\/p>\n<p>Remplir le r\u00e9cipient d'eau jusqu'\u00e0 la hauteur des graines jusqu'\u00e0 ce que la grille soit mouill\u00e9e d'eau par le bas. Placer le r\u00e9cipient dans un endroit clair, \u00e0 l'abri de la lumi\u00e8re directe du soleil. Si n\u00e9cessaire, rajouter de l'eau qui s'est \u00e9vapor\u00e9e. Conseil : faire tremper les graines \u00e0 germer une nuit dans l'eau.<\/p>\n<p>DE-\u00d6KO-013 \/ Agriculture UE<\/p>","protected":false},"excerpt":{"rendered":"<p>Pastilles de germination BIO pour la culture facile et rapide de microgreens tout au long de l'ann\u00e9e.<\/p>","protected":false},"featured_media":46709,"template":"","meta":[],"product_brand":[],"product_cat":[47,1022,1091,797,1019,1018,1088,42,885],"product_tag":[289],"woo-feed-brand":[],"class_list":{"0":"post-13360","1":"product","2":"type-product","3":"status-publish","4":"has-post-thumbnail","6":"product_cat-kuechenaromen","7":"product_cat-brunch","8":"product_cat-hobbykoch","9":"product_cat-muttertag","10":"product_cat-osterbrunch","11":"product_cat-ostern","12":"product_cat-vatertag","13":"product_cat-kueche","14":"product_cat-koestlichkeiten","15":"product_tag-blumengarten-kung-ag","17":"first","18":"instock","19":"taxable","20":"shipping-taxable","21":"purchasable","22":"product-type-simple"},"_links":{"self":[{"href":"https:\/\/fh-staging.vengo.cloud\/fr-ch\/wp-json\/wp\/v2\/product\/13360","targetHints":{"allow":["GET"]}}],"collection":[{"href":"https:\/\/fh-staging.vengo.cloud\/fr-ch\/wp-json\/wp\/v2\/product"}],"about":[{"href":"https:\/\/fh-staging.vengo.cloud\/fr-ch\/wp-json\/wp\/v2\/types\/product"}],"wp:featuredmedia":[{"embeddable":true,"href":"https:\/\/fh-staging.vengo.cloud\/fr-ch\/wp-json\/wp\/v2\/media\/46709"}],"wp:attachment":[{"href":"https:\/\/fh-staging.vengo.cloud\/fr-ch\/wp-json\/wp\/v2\/media?parent=13360"}],"wp:term":[{"taxonomy":"product_brand","embeddable":true,"href":"https:\/\/fh-staging.vengo.cloud\/fr-ch\/wp-json\/wp\/v2\/product_brand?post=13360"},{"taxonomy":"product_cat","embeddable":true,"href":"https:\/\/fh-staging.vengo.cloud\/fr-ch\/wp-json\/wp\/v2\/product_cat?post=13360"},{"taxonomy":"product_tag","embeddable":true,"href":"https:\/\/fh-staging.vengo.cloud\/fr-ch\/wp-json\/wp\/v2\/product_tag?post=13360"},{"taxonomy":"woo-feed-brand","embeddable":true,"href":"https:\/\/fh-staging.vengo.cloud\/fr-ch\/wp-json\/wp\/v2\/woo-feed-brand?post=13360"}],"curies":[{"name":"wp","href":"https:\/\/api.w.org\/{rel}","templated":true}]}}