{"id":13357,"date":"2023-07-04T14:13:09","date_gmt":"2023-07-04T12:13:09","guid":{"rendered":"https:\/\/fh-staging.vengo.cloud\/?product=microgreen-pads-kresse-3-pads"},"modified":"2025-05-12T13:59:49","modified_gmt":"2025-05-12T11:59:49","slug":"microgreen-pads-cresson-3-pads","status":"publish","type":"product","link":"https:\/\/fh-staging.vengo.cloud\/fr-ch\/p\/microgreen-pads-kresse-3-pads","title":{"rendered":"Microgreen-Pads &#8218;Kresse&#8216; &#8211; 3 Pads"},"content":{"rendered":"<p>Lepidium sativum<br \/>\nCRESSE<\/p>\n<p>Go\u00fbt \u00e2pre et piquant<\/p>\n<p>Pastilles de germination BIO pour la culture facile et rapide de microgreens tout au long de l'ann\u00e9e.<\/p>\n<p>Arroser le pad d'eau uniform\u00e9ment et avec pr\u00e9caution et le maintenir constamment humide. Placer le r\u00e9cipient avec le couvercle dans un endroit clair, sans lumi\u00e8re directe du soleil. Enlever le couvercle d\u00e8s que les premi\u00e8res microgreens ont atteint le couvercle.<\/p>\n<p>DE-OKO-003 \/ Agriculture UE<\/p>","protected":false},"excerpt":{"rendered":"<p>Pastilles de germination BIO pour la culture facile et rapide de microgreens tout au long de l'ann\u00e9e.<\/p>","protected":false},"featured_media":46697,"template":"","meta":[],"product_brand":[],"product_cat":[47,1022,1091,797,1088,42,885],"product_tag":[289],"woo-feed-brand":[],"class_list":{"0":"post-13357","1":"product","2":"type-product","3":"status-publish","4":"has-post-thumbnail","6":"product_cat-kuechenaromen","7":"product_cat-brunch","8":"product_cat-hobbykoch","9":"product_cat-muttertag","10":"product_cat-vatertag","11":"product_cat-kueche","12":"product_cat-koestlichkeiten","13":"product_tag-blumengarten-kung-ag","15":"first","16":"instock","17":"taxable","18":"shipping-taxable","19":"purchasable","20":"product-type-simple"},"_links":{"self":[{"href":"https:\/\/fh-staging.vengo.cloud\/fr-ch\/wp-json\/wp\/v2\/product\/13357","targetHints":{"allow":["GET"]}}],"collection":[{"href":"https:\/\/fh-staging.vengo.cloud\/fr-ch\/wp-json\/wp\/v2\/product"}],"about":[{"href":"https:\/\/fh-staging.vengo.cloud\/fr-ch\/wp-json\/wp\/v2\/types\/product"}],"wp:featuredmedia":[{"embeddable":true,"href":"https:\/\/fh-staging.vengo.cloud\/fr-ch\/wp-json\/wp\/v2\/media\/46697"}],"wp:attachment":[{"href":"https:\/\/fh-staging.vengo.cloud\/fr-ch\/wp-json\/wp\/v2\/media?parent=13357"}],"wp:term":[{"taxonomy":"product_brand","embeddable":true,"href":"https:\/\/fh-staging.vengo.cloud\/fr-ch\/wp-json\/wp\/v2\/product_brand?post=13357"},{"taxonomy":"product_cat","embeddable":true,"href":"https:\/\/fh-staging.vengo.cloud\/fr-ch\/wp-json\/wp\/v2\/product_cat?post=13357"},{"taxonomy":"product_tag","embeddable":true,"href":"https:\/\/fh-staging.vengo.cloud\/fr-ch\/wp-json\/wp\/v2\/product_tag?post=13357"},{"taxonomy":"woo-feed-brand","embeddable":true,"href":"https:\/\/fh-staging.vengo.cloud\/fr-ch\/wp-json\/wp\/v2\/woo-feed-brand?post=13357"}],"curies":[{"name":"wp","href":"https:\/\/api.w.org\/{rel}","templated":true}]}}