{"id":13324,"date":"2023-07-04T14:12:54","date_gmt":"2023-07-04T12:12:54","guid":{"rendered":"https:\/\/fh-staging.vengo.cloud\/?product=microgreen-pads-brokkoli-3-coussinets"},"modified":"2025-04-01T05:41:54","modified_gmt":"2025-04-01T03:41:54","slug":"microgreen-pads-brocoli-3-coussinets","status":"publish","type":"product","link":"https:\/\/fh-staging.vengo.cloud\/fr-ch\/p\/microgreen-pads-brokkoli-3-coussinets","title":{"rendered":"Microgreen-Pads &#8218;Brokkoli&#8216; &#8211; 3 coussinets"},"content":{"rendered":"<p>3 pastilles de germination BIO pour cultiver facilement et rapidement des microgreens toute l'ann\u00e9e<\/p>\n<p>DE Arroser le pad d'eau uniform\u00e9ment et avec pr\u00e9caution et le maintenir constamment humide. Placer le r\u00e9cipient avec le couvercle dans un endroit clair, sans lumi\u00e8re directe du soleil. Enlever le couvercle d\u00e8s que les premi\u00e8res microgreens ont atteint le couvercle.<\/p>\n<p>Brassica rapa cymosa*<br \/>\nDE-\u00d6KO-003 \/ Agriculture UE<\/p>","protected":false},"excerpt":{"rendered":"<p>Bio<\/p>","protected":false},"featured_media":46703,"template":"","meta":[],"product_brand":[],"product_cat":[47,42,885],"product_tag":[289],"woo-feed-brand":[],"class_list":{"0":"post-13324","1":"product","2":"type-product","3":"status-publish","4":"has-post-thumbnail","6":"product_cat-kuechenaromen","7":"product_cat-kueche","8":"product_cat-koestlichkeiten","9":"product_tag-blumengarten-kung-ag","11":"first","12":"instock","13":"taxable","14":"shipping-taxable","15":"purchasable","16":"product-type-simple"},"_links":{"self":[{"href":"https:\/\/fh-staging.vengo.cloud\/fr-ch\/wp-json\/wp\/v2\/product\/13324","targetHints":{"allow":["GET"]}}],"collection":[{"href":"https:\/\/fh-staging.vengo.cloud\/fr-ch\/wp-json\/wp\/v2\/product"}],"about":[{"href":"https:\/\/fh-staging.vengo.cloud\/fr-ch\/wp-json\/wp\/v2\/types\/product"}],"wp:featuredmedia":[{"embeddable":true,"href":"https:\/\/fh-staging.vengo.cloud\/fr-ch\/wp-json\/wp\/v2\/media\/46703"}],"wp:attachment":[{"href":"https:\/\/fh-staging.vengo.cloud\/fr-ch\/wp-json\/wp\/v2\/media?parent=13324"}],"wp:term":[{"taxonomy":"product_brand","embeddable":true,"href":"https:\/\/fh-staging.vengo.cloud\/fr-ch\/wp-json\/wp\/v2\/product_brand?post=13324"},{"taxonomy":"product_cat","embeddable":true,"href":"https:\/\/fh-staging.vengo.cloud\/fr-ch\/wp-json\/wp\/v2\/product_cat?post=13324"},{"taxonomy":"product_tag","embeddable":true,"href":"https:\/\/fh-staging.vengo.cloud\/fr-ch\/wp-json\/wp\/v2\/product_tag?post=13324"},{"taxonomy":"woo-feed-brand","embeddable":true,"href":"https:\/\/fh-staging.vengo.cloud\/fr-ch\/wp-json\/wp\/v2\/woo-feed-brand?post=13324"}],"curies":[{"name":"wp","href":"https:\/\/api.w.org\/{rel}","templated":true}]}}