{"id":13321,"date":"2023-07-04T14:12:52","date_gmt":"2023-07-04T12:12:52","guid":{"rendered":"https:\/\/fh-staging.vengo.cloud\/?product=keimsprossen-saat-brokkoli-15gr"},"modified":"2025-04-01T05:41:57","modified_gmt":"2025-04-01T03:41:57","slug":"graines-germees-de-brocoli-15gr","status":"publish","type":"product","link":"https:\/\/fh-staging.vengo.cloud\/fr-ch\/p\/keimsprossen-saat-brokkoli-15gr","title":{"rendered":"Keimsprossen-Saat 15gr &#8218;Brokkoli&#8216;"},"content":{"rendered":"<p>Brassica rapa cymosa<br \/>\nBROKKOLi<\/p>\n<p>Go\u00fbt finement \u00e9pic\u00e9<\/p>\n<p>Placer le r\u00e9cipient dans un endroit clair, sans lumi\u00e8re directe du soleil. Rincer 2 \u00e0 3 fois par jour jusqu'\u00e0 la r\u00e9colte. Conseils : Faire tremper les graines germ\u00e9es une nuit dans de l'eau. Les germes pr\u00eats \u00e0 \u00eatre consomm\u00e9s se conservent quelques jours au r\u00e9frig\u00e9rateur. Elles doivent \u00eatre rinc\u00e9es une nouvelle fois avant d'\u00eatre consomm\u00e9es.<\/p>\n<p>Graines \u00e0 germer BIO pour cultiver toute l'ann\u00e9e, facilement et rapidement, des pousses \u00e0 germer et des microgreens<\/p>\n<p>DE-OKO-013 \/ Agriculture UE<\/p>","protected":false},"excerpt":{"rendered":"<p>Bio<\/p>","protected":false},"featured_media":46715,"template":"","meta":[],"product_brand":[],"product_cat":[47,42,885],"product_tag":[289],"woo-feed-brand":[],"class_list":{"0":"post-13321","1":"product","2":"type-product","3":"status-publish","4":"has-post-thumbnail","6":"product_cat-kuechenaromen","7":"product_cat-kueche","8":"product_cat-koestlichkeiten","9":"product_tag-blumengarten-kung-ag","11":"first","12":"instock","13":"taxable","14":"shipping-taxable","15":"purchasable","16":"product-type-simple"},"_links":{"self":[{"href":"https:\/\/fh-staging.vengo.cloud\/fr-ch\/wp-json\/wp\/v2\/product\/13321","targetHints":{"allow":["GET"]}}],"collection":[{"href":"https:\/\/fh-staging.vengo.cloud\/fr-ch\/wp-json\/wp\/v2\/product"}],"about":[{"href":"https:\/\/fh-staging.vengo.cloud\/fr-ch\/wp-json\/wp\/v2\/types\/product"}],"wp:featuredmedia":[{"embeddable":true,"href":"https:\/\/fh-staging.vengo.cloud\/fr-ch\/wp-json\/wp\/v2\/media\/46715"}],"wp:attachment":[{"href":"https:\/\/fh-staging.vengo.cloud\/fr-ch\/wp-json\/wp\/v2\/media?parent=13321"}],"wp:term":[{"taxonomy":"product_brand","embeddable":true,"href":"https:\/\/fh-staging.vengo.cloud\/fr-ch\/wp-json\/wp\/v2\/product_brand?post=13321"},{"taxonomy":"product_cat","embeddable":true,"href":"https:\/\/fh-staging.vengo.cloud\/fr-ch\/wp-json\/wp\/v2\/product_cat?post=13321"},{"taxonomy":"product_tag","embeddable":true,"href":"https:\/\/fh-staging.vengo.cloud\/fr-ch\/wp-json\/wp\/v2\/product_tag?post=13321"},{"taxonomy":"woo-feed-brand","embeddable":true,"href":"https:\/\/fh-staging.vengo.cloud\/fr-ch\/wp-json\/wp\/v2\/woo-feed-brand?post=13321"}],"curies":[{"name":"wp","href":"https:\/\/api.w.org\/{rel}","templated":true}]}}