{"id":13192,"date":"2023-06-15T12:52:47","date_gmt":"2023-06-15T12:52:47","guid":{"rendered":"https:\/\/fh-staging.vengo.cloud\/?product=reflection-clarity-3-wick-tumbler"},"modified":"2025-04-01T05:43:33","modified_gmt":"2025-04-01T03:43:33","slug":"reflection-clarity-3-wick-tumbler","status":"publish","type":"product","link":"https:\/\/fh-staging.vengo.cloud\/fr-ch\/p\/reflection-clarity-3-wick-tumbler","title":{"rendered":"Reflection + Clarity 3-Wick Tumbler"},"content":{"rendered":"<p>Huiles essentielles inspir\u00e9es des bienfaits de l'aromath\u00e9rapie. M\u00e9lange de cire de soja pour une combustion calme et r\u00e9guli\u00e8re. Magnifique verre d\u00e9poli aux couleurs apaisantes cr\u00e9ant un environnement paisible. Esth\u00e9tique simple et claire avec un couvercle \u00e0 l'aspect bois.\nDur\u00e9e de combustion : 20-24h<br \/>\nDur\u00e9e de combustion : 20-24h<\/p>","protected":false},"excerpt":{"rendered":"<p>Les ar\u00f4mes de sel de mer, de sauge sclar\u00e9e et de cyclamen frais comme la ros\u00e9e purifient l'air avec une fra\u00eecheur inspirante qui ressemble \u00e0 un lever de soleil se refl\u00e9tant sur le rivage. Huiles essentielles : bois de c\u00e8dre, thym, orange, eucalyptus, tangerine, romarin, palo santo, r\u00e9sine de galban.<\/p>","protected":false},"featured_media":13193,"template":"","meta":[],"product_brand":[],"product_cat":[99,23,28],"product_tag":[288],"woo-feed-brand":[],"class_list":{"0":"post-13192","1":"product","2":"type-product","3":"status-publish","4":"has-post-thumbnail","6":"product_cat-duftkerzen","7":"product_cat-home-living","8":"product_cat-kerzen-lichter","9":"product_tag-spirig-kerzen-ag","11":"first","12":"instock","13":"taxable","14":"shipping-taxable","15":"purchasable","16":"product-type-simple"},"_links":{"self":[{"href":"https:\/\/fh-staging.vengo.cloud\/fr-ch\/wp-json\/wp\/v2\/product\/13192","targetHints":{"allow":["GET"]}}],"collection":[{"href":"https:\/\/fh-staging.vengo.cloud\/fr-ch\/wp-json\/wp\/v2\/product"}],"about":[{"href":"https:\/\/fh-staging.vengo.cloud\/fr-ch\/wp-json\/wp\/v2\/types\/product"}],"wp:featuredmedia":[{"embeddable":true,"href":"https:\/\/fh-staging.vengo.cloud\/fr-ch\/wp-json\/wp\/v2\/media\/13193"}],"wp:attachment":[{"href":"https:\/\/fh-staging.vengo.cloud\/fr-ch\/wp-json\/wp\/v2\/media?parent=13192"}],"wp:term":[{"taxonomy":"product_brand","embeddable":true,"href":"https:\/\/fh-staging.vengo.cloud\/fr-ch\/wp-json\/wp\/v2\/product_brand?post=13192"},{"taxonomy":"product_cat","embeddable":true,"href":"https:\/\/fh-staging.vengo.cloud\/fr-ch\/wp-json\/wp\/v2\/product_cat?post=13192"},{"taxonomy":"product_tag","embeddable":true,"href":"https:\/\/fh-staging.vengo.cloud\/fr-ch\/wp-json\/wp\/v2\/product_tag?post=13192"},{"taxonomy":"woo-feed-brand","embeddable":true,"href":"https:\/\/fh-staging.vengo.cloud\/fr-ch\/wp-json\/wp\/v2\/woo-feed-brand?post=13192"}],"curies":[{"name":"wp","href":"https:\/\/api.w.org\/{rel}","templated":true}]}}