{"id":13017,"date":"2023-05-05T12:07:39","date_gmt":"2023-05-05T12:07:39","guid":{"rendered":"https:\/\/fh-staging.vengo.cloud\/?product=black-samurai"},"modified":"2025-04-01T05:49:58","modified_gmt":"2025-04-01T03:49:58","slug":"bottes-de-pluie-black-samurai","status":"publish","type":"product","link":"https:\/\/fh-staging.vengo.cloud\/fr-ch\/p\/regenstiefel-black-samurai","title":{"rendered":"BOTTES DE PLUIE \"BLACK SAMURAI"},"content":{"rendered":"<p style=\"text-align: left;\">Semelle profil\u00e9e &amp; nouvelle languette \u00e0 serrer<\/p>\n<p><span style=\"text-decoration: underline;\">Livr\u00e9 avec :<\/span><\/p>\n<div style=\"text-align: left;\">\n<p>2 paires de lacets suppl\u00e9mentaires : rose clair &amp; noir<\/p>\n<\/div>\n<div style=\"text-align: left;\">\n<p>1 paire de semelles suppl\u00e9mentaires<\/p>\n<p><span style=\"text-decoration: underline;\">Version int\u00e9rieure :<\/span><\/p>\n<\/div>\n<div style=\"text-align: left;\">\n<p>100% coton, noir, insert EVA 5mm<\/p>\n<\/div>\n<div>\n<p style=\"text-align: left;\">100% caoutchouc naturel, 100% \u00e9tanche<\/p>\n<p style=\"text-align: left;\">Hauteur 19 cm<\/p>\n<\/div>","protected":false},"excerpt":{"rendered":"<p>Bottes de pluie pour femmes et hommes.<br \/>\nSemelle profil\u00e9e, Nouvelle languette \u00e0 serrer, \u0152illets renforc\u00e9s, Double bande de renfort (arri\u00e8re), 100% caoutchouc naturel, 100% imperm\u00e9able.<\/p>","protected":false},"featured_media":13018,"template":"","meta":[],"product_brand":[],"product_cat":[39,34,1061],"product_tag":[321],"woo-feed-brand":[],"class_list":{"0":"post-13017","1":"product","2":"type-product","3":"status-publish","4":"has-post-thumbnail","6":"product_cat-gartenzubehoer","7":"product_cat-garten-balkon","8":"product_cat-regenstiefel","9":"product_tag-elvetik-official-store","11":"first","12":"instock","13":"taxable","14":"shipping-taxable","15":"purchasable","16":"product-type-variable"},"_links":{"self":[{"href":"https:\/\/fh-staging.vengo.cloud\/fr-ch\/wp-json\/wp\/v2\/product\/13017","targetHints":{"allow":["GET"]}}],"collection":[{"href":"https:\/\/fh-staging.vengo.cloud\/fr-ch\/wp-json\/wp\/v2\/product"}],"about":[{"href":"https:\/\/fh-staging.vengo.cloud\/fr-ch\/wp-json\/wp\/v2\/types\/product"}],"wp:featuredmedia":[{"embeddable":true,"href":"https:\/\/fh-staging.vengo.cloud\/fr-ch\/wp-json\/wp\/v2\/media\/13018"}],"wp:attachment":[{"href":"https:\/\/fh-staging.vengo.cloud\/fr-ch\/wp-json\/wp\/v2\/media?parent=13017"}],"wp:term":[{"taxonomy":"product_brand","embeddable":true,"href":"https:\/\/fh-staging.vengo.cloud\/fr-ch\/wp-json\/wp\/v2\/product_brand?post=13017"},{"taxonomy":"product_cat","embeddable":true,"href":"https:\/\/fh-staging.vengo.cloud\/fr-ch\/wp-json\/wp\/v2\/product_cat?post=13017"},{"taxonomy":"product_tag","embeddable":true,"href":"https:\/\/fh-staging.vengo.cloud\/fr-ch\/wp-json\/wp\/v2\/product_tag?post=13017"},{"taxonomy":"woo-feed-brand","embeddable":true,"href":"https:\/\/fh-staging.vengo.cloud\/fr-ch\/wp-json\/wp\/v2\/woo-feed-brand?post=13017"}],"curies":[{"name":"wp","href":"https:\/\/api.w.org\/{rel}","templated":true}]}}