{"id":11470,"date":"2023-05-03T07:51:39","date_gmt":"2023-05-03T07:51:39","guid":{"rendered":"https:\/\/fh-staging.vengo.cloud\/?product=warm-cashmere-signature-large-jar"},"modified":"2025-04-01T05:53:43","modified_gmt":"2025-04-01T03:53:43","slug":"warm-cashmere-signature-large-jar","status":"publish","type":"product","link":"https:\/\/fh-staging.vengo.cloud\/fr-ch\/p\/warm-cashmere-signature-large-jar","title":{"rendered":"Warm Cashmere Signature Grand pot"},"content":{"rendered":"<p>D\u00e9couvre la marque Yankee Candle\u00ae sous un tout nouveau jour. Deux m\u00e8ches de coton et un m\u00e9lange de cire de soja de premi\u00e8re qualit\u00e9 cr\u00e9ent une ambiance magnifique. La bougie parfum\u00e9e en forme de verre \u00e0 boire qui peut \u00eatre r\u00e9utilis\u00e9e.\nDur\u00e9e de combustion : 60-90h<\/p>\n<p>Dur\u00e9e de combustion : 60-90h<\/p>","protected":false},"excerpt":{"rendered":"<p>Envelopp\u00e9 dans un m\u00e9lange luxueux de bois de santal apaisant et de patchouli exotique.<\/p>","protected":false},"featured_media":11471,"template":"","meta":[],"product_brand":[],"product_cat":[99,23,28],"product_tag":[288],"woo-feed-brand":[],"class_list":{"0":"post-11470","1":"product","2":"type-product","3":"status-publish","4":"has-post-thumbnail","6":"product_cat-duftkerzen","7":"product_cat-home-living","8":"product_cat-kerzen-lichter","9":"product_tag-spirig-kerzen-ag","11":"first","12":"instock","13":"taxable","14":"shipping-taxable","15":"purchasable","16":"product-type-simple"},"_links":{"self":[{"href":"https:\/\/fh-staging.vengo.cloud\/fr-ch\/wp-json\/wp\/v2\/product\/11470","targetHints":{"allow":["GET"]}}],"collection":[{"href":"https:\/\/fh-staging.vengo.cloud\/fr-ch\/wp-json\/wp\/v2\/product"}],"about":[{"href":"https:\/\/fh-staging.vengo.cloud\/fr-ch\/wp-json\/wp\/v2\/types\/product"}],"wp:featuredmedia":[{"embeddable":true,"href":"https:\/\/fh-staging.vengo.cloud\/fr-ch\/wp-json\/wp\/v2\/media\/11471"}],"wp:attachment":[{"href":"https:\/\/fh-staging.vengo.cloud\/fr-ch\/wp-json\/wp\/v2\/media?parent=11470"}],"wp:term":[{"taxonomy":"product_brand","embeddable":true,"href":"https:\/\/fh-staging.vengo.cloud\/fr-ch\/wp-json\/wp\/v2\/product_brand?post=11470"},{"taxonomy":"product_cat","embeddable":true,"href":"https:\/\/fh-staging.vengo.cloud\/fr-ch\/wp-json\/wp\/v2\/product_cat?post=11470"},{"taxonomy":"product_tag","embeddable":true,"href":"https:\/\/fh-staging.vengo.cloud\/fr-ch\/wp-json\/wp\/v2\/product_tag?post=11470"},{"taxonomy":"woo-feed-brand","embeddable":true,"href":"https:\/\/fh-staging.vengo.cloud\/fr-ch\/wp-json\/wp\/v2\/woo-feed-brand?post=11470"}],"curies":[{"name":"wp","href":"https:\/\/api.w.org\/{rel}","templated":true}]}}