{"id":10982,"date":"2023-05-03T07:34:02","date_gmt":"2023-05-03T07:34:02","guid":{"rendered":"https:\/\/fh-staging.vengo.cloud\/?product=solar-ylang-large-jar"},"modified":"2025-04-01T06:02:46","modified_gmt":"2025-04-01T04:02:46","slug":"solar-ylang-large-jar","status":"publish","type":"product","link":"https:\/\/fh-staging.vengo.cloud\/fr-ch\/p\/solar-ylang-large-jar","title":{"rendered":"Solar Ylang Large Jar"},"content":{"rendered":"<p>Les bougies sp\u00e9ciales en forme de sablier remplissent ta maison de doux cr\u00e9pitements et de parfums accueillants de WoodWick. Les bougies se distinguent par un design propre et moderne et une forme \u00e9l\u00e9gante.\nDur\u00e9e de combustion : 55-65h<\/p>\n<p>Dur\u00e9e de combustion : 110-120h<\/p>","protected":false},"excerpt":{"rendered":"<p>Bergamote fra\u00eeche dans un doux bouquet blanc de jasmin, tub\u00e9reuse et ylang-ylang. Fini avec du musc et du bois de santal cr\u00e9meux.<\/p>","protected":false},"featured_media":10983,"template":"","meta":[],"product_brand":[],"product_cat":[99,23,28],"product_tag":[288],"woo-feed-brand":[],"class_list":{"0":"post-10982","1":"product","2":"type-product","3":"status-publish","4":"has-post-thumbnail","6":"product_cat-duftkerzen","7":"product_cat-home-living","8":"product_cat-kerzen-lichter","9":"product_tag-spirig-kerzen-ag","11":"first","12":"instock","13":"taxable","14":"shipping-taxable","15":"purchasable","16":"product-type-simple"},"_links":{"self":[{"href":"https:\/\/fh-staging.vengo.cloud\/fr-ch\/wp-json\/wp\/v2\/product\/10982","targetHints":{"allow":["GET"]}}],"collection":[{"href":"https:\/\/fh-staging.vengo.cloud\/fr-ch\/wp-json\/wp\/v2\/product"}],"about":[{"href":"https:\/\/fh-staging.vengo.cloud\/fr-ch\/wp-json\/wp\/v2\/types\/product"}],"wp:featuredmedia":[{"embeddable":true,"href":"https:\/\/fh-staging.vengo.cloud\/fr-ch\/wp-json\/wp\/v2\/media\/10983"}],"wp:attachment":[{"href":"https:\/\/fh-staging.vengo.cloud\/fr-ch\/wp-json\/wp\/v2\/media?parent=10982"}],"wp:term":[{"taxonomy":"product_brand","embeddable":true,"href":"https:\/\/fh-staging.vengo.cloud\/fr-ch\/wp-json\/wp\/v2\/product_brand?post=10982"},{"taxonomy":"product_cat","embeddable":true,"href":"https:\/\/fh-staging.vengo.cloud\/fr-ch\/wp-json\/wp\/v2\/product_cat?post=10982"},{"taxonomy":"product_tag","embeddable":true,"href":"https:\/\/fh-staging.vengo.cloud\/fr-ch\/wp-json\/wp\/v2\/product_tag?post=10982"},{"taxonomy":"woo-feed-brand","embeddable":true,"href":"https:\/\/fh-staging.vengo.cloud\/fr-ch\/wp-json\/wp\/v2\/woo-feed-brand?post=10982"}],"curies":[{"name":"wp","href":"https:\/\/api.w.org\/{rel}","templated":true}]}}