{"id":10833,"date":"2023-05-03T07:33:13","date_gmt":"2023-05-03T07:33:13","guid":{"rendered":"https:\/\/fh-staging.vengo.cloud\/?product=evening-onyx-medium-jar"},"modified":"2025-05-12T11:31:54","modified_gmt":"2025-05-12T09:31:54","slug":"evening-onyx-medium-jar","status":"publish","type":"product","link":"https:\/\/fh-staging.vengo.cloud\/fr-ch\/p\/evening-onyx-medium-jar","title":{"rendered":"Evening Onyx Medium Jar"},"content":{"rendered":"<p>Les bougies sp\u00e9ciales en forme de sablier remplissent ta maison de doux cr\u00e9pitements et de parfums accueillants de WoodWick. Les bougies se distinguent par un design propre et moderne et une forme \u00e9l\u00e9gante.\nDur\u00e9e de combustion : 55-65h<\/p>\n<p>Dur\u00e9e de combustion : 55-65h<\/p>","protected":false},"excerpt":{"rendered":"<p>Cette profonde diversit\u00e9 de feuilles de jasmin, d'orchid\u00e9e noire et de bois de santal, un tr\u00e9sor myst\u00e9rieux pour nos sens.<\/p>","protected":false},"featured_media":10834,"template":"","meta":[],"product_brand":[],"product_cat":[99,23,1088,1092,28],"product_tag":[288],"woo-feed-brand":[],"class_list":{"0":"post-10833","1":"product","2":"type-product","3":"status-publish","4":"has-post-thumbnail","6":"product_cat-duftkerzen","7":"product_cat-home-living","8":"product_cat-vatertag","9":"product_cat-wohlfuehltyp","10":"product_cat-kerzen-lichter","11":"product_tag-spirig-kerzen-ag","13":"first","14":"instock","15":"taxable","16":"shipping-taxable","17":"purchasable","18":"product-type-simple"},"_links":{"self":[{"href":"https:\/\/fh-staging.vengo.cloud\/fr-ch\/wp-json\/wp\/v2\/product\/10833","targetHints":{"allow":["GET"]}}],"collection":[{"href":"https:\/\/fh-staging.vengo.cloud\/fr-ch\/wp-json\/wp\/v2\/product"}],"about":[{"href":"https:\/\/fh-staging.vengo.cloud\/fr-ch\/wp-json\/wp\/v2\/types\/product"}],"wp:featuredmedia":[{"embeddable":true,"href":"https:\/\/fh-staging.vengo.cloud\/fr-ch\/wp-json\/wp\/v2\/media\/10834"}],"wp:attachment":[{"href":"https:\/\/fh-staging.vengo.cloud\/fr-ch\/wp-json\/wp\/v2\/media?parent=10833"}],"wp:term":[{"taxonomy":"product_brand","embeddable":true,"href":"https:\/\/fh-staging.vengo.cloud\/fr-ch\/wp-json\/wp\/v2\/product_brand?post=10833"},{"taxonomy":"product_cat","embeddable":true,"href":"https:\/\/fh-staging.vengo.cloud\/fr-ch\/wp-json\/wp\/v2\/product_cat?post=10833"},{"taxonomy":"product_tag","embeddable":true,"href":"https:\/\/fh-staging.vengo.cloud\/fr-ch\/wp-json\/wp\/v2\/product_tag?post=10833"},{"taxonomy":"woo-feed-brand","embeddable":true,"href":"https:\/\/fh-staging.vengo.cloud\/fr-ch\/wp-json\/wp\/v2\/woo-feed-brand?post=10833"}],"curies":[{"name":"wp","href":"https:\/\/api.w.org\/{rel}","templated":true}]}}