{"id":10741,"date":"2023-04-25T08:47:44","date_gmt":"2023-04-25T08:47:44","guid":{"rendered":"https:\/\/fh-staging.vengo.cloud\/?product=schokoladengeschenkbox-crazy-mixes"},"modified":"2026-01-12T13:50:24","modified_gmt":"2026-01-12T12:50:24","slug":"coffret-cadeau-chocolat-crazy-mixes","status":"publish","type":"product","link":"https:\/\/fh-staging.vengo.cloud\/fr-ch\/p\/schokoladengeschenkbox-crazy-mixes","title":{"rendered":"Coffret cadeau chocolat Crazy Mixes"},"content":{"rendered":"<p>Tu as oubli\u00e9 ton anniversaire de mariage ? F\u00e2ch\u00e9 avec quelqu'un ? Ou tu veux simplement montrer \u00e0 tes proches \u00e0 quel point tu les aimes ? A une \u00e9poque o\u00f9 tout le monde a d\u00e9j\u00e0 tout, cela fait plaisir d'offrir des moments de pur plaisir.<\/p>\n<p style=\"text-align: left;\">Avec la bo\u00eete cadeau Taucherli Crazy Mixes, tu peux faire plaisir \u00e0 tous les amateurs de chocolat. Nos tablettes sont fabriqu\u00e9es selon le proc\u00e9d\u00e9 Bean-to-Bar. Cela signifie que le chocolat est produit en une seule fois, de la f\u00e8ve de cacao \u00e0 la tablette. La bo\u00eete cadeau contient neuf tablettes de chocolat diff\u00e9rentes. Parmi elles, une tablette de chocolat blanc au go\u00fbt de caramel qui rappelle une Niedelt\u00e4feli, ainsi que diff\u00e9rentes tablettes de lait et de chocolat noir. En plus des tablettes classiques au lait et \u00e0 l'amertume, il existe aussi quelques variantes originales. Par exemple, avec des Pop Rocks qui commencent \u00e0 cr\u00e9piter dans la bouche et \u00e0 faire na\u00eetre un sourire sur le visage. La tablette Raps avec des graines de colza grill\u00e9es de Juchhof, qui donnent \u00e0 la tablette un ar\u00f4me de noix et le croquant n\u00e9cessaire. Ou La Donna, o\u00f9 le bouquet de fleurs se trouve directement sur le chocolat. En effet, la tablette est saupoudr\u00e9e de p\u00e9tales de rose de Birmensdorf et agr\u00e9ment\u00e9e de noisettes et de framboises.<\/p>\n<p style=\"text-align: left;\">Cette bo\u00eete cadeau contient ces neuf tablettes :<\/p>\n<p style=\"text-align: left;\">- Le lait<\/p>\n<p style=\"text-align: left;\">- Noir (avec une teneur en cacao d'au moins 69%)<\/p>\n<p style=\"text-align: left;\">- Petazeta<\/p>\n<p style=\"text-align: left;\">- Petazeta Dark<\/p>\n<p style=\"text-align: left;\">- Le colza<\/p>\n<p style=\"text-align: left;\">- L'or<\/p>\n<p style=\"text-align: left;\">- La Donna<\/p>\n<p style=\"text-align: left;\">- Le ma\u00efs<\/p>\n<p style=\"text-align: left;\">- Ruby<\/p>\n<p style=\"text-align: left;\"><a href=\"https:\/\/taucherli.sharepoint.com\/:b:\/s\/premiumswisschocolateGmbH\/EbcPS_5YHVpIo3hc2nhPf_AB5KPwjxjhutJvMSVX0HBMJA?e=4B2tm4\" target=\"_blank\" rel=\"noopener\">Ingr\u00e9dients et valeurs nutritives<\/a><\/p>\n<p style=\"text-align: left;\">","protected":false},"excerpt":{"rendered":"<p>avec 9 tablettes de chocolat diff\u00e9rentes<\/p>","protected":false},"featured_media":36770,"template":"","meta":[],"product_brand":[],"product_cat":[114,1001,984,993,999,909,916,42,885,52,54],"product_tag":[320],"woo-feed-brand":[],"class_list":{"0":"post-10741","1":"product","2":"type-product","3":"status-publish","4":"has-post-thumbnail","6":"product_cat-schokolade-sweets","7":"product_cat-leckereien","8":"product_cat-silvester","9":"product_cat-silvestergeschenke","10":"product_cat-valentinstag","11":"product_cat-weihnachten","12":"product_cat-praesente","13":"product_cat-kueche","14":"product_cat-koestlichkeiten","15":"product_cat-geschenke","16":"product_cat-feinkost","17":"product_tag-taucherli-premium-swiss-chocolate-gmbh","19":"first","20":"instock","21":"taxable","22":"shipping-taxable","23":"purchasable","24":"product-type-simple"},"_links":{"self":[{"href":"https:\/\/fh-staging.vengo.cloud\/fr-ch\/wp-json\/wp\/v2\/product\/10741","targetHints":{"allow":["GET"]}}],"collection":[{"href":"https:\/\/fh-staging.vengo.cloud\/fr-ch\/wp-json\/wp\/v2\/product"}],"about":[{"href":"https:\/\/fh-staging.vengo.cloud\/fr-ch\/wp-json\/wp\/v2\/types\/product"}],"wp:featuredmedia":[{"embeddable":true,"href":"https:\/\/fh-staging.vengo.cloud\/fr-ch\/wp-json\/wp\/v2\/media\/36770"}],"wp:attachment":[{"href":"https:\/\/fh-staging.vengo.cloud\/fr-ch\/wp-json\/wp\/v2\/media?parent=10741"}],"wp:term":[{"taxonomy":"product_brand","embeddable":true,"href":"https:\/\/fh-staging.vengo.cloud\/fr-ch\/wp-json\/wp\/v2\/product_brand?post=10741"},{"taxonomy":"product_cat","embeddable":true,"href":"https:\/\/fh-staging.vengo.cloud\/fr-ch\/wp-json\/wp\/v2\/product_cat?post=10741"},{"taxonomy":"product_tag","embeddable":true,"href":"https:\/\/fh-staging.vengo.cloud\/fr-ch\/wp-json\/wp\/v2\/product_tag?post=10741"},{"taxonomy":"woo-feed-brand","embeddable":true,"href":"https:\/\/fh-staging.vengo.cloud\/fr-ch\/wp-json\/wp\/v2\/woo-feed-brand?post=10741"}],"curies":[{"name":"wp","href":"https:\/\/api.w.org\/{rel}","templated":true}]}}