{"id":10189,"date":"2023-03-06T15:35:20","date_gmt":"2023-03-06T14:35:20","guid":{"rendered":"https:\/\/fh-staging.vengo.cloud\/?product=entenfedern-natur-box-a-45gr"},"modified":"2025-10-22T11:21:00","modified_gmt":"2025-10-22T09:21:00","slug":"plumes-de-poule-nature-boite-a-45gr","status":"publish","type":"product","link":"https:\/\/fh-staging.vengo.cloud\/fr-ch\/p\/entenfedern-natur-box-a-45gr","title":{"rendered":"Entenfedern &#8217;natur&#8216;, Box \u00e0 45gr"},"content":{"rendered":"<p style=\"text-align: left\">V\u00e9ritables plumes de canard naturelles.<br \/>\nDe belles plumes d\u00e9coratives, id\u00e9ales aussi pour la transformation et le bricolage.<\/p>\n<p>Les plumes sont un symbole populaire de P\u00e2ques.<\/p>\n<p>Elles rappellent l'\u00e9veil printanier et la nouvelle naissance. Dans de nombreuses cultures et traditions, les plumes sont utilis\u00e9es \u00e0 cette occasion, que ce soit pour d\u00e9corer les bouquets de P\u00e2ques ou comme d\u00e9coration de P\u00e2ques.<\/p>","protected":false},"excerpt":{"rendered":"<p>De belles plumes d\u00e9coratives, id\u00e9ales aussi pour la transformation et le bricolage.<\/p>","protected":false},"featured_media":10190,"template":"","meta":[],"product_brand":[],"product_cat":[29,23,1196,1021,1018],"product_tag":[289],"woo-feed-brand":[],"class_list":{"0":"post-10189","1":"product","2":"type-product","3":"status-publish","4":"has-post-thumbnail","6":"product_cat-do-it-yourself","7":"product_cat-home-living","8":"product_cat-natur-deko","9":"product_cat-osterdeko","10":"product_cat-ostern","11":"product_tag-blumengarten-kung-ag","13":"first","14":"instock","15":"taxable","16":"shipping-taxable","17":"purchasable","18":"product-type-simple"},"_links":{"self":[{"href":"https:\/\/fh-staging.vengo.cloud\/fr-ch\/wp-json\/wp\/v2\/product\/10189","targetHints":{"allow":["GET"]}}],"collection":[{"href":"https:\/\/fh-staging.vengo.cloud\/fr-ch\/wp-json\/wp\/v2\/product"}],"about":[{"href":"https:\/\/fh-staging.vengo.cloud\/fr-ch\/wp-json\/wp\/v2\/types\/product"}],"wp:featuredmedia":[{"embeddable":true,"href":"https:\/\/fh-staging.vengo.cloud\/fr-ch\/wp-json\/wp\/v2\/media\/10190"}],"wp:attachment":[{"href":"https:\/\/fh-staging.vengo.cloud\/fr-ch\/wp-json\/wp\/v2\/media?parent=10189"}],"wp:term":[{"taxonomy":"product_brand","embeddable":true,"href":"https:\/\/fh-staging.vengo.cloud\/fr-ch\/wp-json\/wp\/v2\/product_brand?post=10189"},{"taxonomy":"product_cat","embeddable":true,"href":"https:\/\/fh-staging.vengo.cloud\/fr-ch\/wp-json\/wp\/v2\/product_cat?post=10189"},{"taxonomy":"product_tag","embeddable":true,"href":"https:\/\/fh-staging.vengo.cloud\/fr-ch\/wp-json\/wp\/v2\/product_tag?post=10189"},{"taxonomy":"woo-feed-brand","embeddable":true,"href":"https:\/\/fh-staging.vengo.cloud\/fr-ch\/wp-json\/wp\/v2\/woo-feed-brand?post=10189"}],"curies":[{"name":"wp","href":"https:\/\/api.w.org\/{rel}","templated":true}]}}