{"id":10145,"date":"2023-01-26T14:11:55","date_gmt":"2023-01-26T13:11:55","guid":{"rendered":"https:\/\/fh-staging.vengo.cloud\/?product=avelines-milch-herz-150g"},"modified":"2026-01-12T13:51:05","modified_gmt":"2026-01-12T12:51:05","slug":"avelines-lait-coeur-150g","status":"publish","type":"product","link":"https:\/\/fh-staging.vengo.cloud\/fr-ch\/p\/avelines-milch-herz-150g","title":{"rendered":"Avelines lait coeur 150g"},"content":{"rendered":"<p style=\"text-align: left;\">La bo\u00eete Avelines en forme de c\u0153ur remplie des d\u00e9licieuses pralines Avelines au chocolat au lait de noisette Gianduja. Le cadeau parfait pour ceux que tu aimes.<\/p>\n<p>Fabriqu\u00e9 en Suisse par Maestrani Chocolats Suisses SA.<\/p>\n<p><strong>Ingr\u00e9dients :<br \/>\n<\/strong>chocolat au lait aux noisettes : sucre, noisettes, lait entier en poudre, beurre de cacao, p\u00e2te de cacao, amandes, vanille bourbon<\/p>\n<p>Infos pour les personnes allergiques : peut contenir du SOJA<\/p>\n<p>Cacao : 26% minimum dans le chocolat<\/p>\n<p><strong>Valeur nutritive :<\/strong><\/p>\n<table width=\"349\">\n<tbody>\n<tr>\n<td><span lang=\"FR-CH\">Valeur \u00e9nerg\u00e9tique<\/span><\/td>\n<td>2367 kJ (569 kcal)<\/td>\n<\/tr>\n<tr>\n<td>Graisse<\/td>\n<td>38 g<\/td>\n<\/tr>\n<tr>\n<td>dont acides gras satur\u00e9s<\/td>\n<td>12 g<\/td>\n<\/tr>\n<tr>\n<td>Hydrates de carbone<\/td>\n<td>45 g<\/td>\n<\/tr>\n<tr>\n<td>dont sucre<\/td>\n<td>43 g<\/td>\n<\/tr>\n<tr>\n<td>Prot\u00e9ines<\/td>\n<td>9 g<\/td>\n<\/tr>\n<tr>\n<td>Sel<\/td>\n<td>0.13g<\/td>\n<\/tr>\n<\/tbody>\n<\/table>","protected":false},"excerpt":{"rendered":"<p>Avelines lait coeur 150g<\/p>","protected":false},"featured_media":36511,"template":"","meta":[],"product_brand":[],"product_cat":[54,1001,1207,999,909,915,42,114,885,52],"product_tag":[285],"woo-feed-brand":[],"class_list":{"0":"post-10145","1":"product","2":"type-product","3":"status-publish","4":"has-post-thumbnail","6":"product_cat-feinkost","7":"product_cat-leckereien","8":"product_cat-unter-25-chf","9":"product_cat-valentinstag","10":"product_cat-weihnachten","11":"product_cat-wichteln","12":"product_cat-kueche","13":"product_cat-schokolade-sweets","14":"product_cat-koestlichkeiten","15":"product_cat-geschenke","16":"product_tag-maestrani-schweizer-schokoladen-ag","18":"first","19":"instock","20":"taxable","21":"shipping-taxable","22":"purchasable","23":"product-type-simple"},"_links":{"self":[{"href":"https:\/\/fh-staging.vengo.cloud\/fr-ch\/wp-json\/wp\/v2\/product\/10145","targetHints":{"allow":["GET"]}}],"collection":[{"href":"https:\/\/fh-staging.vengo.cloud\/fr-ch\/wp-json\/wp\/v2\/product"}],"about":[{"href":"https:\/\/fh-staging.vengo.cloud\/fr-ch\/wp-json\/wp\/v2\/types\/product"}],"wp:featuredmedia":[{"embeddable":true,"href":"https:\/\/fh-staging.vengo.cloud\/fr-ch\/wp-json\/wp\/v2\/media\/36511"}],"wp:attachment":[{"href":"https:\/\/fh-staging.vengo.cloud\/fr-ch\/wp-json\/wp\/v2\/media?parent=10145"}],"wp:term":[{"taxonomy":"product_brand","embeddable":true,"href":"https:\/\/fh-staging.vengo.cloud\/fr-ch\/wp-json\/wp\/v2\/product_brand?post=10145"},{"taxonomy":"product_cat","embeddable":true,"href":"https:\/\/fh-staging.vengo.cloud\/fr-ch\/wp-json\/wp\/v2\/product_cat?post=10145"},{"taxonomy":"product_tag","embeddable":true,"href":"https:\/\/fh-staging.vengo.cloud\/fr-ch\/wp-json\/wp\/v2\/product_tag?post=10145"},{"taxonomy":"woo-feed-brand","embeddable":true,"href":"https:\/\/fh-staging.vengo.cloud\/fr-ch\/wp-json\/wp\/v2\/woo-feed-brand?post=10145"}],"curies":[{"name":"wp","href":"https:\/\/api.w.org\/{rel}","templated":true}]}}