{"id":10080,"date":"2023-01-26T06:50:06","date_gmt":"2023-01-26T06:50:06","guid":{"rendered":"https:\/\/fh-staging.vengo.cloud\/?product=berry-orange-pink-120cm"},"modified":"2025-04-01T06:12:31","modified_gmt":"2025-04-01T04:12:31","slug":"berry-orange-rose-120cm","status":"publish","type":"product","link":"https:\/\/fh-staging.vengo.cloud\/fr-ch\/p\/berry-orange-pink-120cm","title":{"rendered":"Berry orange, rose 120cm"},"content":{"rendered":"<p style=\"text-align: left\">La fleur en soie est la d\u00e9coration id\u00e9ale pour elle et lui. Une fois install\u00e9e, tu peux en profiter pleinement sans autre entretien.<\/p>\n<p style=\"text-align: left\">Dimensions : 120cm de long<\/p>","protected":false},"excerpt":{"rendered":"<p>Fleur de soie, \u00e9tonnamment authentique.<\/p>","protected":false},"featured_media":10081,"template":"","meta":[],"product_brand":[],"product_cat":[107,23,26],"product_tag":[284],"woo-feed-brand":[],"class_list":{"0":"post-10080","1":"product","2":"type-product","3":"status-publish","4":"has-post-thumbnail","6":"product_cat-kunstblumen","7":"product_cat-home-living","8":"product_cat-blumen-pflanzen","9":"product_tag-blume-3000","11":"first","12":"instock","13":"taxable","14":"shipping-taxable","15":"purchasable","16":"product-type-simple"},"_links":{"self":[{"href":"https:\/\/fh-staging.vengo.cloud\/fr-ch\/wp-json\/wp\/v2\/product\/10080","targetHints":{"allow":["GET"]}}],"collection":[{"href":"https:\/\/fh-staging.vengo.cloud\/fr-ch\/wp-json\/wp\/v2\/product"}],"about":[{"href":"https:\/\/fh-staging.vengo.cloud\/fr-ch\/wp-json\/wp\/v2\/types\/product"}],"wp:featuredmedia":[{"embeddable":true,"href":"https:\/\/fh-staging.vengo.cloud\/fr-ch\/wp-json\/wp\/v2\/media\/10081"}],"wp:attachment":[{"href":"https:\/\/fh-staging.vengo.cloud\/fr-ch\/wp-json\/wp\/v2\/media?parent=10080"}],"wp:term":[{"taxonomy":"product_brand","embeddable":true,"href":"https:\/\/fh-staging.vengo.cloud\/fr-ch\/wp-json\/wp\/v2\/product_brand?post=10080"},{"taxonomy":"product_cat","embeddable":true,"href":"https:\/\/fh-staging.vengo.cloud\/fr-ch\/wp-json\/wp\/v2\/product_cat?post=10080"},{"taxonomy":"product_tag","embeddable":true,"href":"https:\/\/fh-staging.vengo.cloud\/fr-ch\/wp-json\/wp\/v2\/product_tag?post=10080"},{"taxonomy":"woo-feed-brand","embeddable":true,"href":"https:\/\/fh-staging.vengo.cloud\/fr-ch\/wp-json\/wp\/v2\/woo-feed-brand?post=10080"}],"curies":[{"name":"wp","href":"https:\/\/api.w.org\/{rel}","templated":true}]}}