{"id":2564,"date":"2023-12-11T16:32:41","date_gmt":"2023-12-11T15:32:41","guid":{"rendered":"https:\/\/fh-staging.vengo.cloud\/?page_id=2564"},"modified":"2024-04-17T15:42:43","modified_gmt":"2024-04-17T13:42:43","slug":"mentions-legales","status":"publish","type":"page","link":"https:\/\/fh-staging.vengo.cloud\/fr-ch\/impressum","title":{"rendered":"Mentions l\u00e9gales"},"content":{"rendered":"<div data-elementor-type=\"wp-page\" data-elementor-id=\"2564\" class=\"elementor elementor-2564\" data-elementor-settings=\"{&quot;ha_cmc_init_switcher&quot;:&quot;no&quot;}\" data-elementor-post-type=\"page\">\n\t\t\t\t<div class=\"elementor-element elementor-element-37716ada e-flex e-con-boxed e-con e-parent\" data-id=\"37716ada\" data-element_type=\"container\" data-e-type=\"container\" data-settings=\"{&quot;_ha_eqh_enable&quot;:false}\">\n\t\t\t\t\t<div class=\"e-con-inner\">\n\t\t\t\t<div class=\"elementor-element elementor-element-3c3ae62 elementor-widget elementor-widget-spacer\" data-id=\"3c3ae62\" data-element_type=\"widget\" data-e-type=\"widget\" data-widget_type=\"spacer.default\">\n\t\t\t\t<div class=\"elementor-widget-container\">\n\t\t\t\t\t\t\t<div class=\"elementor-spacer\">\n\t\t\t<div class=\"elementor-spacer-inner\"><\/div>\n\t\t<\/div>\n\t\t\t\t\t\t<\/div>\n\t\t\t\t<\/div>\n\t\t\t\t<div class=\"elementor-element elementor-element-359da9a elementor-widget elementor-widget-heading\" data-id=\"359da9a\" data-element_type=\"widget\" data-e-type=\"widget\" data-widget_type=\"heading.default\">\n\t\t\t\t<div class=\"elementor-widget-container\">\n\t\t\t\t\t<h2 class=\"elementor-heading-title elementor-size-default\">Fleurop-Interflora (Schweiz) AG<\/h2>\t\t\t\t<\/div>\n\t\t\t\t<\/div>\n\t\t\t\t<div class=\"elementor-element elementor-element-ccdd493 elementor-widget elementor-widget-spacer\" data-id=\"ccdd493\" data-element_type=\"widget\" data-e-type=\"widget\" data-widget_type=\"spacer.default\">\n\t\t\t\t<div class=\"elementor-widget-container\">\n\t\t\t\t\t\t\t<div class=\"elementor-spacer\">\n\t\t\t<div class=\"elementor-spacer-inner\"><\/div>\n\t\t<\/div>\n\t\t\t\t\t\t<\/div>\n\t\t\t\t<\/div>\n\t\t\t\t<div class=\"elementor-element elementor-element-19724da6 elementor-widget elementor-widget-text-editor\" data-id=\"19724da6\" data-element_type=\"widget\" data-e-type=\"widget\" data-widget_type=\"text-editor.default\">\n\t\t\t\t<div class=\"elementor-widget-container\">\n\t\t\t\t\t\t\t\t\t<p><span style=\"font-family: var( --e-global-typography-text-font-family ), Sans-serif;font-size: var( --e-global-typography-text-font-size );text-align: var(--text-align)\"><strong>FleuropHOME<\/strong><br \/><\/span>4, rue F\u00f6rliwiesen<br \/>CH-8602 Wangen b. D\u00fcbendorf<\/p><p><span style=\"font-family: var( --e-global-typography-text-font-family ), Sans-serif;font-size: var( --e-global-typography-text-font-size );text-align: var(--text-align)\">E-mail : <a href=\"mailto:info@fleurop-home.ch\" target=\"_blank\" rel=\"noopener\">info@fleurop-home.ch<\/a><br \/>T\u00e9l\u00e9phone : +41 44 751 82 87<br \/><\/span><\/p><p><strong style=\"font-family: var( --e-global-typography-text-font-family ), Sans-serif;font-size: var( --e-global-typography-text-font-size );text-align: var(--text-align)\">Coordonn\u00e9es bancaires :<br \/><\/strong><span style=\"font-family: var( --e-global-typography-text-font-family ), Sans-serif;font-size: var( --e-global-typography-text-font-size );text-align: var(--text-align)\">Cr\u00e9dit Suisse, 8070 Zurich, clearing 4835<br \/><\/span>SWIFT : CRESCHZZ80A<br \/>IBAN : CH05 0483 5048 1056 6100 0<br \/>N\u00b0 de TVA CHE-106.636.065 TVA<\/p>\t\t\t\t\t\t\t\t<\/div>\n\t\t\t\t<\/div>\n\t\t\t\t\t<\/div>\n\t\t\t\t<\/div>\n\t\t\t\t<\/div>","protected":false},"excerpt":{"rendered":"<p>Fleurop-Interflora (Suisse) SA FleuropHOMEF\u00f6rliwiesenstrasse 4CH-8602 Wangen b. D\u00fcbendorf E-Mail : info@fleurop-home.chTelefon : +41 44 751 82 87 Coordonn\u00e9es bancaires:Cr\u00e9dit Suisse, 8070 Z\u00fcrich, Clearing 4835SWIFT : CRESCHZZ80AIBAN : CH05 0483 5048 1056 6100 0Num\u00e9ro de TVA CHE-106.636.065 TVA<\/p>","protected":false},"author":4,"featured_media":0,"parent":0,"menu_order":0,"comment_status":"closed","ping_status":"closed","template":"","meta":{"footnotes":""},"class_list":["post-2564","page","type-page","status-publish","hentry"],"_links":{"self":[{"href":"https:\/\/fh-staging.vengo.cloud\/fr-ch\/wp-json\/wp\/v2\/pages\/2564","targetHints":{"allow":["GET"]}}],"collection":[{"href":"https:\/\/fh-staging.vengo.cloud\/fr-ch\/wp-json\/wp\/v2\/pages"}],"about":[{"href":"https:\/\/fh-staging.vengo.cloud\/fr-ch\/wp-json\/wp\/v2\/types\/page"}],"author":[{"embeddable":true,"href":"https:\/\/fh-staging.vengo.cloud\/fr-ch\/wp-json\/wp\/v2\/users\/4"}],"replies":[{"embeddable":true,"href":"https:\/\/fh-staging.vengo.cloud\/fr-ch\/wp-json\/wp\/v2\/comments?post=2564"}],"version-history":[{"count":0,"href":"https:\/\/fh-staging.vengo.cloud\/fr-ch\/wp-json\/wp\/v2\/pages\/2564\/revisions"}],"wp:attachment":[{"href":"https:\/\/fh-staging.vengo.cloud\/fr-ch\/wp-json\/wp\/v2\/media?parent=2564"}],"curies":[{"name":"wp","href":"https:\/\/api.w.org\/{rel}","templated":true}]}}