{"id":9937,"date":"2022-12-14T11:11:10","date_gmt":"2022-12-14T10:11:10","guid":{"rendered":"https:\/\/fh-staging.vengo.cloud\/?product=rebstock-geschnitten-pro-stuck"},"modified":"2025-11-10T10:23:08","modified_gmt":"2025-11-10T09:23:08","slug":"rebstock-geschnitten-pro-stuck","status":"publish","type":"product","link":"https:\/\/fh-staging.vengo.cloud\/de-ch\/p\/rebstock-geschnitten-pro-stuck","title":{"rendered":"Rebstock geschnitten 1 St\u00fcck"},"content":{"rendered":"<p><strong>getrockneten Weinreben-St\u00fccke<br \/>\n<\/strong><br \/>\nDie getrockneten Weinreben-St\u00fccke sind ein echter Blickfang und bringen ein St\u00fcck Natur direkt in dein Zuhause. Jedes St\u00fcck ist ein Unikat und erz\u00e4hlt die Geschichte des Weinbaus in seiner ureigensten Form. Die kunstvoll verworrenen und gewundenen Formen der Reben machen sie zu einem faszinierenden Dekorationsobjekt.<\/p>\n<p>Ob als zentrales Element auf deinem Esstisch, verstreut auf einem Sideboard oder als kreative Erg\u00e4nzung zu floralen Arrangements \u2013 diese Weinreben-St\u00fccke verleihen jedem Raum eine rustikale und erdige Note. Dank der nat\u00fcrlichen Farbnuancen und Texturen harmonieren sie wunderbar mit verschiedenen Einrichtungsstilen, von modern bis klassisch.<\/p>\n<p>Die robuste Beschaffenheit der Reben macht sie zudem langlebig und vielseitig einsetzbar. Sie k\u00f6nnen die St\u00fccke auch in Kombination mit Kerzen, Glasgef\u00e4ssen oder anderen Naturmaterialien verwenden, um individuelle Dekorationen zu kreieren.<\/p>\n","protected":false},"excerpt":{"rendered":"<p>Die getrockneten Weinreben-St\u00fccke sind ein echter Blickfang<\/p>\n","protected":false},"featured_media":48964,"template":"","meta":[],"product_brand":[],"product_cat":[29,23,1178,1196,909,914,911],"product_tag":[289],"woo-feed-brand":[],"class_list":{"0":"post-9937","1":"product","2":"type-product","3":"status-publish","4":"has-post-thumbnail","6":"product_cat-do-it-yourself","7":"product_cat-home-living","8":"product_cat-diy","9":"product_cat-natur-deko","10":"product_cat-weihnachten","11":"product_cat-wintergruen","12":"product_cat-accessoires","13":"product_tag-blumengarten-kung-ag","15":"first","16":"instock","17":"taxable","18":"shipping-taxable","19":"purchasable","20":"product-type-simple"},"_links":{"self":[{"href":"https:\/\/fh-staging.vengo.cloud\/de-ch\/wp-json\/wp\/v2\/product\/9937","targetHints":{"allow":["GET"]}}],"collection":[{"href":"https:\/\/fh-staging.vengo.cloud\/de-ch\/wp-json\/wp\/v2\/product"}],"about":[{"href":"https:\/\/fh-staging.vengo.cloud\/de-ch\/wp-json\/wp\/v2\/types\/product"}],"wp:featuredmedia":[{"embeddable":true,"href":"https:\/\/fh-staging.vengo.cloud\/de-ch\/wp-json\/wp\/v2\/media\/48964"}],"wp:attachment":[{"href":"https:\/\/fh-staging.vengo.cloud\/de-ch\/wp-json\/wp\/v2\/media?parent=9937"}],"wp:term":[{"taxonomy":"product_brand","embeddable":true,"href":"https:\/\/fh-staging.vengo.cloud\/de-ch\/wp-json\/wp\/v2\/product_brand?post=9937"},{"taxonomy":"product_cat","embeddable":true,"href":"https:\/\/fh-staging.vengo.cloud\/de-ch\/wp-json\/wp\/v2\/product_cat?post=9937"},{"taxonomy":"product_tag","embeddable":true,"href":"https:\/\/fh-staging.vengo.cloud\/de-ch\/wp-json\/wp\/v2\/product_tag?post=9937"},{"taxonomy":"woo-feed-brand","embeddable":true,"href":"https:\/\/fh-staging.vengo.cloud\/de-ch\/wp-json\/wp\/v2\/woo-feed-brand?post=9937"}],"curies":[{"name":"wp","href":"https:\/\/api.w.org\/{rel}","templated":true}]}}