{"id":9820,"date":"2022-11-11T15:15:11","date_gmt":"2022-11-11T14:15:11","guid":{"rendered":"https:\/\/fh-staging.vengo.cloud\/?product=confiseur-tafel-geschenkverpackung-180g"},"modified":"2025-09-22T12:09:17","modified_gmt":"2025-09-22T10:09:17","slug":"confiseur-tafel-geschenkverpackung-180g","status":"publish","type":"product","link":"https:\/\/fh-staging.vengo.cloud\/de-ch\/p\/confiseur-tafel-geschenkverpackung-180g","title":{"rendered":"Confiseur Tafel Geschenkverpackung 180g"},"content":{"rendered":"<p>Die <strong>Confiseur Schokoladentafel<\/strong> ist ein sehr beliebtes Geburstagsgeschenk. Sie ist handgefertigt und liebevoll mit Kernen dekoriert. Jede Tafel ist ein Unikat und wird in sorgf\u00e4ltiger Handarbeit beschriftet.\u00a0Das s\u00fcsse Geschenk wird in hochwertigen Geschenkverpackung in Braun verpackt. Ein Highlight f\u00fcr jedes Geburtstagskind.<\/p>\n<p>Hergestellt in der Schweiz durch die Maestrani Schweizer Schokoladen AG.<\/p>\n<p><strong>Zutaten:<br \/>\n<\/strong>Milchschokolade: Zucker, VollMILCHpulver, Kakaobutter, Kakaomasse, HASELN\u00dcSSE, Emulgator (SOJA-Lezithin), nat\u00fcrliches Aroma<\/p>\n<p>Allergiker-Info: kann GLUTEN, MANDELN, PISTAZIEN enthalten.<\/p>\n<p>Kakao: 30% mindestens in der Schokolade.<\/p>\n<p>Kern-Mix: K\u00fcrbiskerne, Getreideknusperperlen Ruby [Schokoladenkuvert\u00fcre 84% (Zucker, Kakaobutter, MagerMILCHpulver, VollMILCHpulver, Kakaomasse, Emulgator: SOJA-Lecithin), S\u00e4uerungsmittel (Zitronens\u00e4ure), nat\u00fcrliches Vanillearoma), Getreidekrokant (WEIZENmehl, Zucker, WEIZENmalzst\u00e4rke, WEIZENst\u00e4rke, Backtriebmittel (Natrium-Hydrogencarbonat), Salz, Kakaobutter, nat\u00fcrliches Vanillearoma), Glukosesirup, Zucker, \u00dcberzugsmittel (Gummi arabicum), modifizierte St\u00e4rke, pflanzliches Fett (Kokos)<\/p>\n<p><strong>N\u00e4hrwert:<\/strong><\/p>\n<table width=\"349\">\n<tbody>\n<tr>\n<td><span lang=\"FR-CH\">Energiewert<\/span><\/td>\n<td>2286 kJ (548 kcal)<\/td>\n<\/tr>\n<tr>\n<td>Fett<\/td>\n<td>33g<\/td>\n<\/tr>\n<tr>\n<td>davon ges\u00e4ttigte Fetts\u00e4uren<\/td>\n<td>20g<\/td>\n<\/tr>\n<tr>\n<td>Kohlenhydrate<\/td>\n<td>52g<\/td>\n<\/tr>\n<tr>\n<td>davon Zucker<\/td>\n<td>51g<\/td>\n<\/tr>\n<tr>\n<td>Eiweiss<\/td>\n<td>8,5g<\/td>\n<\/tr>\n<tr>\n<td>Salz<\/td>\n<td>0.25g<\/td>\n<\/tr>\n<\/tbody>\n<\/table>\n","protected":false},"excerpt":{"rendered":"<p>Confiseur Tafel Geschenkverpackung 180g (5 Schokoladentafel \u00e0 180g)<\/p>\n","protected":false},"featured_media":9821,"template":"","meta":[],"product_brand":[],"product_cat":[54,42,114,885,52],"product_tag":[285],"woo-feed-brand":[],"class_list":{"0":"post-9820","1":"product","2":"type-product","3":"status-publish","4":"has-post-thumbnail","6":"product_cat-feinkost","7":"product_cat-kueche","8":"product_cat-schokolade-sweets","9":"product_cat-koestlichkeiten","10":"product_cat-geschenke","11":"product_tag-maestrani-schweizer-schokoladen-ag","13":"first","14":"instock","15":"taxable","16":"shipping-taxable","17":"purchasable","18":"product-type-simple"},"_links":{"self":[{"href":"https:\/\/fh-staging.vengo.cloud\/de-ch\/wp-json\/wp\/v2\/product\/9820","targetHints":{"allow":["GET"]}}],"collection":[{"href":"https:\/\/fh-staging.vengo.cloud\/de-ch\/wp-json\/wp\/v2\/product"}],"about":[{"href":"https:\/\/fh-staging.vengo.cloud\/de-ch\/wp-json\/wp\/v2\/types\/product"}],"wp:featuredmedia":[{"embeddable":true,"href":"https:\/\/fh-staging.vengo.cloud\/de-ch\/wp-json\/wp\/v2\/media\/9821"}],"wp:attachment":[{"href":"https:\/\/fh-staging.vengo.cloud\/de-ch\/wp-json\/wp\/v2\/media?parent=9820"}],"wp:term":[{"taxonomy":"product_brand","embeddable":true,"href":"https:\/\/fh-staging.vengo.cloud\/de-ch\/wp-json\/wp\/v2\/product_brand?post=9820"},{"taxonomy":"product_cat","embeddable":true,"href":"https:\/\/fh-staging.vengo.cloud\/de-ch\/wp-json\/wp\/v2\/product_cat?post=9820"},{"taxonomy":"product_tag","embeddable":true,"href":"https:\/\/fh-staging.vengo.cloud\/de-ch\/wp-json\/wp\/v2\/product_tag?post=9820"},{"taxonomy":"woo-feed-brand","embeddable":true,"href":"https:\/\/fh-staging.vengo.cloud\/de-ch\/wp-json\/wp\/v2\/woo-feed-brand?post=9820"}],"curies":[{"name":"wp","href":"https:\/\/api.w.org\/{rel}","templated":true}]}}