{"id":9795,"date":"2022-11-10T23:24:04","date_gmt":"2022-11-10T23:24:04","guid":{"rendered":"https:\/\/fh-staging.vengo.cloud\/?product=tablett-aus-birkenholz-deepwood-o-65-cm"},"modified":"2025-12-01T10:35:02","modified_gmt":"2025-12-01T09:35:02","slug":"tablett-aus-birkenholz-deepwood-o-65-cm","status":"publish","type":"product","link":"https:\/\/fh-staging.vengo.cloud\/de-ch\/p\/tablett-aus-birkenholz-deepwood-o-65-cm","title":{"rendered":"Tablett aus Birkenholz &#8218;Deepwood&#8216;, \u00d8 65 cm"},"content":{"rendered":"<p>Wir stellen Dir unseren gr\u00f6ssten Beistelltisch vor: Mit einem grossz\u00fcgigen Durchmesser von 65 cm und einer H\u00f6he von 53 cm, besteht er aus einem hochwertigen Tablett aus Birkenholz und einem robusten Stahlgestell.<\/p>\n<p>Unsere Kombinationen von Tablett und Tischgestell sind ideal f\u00fcr den t\u00e4glichen Gebrauch als Sofa-, oder Beistelltisch und zum Unterhalten von G\u00e4sten. Mit dem abnehmbaren Tablett l\u00e4sst sich direkt servieren, oder das Design auswechseln; das zusammenklappbare Gestell l\u00e4sst sich bequem umpositionieren oder kompakt verstauen.<\/p>\n<p>Entdecke &#8218;Deepwood&#8216;, ein Design, in den tiefen Farbpaletten des Urwaldes. Ideal f\u00fcr alle, die diese lebendigen Farben in ihren Raum bringen m\u00f6chten.<\/p>\n<p style=\"text-align: left\"><strong>Tablett<\/strong><\/p>\n<p style=\"text-align: left\"><em>Designer:<\/em> Andreas Frei\/HappyTrays<\/p>\n<p style=\"text-align: left\"><em>Material Tray:<\/em> Birkenfurnier, Melaminbeschichtung<\/p>\n<p style=\"text-align: left\"><em>Muster:<\/em> Deepwood<\/p>\n<p style=\"text-align: left\"><em>Form:<\/em>\u00a0Rund<\/p>\n<p style=\"text-align: left\"><em>Durchmesser:<\/em>\u00a0\u00d8 65 cm<\/p>\n<p style=\"text-align: left\"><strong>Tischgestell<\/strong><\/p>\n<p style=\"text-align: left\"><em>Material Tischgestell:<\/em>\u00a0Stahl, pulverbeschichtet, schwarz<\/p>\n<p style=\"text-align: left\"><em>H\u00f6he:<\/em>\u00a053 cm<\/p>\n","protected":false},"excerpt":{"rendered":"<p>Hochwertiges Tablett aus nachhaltigem Birkenholz mit lebendigem Design in limitierter Auflage. Entworfen in der Schweiz, handgefertigt in Schweden. \u00d8 65 cm.<\/p>\n","protected":false},"featured_media":36157,"template":"","meta":[],"product_brand":[],"product_cat":[1108,42,1104,43],"product_tag":[314],"woo-feed-brand":[],"class_list":{"0":"post-9795","1":"product","2":"type-product","3":"status-publish","4":"has-post-thumbnail","6":"product_cat-tabletts","7":"product_cat-kueche","8":"product_cat-tischakzente","9":"product_cat-gedeckter-tisch","10":"product_tag-happytrays","12":"first","13":"instock","14":"taxable","15":"shipping-taxable","16":"purchasable","17":"product-type-simple"},"_links":{"self":[{"href":"https:\/\/fh-staging.vengo.cloud\/de-ch\/wp-json\/wp\/v2\/product\/9795","targetHints":{"allow":["GET"]}}],"collection":[{"href":"https:\/\/fh-staging.vengo.cloud\/de-ch\/wp-json\/wp\/v2\/product"}],"about":[{"href":"https:\/\/fh-staging.vengo.cloud\/de-ch\/wp-json\/wp\/v2\/types\/product"}],"wp:featuredmedia":[{"embeddable":true,"href":"https:\/\/fh-staging.vengo.cloud\/de-ch\/wp-json\/wp\/v2\/media\/36157"}],"wp:attachment":[{"href":"https:\/\/fh-staging.vengo.cloud\/de-ch\/wp-json\/wp\/v2\/media?parent=9795"}],"wp:term":[{"taxonomy":"product_brand","embeddable":true,"href":"https:\/\/fh-staging.vengo.cloud\/de-ch\/wp-json\/wp\/v2\/product_brand?post=9795"},{"taxonomy":"product_cat","embeddable":true,"href":"https:\/\/fh-staging.vengo.cloud\/de-ch\/wp-json\/wp\/v2\/product_cat?post=9795"},{"taxonomy":"product_tag","embeddable":true,"href":"https:\/\/fh-staging.vengo.cloud\/de-ch\/wp-json\/wp\/v2\/product_tag?post=9795"},{"taxonomy":"woo-feed-brand","embeddable":true,"href":"https:\/\/fh-staging.vengo.cloud\/de-ch\/wp-json\/wp\/v2\/woo-feed-brand?post=9795"}],"curies":[{"name":"wp","href":"https:\/\/api.w.org\/{rel}","templated":true}]}}