{"id":9664,"date":"2022-10-11T07:43:10","date_gmt":"2022-10-11T07:43:10","guid":{"rendered":"https:\/\/fh-staging.vengo.cloud\/?product=3-prosecco-albino-armani-doc-20cl"},"modified":"2025-11-04T14:08:34","modified_gmt":"2025-11-04T13:08:34","slug":"3-prosecco-albino-armani-doc-20cl","status":"publish","type":"product","link":"https:\/\/fh-staging.vengo.cloud\/de-ch\/p\/3-prosecco-albino-armani-doc-20cl","title":{"rendered":"3 Prosecco Albino Armani DOC (20cl)"},"content":{"rendered":"<p style=\"text-align: left;\">Angebaut wird er in der italienischen Region Friaul. Dort liegt die DOC Region des Anbaugebiets der Glera Trauben. Kultiviert wird dieser exzellente Prosecco von der Familie Armani, die durch eine \u00fcber 400-j\u00e4hrige Weinanbau-Erfahrung \u00fcberzeugt. Sein feines und elegantes Bukett von weissen Bl\u00fcten und Zitrus ist ein Genuss f\u00fcr jeden Anlass.<\/p>\n<p>11% vol<\/p>\n<p><strong>N\u00e4hrwertinformationen:<\/strong><br \/>\nAlkohol 10,80 %vol, Glucose &#8211; Fructose 14,00 g\/l, Gesamts\u00e4ure 5,55 g\/l, pH-Wert 3,30, Freie schweflige S\u00e4ure 32,00 mg\/l, Gesamtschwefel 146,00 mg\/l<\/p>\n<p><strong>Allergikerhinweise:<\/strong><br \/>\nSulfite<\/p>\n<p><strong>Herkunftsland:<\/strong><br \/>\nItalien<\/p>\n<p><strong>Rebsorte\/n<\/strong><br \/>\nGlera<\/p>\n<p><strong>Alkoholgehalt<\/strong><br \/>\n11.0% vol<\/p>\n","protected":false},"excerpt":{"rendered":"<p>3 Prosecco Albino Armani DOC (20cl)<\/p>\n","protected":false},"featured_media":9665,"template":"","meta":[],"product_brand":[],"product_cat":[115,995,1090,910,984,1208,1088,909,915,42,885,52,54],"product_tag":[147,282],"woo-feed-brand":[],"class_list":{"0":"post-9664","1":"product","2":"type-product","3":"status-publish","4":"has-post-thumbnail","6":"product_cat-spirituosen","7":"product_cat-essen-trinken","8":"product_cat-geniesser","9":"product_cat-geschenkideen","10":"product_cat-silvester","11":"product_cat-ueber-25-chf","12":"product_cat-vatertag","13":"product_cat-weihnachten","14":"product_cat-wichteln","15":"product_cat-kueche","16":"product_cat-koestlichkeiten","17":"product_cat-geschenke","18":"product_cat-feinkost","19":"product_tag-alkohol","20":"product_tag-fleurop-interflora","22":"first","23":"instock","24":"taxable","25":"shipping-taxable","26":"purchasable","27":"product-type-simple"},"_links":{"self":[{"href":"https:\/\/fh-staging.vengo.cloud\/de-ch\/wp-json\/wp\/v2\/product\/9664","targetHints":{"allow":["GET"]}}],"collection":[{"href":"https:\/\/fh-staging.vengo.cloud\/de-ch\/wp-json\/wp\/v2\/product"}],"about":[{"href":"https:\/\/fh-staging.vengo.cloud\/de-ch\/wp-json\/wp\/v2\/types\/product"}],"wp:featuredmedia":[{"embeddable":true,"href":"https:\/\/fh-staging.vengo.cloud\/de-ch\/wp-json\/wp\/v2\/media\/9665"}],"wp:attachment":[{"href":"https:\/\/fh-staging.vengo.cloud\/de-ch\/wp-json\/wp\/v2\/media?parent=9664"}],"wp:term":[{"taxonomy":"product_brand","embeddable":true,"href":"https:\/\/fh-staging.vengo.cloud\/de-ch\/wp-json\/wp\/v2\/product_brand?post=9664"},{"taxonomy":"product_cat","embeddable":true,"href":"https:\/\/fh-staging.vengo.cloud\/de-ch\/wp-json\/wp\/v2\/product_cat?post=9664"},{"taxonomy":"product_tag","embeddable":true,"href":"https:\/\/fh-staging.vengo.cloud\/de-ch\/wp-json\/wp\/v2\/product_tag?post=9664"},{"taxonomy":"woo-feed-brand","embeddable":true,"href":"https:\/\/fh-staging.vengo.cloud\/de-ch\/wp-json\/wp\/v2\/woo-feed-brand?post=9664"}],"curies":[{"name":"wp","href":"https:\/\/api.w.org\/{rel}","templated":true}]}}