{"id":9646,"date":"2022-10-07T14:47:55","date_gmt":"2022-10-07T14:47:55","guid":{"rendered":"https:\/\/fh-staging.vengo.cloud\/?product=trendiges-pampasgras-mit-baumwolle-und-vase"},"modified":"2025-04-01T06:21:26","modified_gmt":"2025-04-01T04:21:26","slug":"trendiges-pampasgras-mit-baumwolle-und-vase","status":"publish","type":"product","link":"https:\/\/fh-staging.vengo.cloud\/de-ch\/p\/trendiges-pampasgras-mit-baumwolle-und-vase","title":{"rendered":"Trendiges Pampasgras mit Baumwolle und Vase"},"content":{"rendered":"<p>Die wundersch\u00f6ne geschm\u00fcckte Glasvase mit Pampasgras eignet sich als haltbarer Schmuck und Wohnaccessoire das ganze Jahr \u00fcber.<\/p>\n<p>Der Preis bezieht sich f\u00fcr die Vase mit Pampasgras geschm\u00fcckt. Du erh\u00e4ltst die Blumen einzeln\/offen und kannst sie nach Deinen W\u00fcnschen in der Vase gestalten.<\/p>\n<p>Baumwollzweige sind ein Naturprodukt und k\u00f6nnen in Anordnung, Farbe und Gr\u00f6sse der einzelnen &#171;Baumwollb\u00fcschel&#187; variieren. Einzelne Baumwollb\u00fcschel k\u00f6nnen im Stiel durch den Trocknungsprozess auch angebrochen sein oder Trockenreste der Knospenh\u00fclle enthalten.<\/p>\n<p><strong>Bitte beachte:<\/strong><\/p>\n<p>\u2022 Packe die Trockenblumen bitte vorsichtig aus dem Papier. Getrocknete Zweige sind leichter br\u00fcchig als noch im gr\u00fcnen Zustand.<br \/>\n\u2022 Trockenblumen sind ein Naturprodukt und die Str\u00e4usse \/ Einzelblumen werden saisonal individuell zusammengestellt und k\u00f6nnen so in Blumenwahl, Anordnung und Farbe variieren.<br \/>\n\u2022 Die Glasvase kann in Form und Farbe variieren und ist nicht sp\u00fclmaschinenfest<\/p>\n<p>Es k\u00f6nnte Unterschiede zwischen der abgebildeten Farbe auf der Webseite und der tats\u00e4chlichen Farbe geben, dies aufgrund von Lichteinfall, Helligkeit des Monitors, Kontrasteinstellung etc. Ebenso die Anordnung der Materialen und Dekoartikel.<\/p>\n","protected":false},"excerpt":{"rendered":"<p>Wundersch\u00f6nes trendiges -Pampasgras mit Baumwolle und langen Trockengr\u00e4sern ausgeschm\u00fcckt inkl. cooler transparenter Glasvase (Trockenblumen-Pampasgras mit Vase \u00d8 ca.12cm H ca.70 cm. \/ Glasvase H ca.25cm)<\/p>\n","protected":false},"featured_media":9647,"template":"","meta":[],"product_brand":[],"product_cat":[23,26],"product_tag":[290],"woo-feed-brand":[],"class_list":{"0":"post-9646","1":"product","2":"type-product","3":"status-publish","4":"has-post-thumbnail","6":"product_cat-home-living","7":"product_cat-blumen-pflanzen","8":"product_tag-atelier-leutwyler","10":"first","11":"instock","12":"taxable","13":"shipping-taxable","14":"purchasable","15":"product-type-simple"},"_links":{"self":[{"href":"https:\/\/fh-staging.vengo.cloud\/de-ch\/wp-json\/wp\/v2\/product\/9646","targetHints":{"allow":["GET"]}}],"collection":[{"href":"https:\/\/fh-staging.vengo.cloud\/de-ch\/wp-json\/wp\/v2\/product"}],"about":[{"href":"https:\/\/fh-staging.vengo.cloud\/de-ch\/wp-json\/wp\/v2\/types\/product"}],"wp:featuredmedia":[{"embeddable":true,"href":"https:\/\/fh-staging.vengo.cloud\/de-ch\/wp-json\/wp\/v2\/media\/9647"}],"wp:attachment":[{"href":"https:\/\/fh-staging.vengo.cloud\/de-ch\/wp-json\/wp\/v2\/media?parent=9646"}],"wp:term":[{"taxonomy":"product_brand","embeddable":true,"href":"https:\/\/fh-staging.vengo.cloud\/de-ch\/wp-json\/wp\/v2\/product_brand?post=9646"},{"taxonomy":"product_cat","embeddable":true,"href":"https:\/\/fh-staging.vengo.cloud\/de-ch\/wp-json\/wp\/v2\/product_cat?post=9646"},{"taxonomy":"product_tag","embeddable":true,"href":"https:\/\/fh-staging.vengo.cloud\/de-ch\/wp-json\/wp\/v2\/product_tag?post=9646"},{"taxonomy":"woo-feed-brand","embeddable":true,"href":"https:\/\/fh-staging.vengo.cloud\/de-ch\/wp-json\/wp\/v2\/woo-feed-brand?post=9646"}],"curies":[{"name":"wp","href":"https:\/\/api.w.org\/{rel}","templated":true}]}}