{"id":9590,"date":"2022-10-07T14:58:45","date_gmt":"2022-10-07T12:58:45","guid":{"rendered":"https:\/\/fh-staging.vengo.cloud\/?product=eucalyptus-cinerea-bund-500-gramm"},"modified":"2025-10-14T12:02:02","modified_gmt":"2025-10-14T10:02:02","slug":"eucalyptus-cinerea-bund-500-gramm","status":"publish","type":"product","link":"https:\/\/fh-staging.vengo.cloud\/de-ch\/p\/eucalyptus-cinerea-bund-500-gramm","title":{"rendered":"Eucalyptus &#8218;cinerea&#8216; Bund 500gr"},"content":{"rendered":"<p>Eucalyptus Cinerea \u2013 Frischer Bund aus Italien<\/p>\n<p>Erh\u00e4ltlich in 500g oder 100g Bundgr\u00f6\u00dfen, unser Eucalyptus Cinerea bringt Frische und Nat\u00fcrlichkeit direkt aus Italien zu dir nach Hause. Dieser Bund, bestehend aus mehreren unterschiedlich gro\u00dfen \u00c4sten, ist ideal f\u00fcr Dekorationen und verleiht jedem Raum eine elegante, gr\u00fcne Note.<\/p>\n<p>Der Eukalyptus l\u00e4sst sich wunderbar trocknen und beh\u00e4lt dabei seine nat\u00fcrliche Sch\u00f6nheit und angenehme Duftnote, die f\u00fcr ein erfrischendes Ambiente sorgt.<\/p>\n<p>Perfekt geeignet f\u00fcr Blumenarrangements, Trockenstr\u00e4usse oder als dekoratives Element allein \u2013 der Eucalyptus Cinerea ist vielseitig einsetzbar und ein echter Hingucker!<\/p>\n","protected":false},"excerpt":{"rendered":"<p>Frischer Bund aus Italien<\/p>\n","protected":false},"featured_media":36576,"template":"","meta":[],"product_brand":[],"product_cat":[113,23,1021,1018,909,914,26],"product_tag":[289],"woo-feed-brand":[],"class_list":{"0":"post-9590","1":"product","2":"type-product","3":"status-publish","4":"has-post-thumbnail","6":"product_cat-schnittgruen","7":"product_cat-home-living","8":"product_cat-osterdeko","9":"product_cat-ostern","10":"product_cat-weihnachten","11":"product_cat-wintergruen","12":"product_cat-blumen-pflanzen","13":"product_tag-blumengarten-kung-ag","15":"first","16":"instock","17":"taxable","18":"shipping-taxable","19":"purchasable","20":"product-type-simple"},"_links":{"self":[{"href":"https:\/\/fh-staging.vengo.cloud\/de-ch\/wp-json\/wp\/v2\/product\/9590","targetHints":{"allow":["GET"]}}],"collection":[{"href":"https:\/\/fh-staging.vengo.cloud\/de-ch\/wp-json\/wp\/v2\/product"}],"about":[{"href":"https:\/\/fh-staging.vengo.cloud\/de-ch\/wp-json\/wp\/v2\/types\/product"}],"wp:featuredmedia":[{"embeddable":true,"href":"https:\/\/fh-staging.vengo.cloud\/de-ch\/wp-json\/wp\/v2\/media\/36576"}],"wp:attachment":[{"href":"https:\/\/fh-staging.vengo.cloud\/de-ch\/wp-json\/wp\/v2\/media?parent=9590"}],"wp:term":[{"taxonomy":"product_brand","embeddable":true,"href":"https:\/\/fh-staging.vengo.cloud\/de-ch\/wp-json\/wp\/v2\/product_brand?post=9590"},{"taxonomy":"product_cat","embeddable":true,"href":"https:\/\/fh-staging.vengo.cloud\/de-ch\/wp-json\/wp\/v2\/product_cat?post=9590"},{"taxonomy":"product_tag","embeddable":true,"href":"https:\/\/fh-staging.vengo.cloud\/de-ch\/wp-json\/wp\/v2\/product_tag?post=9590"},{"taxonomy":"woo-feed-brand","embeddable":true,"href":"https:\/\/fh-staging.vengo.cloud\/de-ch\/wp-json\/wp\/v2\/woo-feed-brand?post=9590"}],"curies":[{"name":"wp","href":"https:\/\/api.w.org\/{rel}","templated":true}]}}