{"id":9488,"date":"2022-09-29T15:11:58","date_gmt":"2022-09-29T13:11:58","guid":{"rendered":"https:\/\/fh-staging.vengo.cloud\/?product=blumenbox-christmas-star-weiss-mit-goldener-kordel"},"modified":"2025-12-01T10:19:23","modified_gmt":"2025-12-01T09:19:23","slug":"blumenbox-christmas-star-weiss-mit-goldener-kordel","status":"publish","type":"product","link":"https:\/\/fh-staging.vengo.cloud\/de-ch\/p\/blumenbox-christmas-star-weiss-mit-goldener-kordel","title":{"rendered":"Blumenbox Christmas Star weiss mit goldener Kordel"},"content":{"rendered":"<p style=\"text-align: left;\"><span style=\"font-size: 10pt;\"><strong>Blumenboxen mit einem Hauch weiss &amp; silber sind auch zu Weihnachten die edlen dekorativen Trends der Saison<\/strong><\/span><\/p>\n<p>Mit diesem trendigen Geschenk wird die \u00dcberraschung unvergesslich. Unsere Box ist mit trendigen Trockenblumen, Kunstblumen und verschiedenen weihnachtlichen Accessoires geschm\u00fcckt. Der Deckel der edlen Box kann auch zur Aufbewahrung sch\u00f6ner Dinge weiterverwendet werden.<\/p>\n<p>Die Blumenbox kann als Geschenk, Wohnaccessoires oder als Tischdekoration verwendet werden. Die Trockenblumen sind lange haltbar und so kann die Blumenbox zur Winterzeit wieder verwendet werden.<\/p>\n<p>\u2022 Die Blumenboxen werden von uns individuell zusammengestellt und k\u00f6nnen so in Anordnung und Farbe variieren.<\/p>\n<p>\u2022 F\u00fcr die Gestaltung werden zum Teil auch montierte Dekomaterialien sowie als technische Hilfsmittel Holz, Draht, Leim, Bast und \u00e4hnliches verwendet welche auch sichtbar sein k\u00f6nnen. Das Band sowie die Accessoires etc. k\u00f6nnen variieren. Die Box ist aus Karton\/Papier gestaltet und kann durch den Klebevorgang auch Klebstoffschattierungen\/Reste und Kanten aufweisen.<\/p>\n<p><strong>Bitte beachte:<\/strong><br \/>\nEs k\u00f6nnte Unterschiede zwischen der abgebildeten Farbe auf der Webseite und der tats\u00e4chlichen Farbe geben, dies aufgrund von Lichteinfall, Helligkeit des Monitors, Kontrasteinstellung etc. Ebenso die Anordnung \/ Zusammensetzung der Materialen und Dekoartikel.<\/p>\n","protected":false},"excerpt":{"rendered":"<p>Blumenboxen mit einem Hauch weiss &amp; silber sind auch zu Weihnachten die edlen dekorativen Trends der Saison. (ca.15cm x 15cm, H ca.16 cm)<\/p>\n","protected":false},"featured_media":9489,"template":"","meta":[],"product_brand":[],"product_cat":[107,23,909,26,916],"product_tag":[290],"woo-feed-brand":[],"class_list":{"0":"post-9488","1":"product","2":"type-product","3":"status-publish","4":"has-post-thumbnail","6":"product_cat-kunstblumen","7":"product_cat-home-living","8":"product_cat-weihnachten","9":"product_cat-blumen-pflanzen","10":"product_cat-praesente","11":"product_tag-atelier-leutwyler","13":"first","14":"instock","15":"taxable","16":"shipping-taxable","17":"purchasable","18":"product-type-simple"},"_links":{"self":[{"href":"https:\/\/fh-staging.vengo.cloud\/de-ch\/wp-json\/wp\/v2\/product\/9488","targetHints":{"allow":["GET"]}}],"collection":[{"href":"https:\/\/fh-staging.vengo.cloud\/de-ch\/wp-json\/wp\/v2\/product"}],"about":[{"href":"https:\/\/fh-staging.vengo.cloud\/de-ch\/wp-json\/wp\/v2\/types\/product"}],"wp:featuredmedia":[{"embeddable":true,"href":"https:\/\/fh-staging.vengo.cloud\/de-ch\/wp-json\/wp\/v2\/media\/9489"}],"wp:attachment":[{"href":"https:\/\/fh-staging.vengo.cloud\/de-ch\/wp-json\/wp\/v2\/media?parent=9488"}],"wp:term":[{"taxonomy":"product_brand","embeddable":true,"href":"https:\/\/fh-staging.vengo.cloud\/de-ch\/wp-json\/wp\/v2\/product_brand?post=9488"},{"taxonomy":"product_cat","embeddable":true,"href":"https:\/\/fh-staging.vengo.cloud\/de-ch\/wp-json\/wp\/v2\/product_cat?post=9488"},{"taxonomy":"product_tag","embeddable":true,"href":"https:\/\/fh-staging.vengo.cloud\/de-ch\/wp-json\/wp\/v2\/product_tag?post=9488"},{"taxonomy":"woo-feed-brand","embeddable":true,"href":"https:\/\/fh-staging.vengo.cloud\/de-ch\/wp-json\/wp\/v2\/woo-feed-brand?post=9488"}],"curies":[{"name":"wp","href":"https:\/\/api.w.org\/{rel}","templated":true}]}}