{"id":9404,"date":"2022-08-16T14:07:25","date_gmt":"2022-08-16T14:07:25","guid":{"rendered":"https:\/\/fh-staging.vengo.cloud\/?product=lobsiger-baumnussol"},"modified":"2025-11-04T14:58:34","modified_gmt":"2025-11-04T13:58:34","slug":"lobsiger-baumnussol","status":"publish","type":"product","link":"https:\/\/fh-staging.vengo.cloud\/de-ch\/p\/lobsiger-baumnussol","title":{"rendered":"Lobsiger Baumnuss\u00f6l"},"content":{"rendered":"<p>Unser kostbares \u00d6l aus Lobsiger Baumn\u00fcssen wird in der geschichtstr\u00e4chtigen \u00abMoulin de Severy\u00bb traditionell gepresst. Es besticht durch seine Aromen von ger\u00f6stetem Brot und seine gold-gelbe Farbe. Das \u00d6l ist reich an Omega-3- und Omega-6-Fetts\u00e4uren, welche sich \u00e4usserst positiv auf ein gesundes Zellwachstum auswirken. Das \u00d6l eignet sich hervorragend zum Abschmecken von Salaten und Pasta-Gerichten. Wir lieben es auf Pizza oder einfach so &#8211; mit etwas Meersalz und knusprigem Brot zum Apero.<\/p>\n<p style=\"text-align: left;\">Mengenangabe: 100ml<\/p>\n<p style=\"text-align: left;\"><strong>Zutaten:<\/strong><br \/>\nBaumnuss\u00f6l<\/p>\n<p style=\"text-align: left;\"><strong>N\u00e4hrwertinformationen:<br \/>\n<\/strong>Energie: 810 kcal, Fett total: 90g, Fetts\u00e4uren ges\u00e4ttigt: 9g, Fetts\u00e4uren einfach unges\u00e4ttigt: 15.1g, Fetts\u00e4uren mehrfach unges\u00e4ttigt: 62.2g<\/p>\n<p style=\"text-align: left;\"><strong>Allergikerhinweise:<br \/>\n<\/strong>Enth\u00e4lt Baumn\u00fcsse<\/p>\n<p style=\"text-align: left;\"><strong>Herkunftsland:<\/strong><br \/>\nSchweiz<\/p>\n","protected":false},"excerpt":{"rendered":"<p>Traditionell gepresstes \u00d6l aus Lobsiger Baumn\u00fcssen. Perfekt zum Apero mit knusprigem Brot und etwas Fleur de Sel.<\/p>\n","protected":false},"featured_media":36428,"template":"","meta":[],"product_brand":[],"product_cat":[47,1022,995,1002,910,1091,797,1019,1018,984,1207,999,1088,909,915,42,111,885],"product_tag":[309],"woo-feed-brand":[],"class_list":{"0":"post-9404","1":"product","2":"type-product","3":"status-publish","4":"has-post-thumbnail","6":"product_cat-kuechenaromen","7":"product_cat-brunch","8":"product_cat-essen-trinken","9":"product_cat-fuer-ihn","10":"product_cat-geschenkideen","11":"product_cat-hobbykoch","12":"product_cat-muttertag","13":"product_cat-osterbrunch","14":"product_cat-ostern","15":"product_cat-silvester","16":"product_cat-unter-25-chf","17":"product_cat-valentinstag","18":"product_cat-vatertag","19":"product_cat-weihnachten","20":"product_cat-wichteln","21":"product_cat-kueche","22":"product_cat-saucen","23":"product_cat-koestlichkeiten","24":"product_tag-genuss-boutique-lobsigen","26":"first","27":"instock","28":"taxable","29":"shipping-taxable","30":"purchasable","31":"product-type-simple"},"_links":{"self":[{"href":"https:\/\/fh-staging.vengo.cloud\/de-ch\/wp-json\/wp\/v2\/product\/9404","targetHints":{"allow":["GET"]}}],"collection":[{"href":"https:\/\/fh-staging.vengo.cloud\/de-ch\/wp-json\/wp\/v2\/product"}],"about":[{"href":"https:\/\/fh-staging.vengo.cloud\/de-ch\/wp-json\/wp\/v2\/types\/product"}],"wp:featuredmedia":[{"embeddable":true,"href":"https:\/\/fh-staging.vengo.cloud\/de-ch\/wp-json\/wp\/v2\/media\/36428"}],"wp:attachment":[{"href":"https:\/\/fh-staging.vengo.cloud\/de-ch\/wp-json\/wp\/v2\/media?parent=9404"}],"wp:term":[{"taxonomy":"product_brand","embeddable":true,"href":"https:\/\/fh-staging.vengo.cloud\/de-ch\/wp-json\/wp\/v2\/product_brand?post=9404"},{"taxonomy":"product_cat","embeddable":true,"href":"https:\/\/fh-staging.vengo.cloud\/de-ch\/wp-json\/wp\/v2\/product_cat?post=9404"},{"taxonomy":"product_tag","embeddable":true,"href":"https:\/\/fh-staging.vengo.cloud\/de-ch\/wp-json\/wp\/v2\/product_tag?post=9404"},{"taxonomy":"woo-feed-brand","embeddable":true,"href":"https:\/\/fh-staging.vengo.cloud\/de-ch\/wp-json\/wp\/v2\/woo-feed-brand?post=9404"}],"curies":[{"name":"wp","href":"https:\/\/api.w.org\/{rel}","templated":true}]}}