{"id":9327,"date":"2022-08-07T09:00:34","date_gmt":"2022-08-07T09:00:34","guid":{"rendered":"https:\/\/fh-staging.vengo.cloud\/?product=badeol-tiefenentspannung"},"modified":"2025-12-01T10:22:37","modified_gmt":"2025-12-01T09:22:37","slug":"badeol-tiefenentspannung","status":"publish","type":"product","link":"https:\/\/fh-staging.vengo.cloud\/de-ch\/p\/badeol-tiefenentspannung","title":{"rendered":"Bade\u00f6l \u00abTiefenentspannung\u00bb"},"content":{"rendered":"<div class=\"woocommerce-product-details__short-description\">\n<p>10ml Bade\u00f6l in das Badewasser (36-38\u00b0C) geben.<br \/>\nBadedauer: 15-20 Minuten<br \/>\nReicht f\u00fcr ca. 20 Vollb\u00e4der<\/p>\n<p>Inhaltsstoffe:<br \/>\nKakaobutter, Polyglyceryl-3 Palmitate &amp; Glyceryl Caprylate (nat\u00fcrliche Emulgatoren),<br \/>\nOliven\u00f6l, Jojoba\u00f6l, Vitamin E, nat\u00fcrliche \u00e4therische \u00d6le.<\/p>\n<\/div>\n","protected":false},"excerpt":{"rendered":"<p>Bade\u00f6l \u00abTiefenentspannung\u00bb 200ml<br \/>\nBade\u00f6l aus 100% nat\u00fcrlichen Inhaltsstoffen.<br \/>\nMit beruhigendem Lavendelduft.<\/p>\n","protected":false},"featured_media":38784,"template":"","meta":[],"product_brand":[],"product_cat":[50,1208,909,915,48],"product_tag":[313],"woo-feed-brand":[],"class_list":{"0":"post-9327","1":"product","2":"type-product","3":"status-publish","4":"has-post-thumbnail","6":"product_cat-badezubehoer","7":"product_cat-ueber-25-chf","8":"product_cat-weihnachten","9":"product_cat-wichteln","10":"product_cat-bad-wellness","11":"product_tag-chruterei-klg","13":"first","14":"instock","15":"taxable","16":"shipping-taxable","17":"purchasable","18":"product-type-simple"},"_links":{"self":[{"href":"https:\/\/fh-staging.vengo.cloud\/de-ch\/wp-json\/wp\/v2\/product\/9327","targetHints":{"allow":["GET"]}}],"collection":[{"href":"https:\/\/fh-staging.vengo.cloud\/de-ch\/wp-json\/wp\/v2\/product"}],"about":[{"href":"https:\/\/fh-staging.vengo.cloud\/de-ch\/wp-json\/wp\/v2\/types\/product"}],"wp:featuredmedia":[{"embeddable":true,"href":"https:\/\/fh-staging.vengo.cloud\/de-ch\/wp-json\/wp\/v2\/media\/38784"}],"wp:attachment":[{"href":"https:\/\/fh-staging.vengo.cloud\/de-ch\/wp-json\/wp\/v2\/media?parent=9327"}],"wp:term":[{"taxonomy":"product_brand","embeddable":true,"href":"https:\/\/fh-staging.vengo.cloud\/de-ch\/wp-json\/wp\/v2\/product_brand?post=9327"},{"taxonomy":"product_cat","embeddable":true,"href":"https:\/\/fh-staging.vengo.cloud\/de-ch\/wp-json\/wp\/v2\/product_cat?post=9327"},{"taxonomy":"product_tag","embeddable":true,"href":"https:\/\/fh-staging.vengo.cloud\/de-ch\/wp-json\/wp\/v2\/product_tag?post=9327"},{"taxonomy":"woo-feed-brand","embeddable":true,"href":"https:\/\/fh-staging.vengo.cloud\/de-ch\/wp-json\/wp\/v2\/woo-feed-brand?post=9327"}],"curies":[{"name":"wp","href":"https:\/\/api.w.org\/{rel}","templated":true}]}}