{"id":9177,"date":"2022-07-20T16:11:36","date_gmt":"2022-07-20T16:11:36","guid":{"rendered":"https:\/\/fh-staging.vengo.cloud\/?product=tischschmuck-in-creme-weiss-und-nude"},"modified":"2025-04-01T06:25:49","modified_gmt":"2025-04-01T04:25:49","slug":"tischschmuck-in-creme-weiss-und-nude","status":"publish","type":"product","link":"https:\/\/fh-staging.vengo.cloud\/de-ch\/p\/tischschmuck-in-creme-weiss-und-nude","title":{"rendered":"Tischschmuck in Creme, Weiss und Nude"},"content":{"rendered":"<p><strong>Tischdekos in diesen Farbt\u00f6nen sind die dekorativen Trends der Saison.<\/strong><\/p>\n<p>Mit diesem trendigen Geschenk wird die \u00dcberraschung unvergesslich. Unsere Tischschmuck ist mit trendigen Trockenblumen geschm\u00fcckt.<\/p>\n<p>Das Keramikgef\u00e4ss kann als Geschenk, Wohnaccessoire oder als Tischdekoration verwendet werden. Die Trockenblumen sind lange haltbar, und so kann der Tischschmuck zur Dekoration das ganze Jahr wieder verwendet werden.<\/p>\n<p>\u2022\u00a0\u00a0 Die Keramikgef\u00e4sse mit Trockenblumen werden von uns individuell zusammengestellt und k\u00f6nnen deshalb in Anordnung und Farbe variieren.<\/p>\n<p>\u2022\u00a0\u00a0\u00a0 F\u00fcr die Gestaltung werden zum Teil auch montierte Dekomaterialien sowie als technische Hilfsmittel Holz, Draht, Leim, Bast und \u00e4hnliches verwendet, welche auch sichtbar sein k\u00f6nnen. Das Muster des Keramikgef\u00e4sses kann variieren.<\/p>\n<p><strong>Bitte beachte:<\/strong><br \/>\nEs k\u00f6nnte Unterschiede zwischen der abgebildeten Farbe auf der Webseite und der tats\u00e4chlichen Farbe geben. Dies aufgrund von Lichteinfall, Helligkeit des Monitors, Kontrasteinstellung etc. Ebenso die Anordnung \/ Zusammensetzung der Materialien und Dekoartikel.<\/p>\n","protected":false},"excerpt":{"rendered":"<p>Tischschmuck in Creme, Weiss und Nude-T\u00f6nen sind die dekorativen Trends der Saison. Keramikgef\u00e4ss mit Trockenblumen, Durchmesser ca. 10cm, H\u00f6he ca. 20cm<\/p>\n","protected":false},"featured_media":9178,"template":"","meta":[],"product_brand":[],"product_cat":[23,26],"product_tag":[290],"woo-feed-brand":[],"class_list":{"0":"post-9177","1":"product","2":"type-product","3":"status-publish","4":"has-post-thumbnail","6":"product_cat-home-living","7":"product_cat-blumen-pflanzen","8":"product_tag-atelier-leutwyler","10":"first","11":"instock","12":"taxable","13":"shipping-taxable","14":"purchasable","15":"product-type-simple"},"_links":{"self":[{"href":"https:\/\/fh-staging.vengo.cloud\/de-ch\/wp-json\/wp\/v2\/product\/9177","targetHints":{"allow":["GET"]}}],"collection":[{"href":"https:\/\/fh-staging.vengo.cloud\/de-ch\/wp-json\/wp\/v2\/product"}],"about":[{"href":"https:\/\/fh-staging.vengo.cloud\/de-ch\/wp-json\/wp\/v2\/types\/product"}],"wp:featuredmedia":[{"embeddable":true,"href":"https:\/\/fh-staging.vengo.cloud\/de-ch\/wp-json\/wp\/v2\/media\/9178"}],"wp:attachment":[{"href":"https:\/\/fh-staging.vengo.cloud\/de-ch\/wp-json\/wp\/v2\/media?parent=9177"}],"wp:term":[{"taxonomy":"product_brand","embeddable":true,"href":"https:\/\/fh-staging.vengo.cloud\/de-ch\/wp-json\/wp\/v2\/product_brand?post=9177"},{"taxonomy":"product_cat","embeddable":true,"href":"https:\/\/fh-staging.vengo.cloud\/de-ch\/wp-json\/wp\/v2\/product_cat?post=9177"},{"taxonomy":"product_tag","embeddable":true,"href":"https:\/\/fh-staging.vengo.cloud\/de-ch\/wp-json\/wp\/v2\/product_tag?post=9177"},{"taxonomy":"woo-feed-brand","embeddable":true,"href":"https:\/\/fh-staging.vengo.cloud\/de-ch\/wp-json\/wp\/v2\/woo-feed-brand?post=9177"}],"curies":[{"name":"wp","href":"https:\/\/api.w.org\/{rel}","templated":true}]}}