{"id":9154,"date":"2022-07-13T18:50:54","date_gmt":"2022-07-13T18:50:54","guid":{"rendered":"https:\/\/fh-staging.vengo.cloud\/?product=kuken-piepei"},"modified":"2025-05-12T13:52:22","modified_gmt":"2025-05-12T11:52:22","slug":"kuken-piepei","status":"publish","type":"product","link":"https:\/\/fh-staging.vengo.cloud\/de-ch\/p\/kuken-piepei","title":{"rendered":"K\u00fcken PiepEi"},"content":{"rendered":"<p>PiepEi misst die Temperatur und berechnet den idealen H\u00e4rtegrad. Daher ist es wichtig, das PiepEi und H\u00fchnerei vor dem Einsatz zusammen zu lagern (z.B. im K\u00fchlschrank). Unbedingt PiepEi und H\u00fchnerei zeitgleich in den Topf legen, bevor man den Kochvorgang startet. Es ist egal, ob man mit kaltem oder kochendem Wasser startet. Es spielt auch keine Rolle, ob man ein Ei oder ein Dutzend H\u00fchnereier gleichzeitig kocht. PiepEi funktioniert immer und auf allen H\u00f6hen (in den Bergen und am Meer).<\/p>\n<p>Sobald das H\u00fchnerei perfekt ist, spielt PiepEi eine Melodie f\u00fcr den gew\u00fcnschten H\u00e4rtegrad. Dann das H\u00fchnerei und PiepEi mit kaltem Wasser abschrecken (so gart das H\u00fchnerei nicht weiter und das PiepEi gibt Ruhe). Dann nur noch essen. Guten Appetit.<\/p>\n<p>Melodie: Old MacDonald\u00a0 Meine Oma f\u00e4hrt im\u2026\u00a0 Der Hahn ist tot<\/p>\n<pre><\/pre>\n","protected":false},"excerpt":{"rendered":"<p>K\u00fcken PiepEi<\/p>\n","protected":false},"featured_media":9155,"template":"","meta":[],"product_brand":[],"product_cat":[44,1022,1091,797,1019,1018,1088,42],"product_tag":[312],"woo-feed-brand":[],"class_list":{"0":"post-9154","1":"product","2":"type-product","3":"status-publish","4":"has-post-thumbnail","6":"product_cat-kuechenhelfer","7":"product_cat-brunch","8":"product_cat-hobbykoch","9":"product_cat-muttertag","10":"product_cat-osterbrunch","11":"product_cat-ostern","12":"product_cat-vatertag","13":"product_cat-kueche","14":"product_tag-zimmermann-flaach-ag-blumen-gartenbau","16":"first","17":"instock","18":"taxable","19":"shipping-taxable","20":"purchasable","21":"product-type-simple"},"_links":{"self":[{"href":"https:\/\/fh-staging.vengo.cloud\/de-ch\/wp-json\/wp\/v2\/product\/9154","targetHints":{"allow":["GET"]}}],"collection":[{"href":"https:\/\/fh-staging.vengo.cloud\/de-ch\/wp-json\/wp\/v2\/product"}],"about":[{"href":"https:\/\/fh-staging.vengo.cloud\/de-ch\/wp-json\/wp\/v2\/types\/product"}],"wp:featuredmedia":[{"embeddable":true,"href":"https:\/\/fh-staging.vengo.cloud\/de-ch\/wp-json\/wp\/v2\/media\/9155"}],"wp:attachment":[{"href":"https:\/\/fh-staging.vengo.cloud\/de-ch\/wp-json\/wp\/v2\/media?parent=9154"}],"wp:term":[{"taxonomy":"product_brand","embeddable":true,"href":"https:\/\/fh-staging.vengo.cloud\/de-ch\/wp-json\/wp\/v2\/product_brand?post=9154"},{"taxonomy":"product_cat","embeddable":true,"href":"https:\/\/fh-staging.vengo.cloud\/de-ch\/wp-json\/wp\/v2\/product_cat?post=9154"},{"taxonomy":"product_tag","embeddable":true,"href":"https:\/\/fh-staging.vengo.cloud\/de-ch\/wp-json\/wp\/v2\/product_tag?post=9154"},{"taxonomy":"woo-feed-brand","embeddable":true,"href":"https:\/\/fh-staging.vengo.cloud\/de-ch\/wp-json\/wp\/v2\/woo-feed-brand?post=9154"}],"curies":[{"name":"wp","href":"https:\/\/api.w.org\/{rel}","templated":true}]}}