{"id":9141,"date":"2022-07-05T19:14:25","date_gmt":"2022-07-05T19:14:25","guid":{"rendered":"https:\/\/fh-staging.vengo.cloud\/?product=bio-bienenwachstuch-grosse-m-25-x-25cm-dschungel-grun"},"modified":"2025-04-01T06:32:00","modified_gmt":"2025-04-01T04:32:00","slug":"bio-bienenwachstuch-grosse-m-25-x-25cm-dschungel-grun","status":"publish","type":"product","link":"https:\/\/fh-staging.vengo.cloud\/de-ch\/p\/bio-bienenwachstuch-grosse-m-25-x-25cm-dschungel-grun","title":{"rendered":"Bio-Bienenwachstuch Gr\u00f6sse M (25 x 25cm) dschungel-gr\u00fcn"},"content":{"rendered":"<p>Das Bienenwachstuch ist ein nachhaltiger Begleiter im K\u00fchlschrank, in der K\u00fcche, im B\u00fcro, in der Schule und beim Wandern. Durch die W\u00e4rme deiner H\u00e4nde wird es flexibel und formbar und haftet an allen glatten Oberfl\u00e4chen sowie an sich selbst.<\/p>\n","protected":false},"excerpt":{"rendered":"<p>Bio-Bienenwachstuch Gr\u00f6sse M (25 x 25cm) dschungel-gr\u00fcn<\/p>\n","protected":false},"featured_media":9142,"template":"","meta":[],"product_brand":[],"product_cat":[44,1022,797,1019,1018,42],"product_tag":[312],"woo-feed-brand":[],"class_list":{"0":"post-9141","1":"product","2":"type-product","3":"status-publish","4":"has-post-thumbnail","6":"product_cat-kuechenhelfer","7":"product_cat-brunch","8":"product_cat-muttertag","9":"product_cat-osterbrunch","10":"product_cat-ostern","11":"product_cat-kueche","12":"product_tag-zimmermann-flaach-ag-blumen-gartenbau","14":"first","15":"instock","16":"taxable","17":"shipping-taxable","18":"purchasable","19":"product-type-simple"},"_links":{"self":[{"href":"https:\/\/fh-staging.vengo.cloud\/de-ch\/wp-json\/wp\/v2\/product\/9141","targetHints":{"allow":["GET"]}}],"collection":[{"href":"https:\/\/fh-staging.vengo.cloud\/de-ch\/wp-json\/wp\/v2\/product"}],"about":[{"href":"https:\/\/fh-staging.vengo.cloud\/de-ch\/wp-json\/wp\/v2\/types\/product"}],"wp:featuredmedia":[{"embeddable":true,"href":"https:\/\/fh-staging.vengo.cloud\/de-ch\/wp-json\/wp\/v2\/media\/9142"}],"wp:attachment":[{"href":"https:\/\/fh-staging.vengo.cloud\/de-ch\/wp-json\/wp\/v2\/media?parent=9141"}],"wp:term":[{"taxonomy":"product_brand","embeddable":true,"href":"https:\/\/fh-staging.vengo.cloud\/de-ch\/wp-json\/wp\/v2\/product_brand?post=9141"},{"taxonomy":"product_cat","embeddable":true,"href":"https:\/\/fh-staging.vengo.cloud\/de-ch\/wp-json\/wp\/v2\/product_cat?post=9141"},{"taxonomy":"product_tag","embeddable":true,"href":"https:\/\/fh-staging.vengo.cloud\/de-ch\/wp-json\/wp\/v2\/product_tag?post=9141"},{"taxonomy":"woo-feed-brand","embeddable":true,"href":"https:\/\/fh-staging.vengo.cloud\/de-ch\/wp-json\/wp\/v2\/woo-feed-brand?post=9141"}],"curies":[{"name":"wp","href":"https:\/\/api.w.org\/{rel}","templated":true}]}}