{"id":9051,"date":"2022-06-14T15:27:36","date_gmt":"2022-06-14T15:27:36","guid":{"rendered":"https:\/\/fh-staging.vengo.cloud\/?product=lieblingsmensch-geschenkbox"},"modified":"2025-12-10T10:45:39","modified_gmt":"2025-12-10T09:45:39","slug":"lieblingsmensch-geschenkbox","status":"publish","type":"product","link":"https:\/\/fh-staging.vengo.cloud\/de-ch\/p\/lieblingsmensch-geschenkbox","title":{"rendered":"Lieblingsmensch-Geschenkbox"},"content":{"rendered":"<p>Stylisches Geschenk f\u00fcr den Lieblingsmenschen. Mit diesem Gourmetmenu k\u00f6nnen Sie Ihren Lieblingsmenschen verw\u00f6hnen und ihm eine Freude machen. Das Menu enth\u00e4lt leckere Gerichte f\u00fcr jeden Geschmack. Schwarze Holzbox samt Schiebedeckel mit Gourmetprodukten f\u00fcr ein perfektes Dinner. Ap\u00e9ro, Vorspeise und Hauptgang.<\/p>\n<p>Inhalt:<br \/>\n&#8211; Risotto mit Rosenbl\u00fcten und rosa Pfeffer 400g<br \/>\n&#8211; Champagnersalz mit Rosenbl\u00fcten und rosa Pfeffer<br \/>\n&#8211; Exklusive Salatkr\u00e4uter aus dem Tessin<br \/>\n&#8211; Gourmet-Pfeffer, in Gin eingelegt<br \/>\n&#8211; Sloe Gin 10cl (Schlehenlik\u00f6r)<br \/>\n&#8211; Nuss-Mix gesalzen 30g<\/p>\n<p>Veredlung:<br \/>\nInkl. Etikett mit Herz Genussbox<\/p>\n<p><a href=\"https:\/\/naturguet.ch\/naehrwerte\/\" target=\"_blank\" rel=\"noopener\">N\u00e4hrwertinformationen und Allergikerhinweise<\/a><\/p>\n","protected":false},"excerpt":{"rendered":"<p>Stylisches Geschenk f\u00fcr den Lieblingsmenschen. Mit diesem Gourmetmenu k\u00f6nnen Sie Ihren Lieblingsmenschen verw\u00f6hnen und ihm eine Freude machen. Das Menu enth\u00e4lt leckere Gerichte f\u00fcr jeden Geschmack. Schwarze Holzbox samt Schiebedeckel mit Gourmetprodukten f\u00fcr ein perfektes Dinner. Ap\u00e9ro, Vorspeise und Hauptgang.<\/p>\n","protected":false},"featured_media":9052,"template":"","meta":[],"product_brand":[],"product_cat":[53,1023,910,1091,797,984,993,1088,909,916,42,115,885,52,54],"product_tag":[147,310],"woo-feed-brand":[],"class_list":{"0":"post-9051","1":"product","2":"type-product","3":"status-publish","4":"has-post-thumbnail","6":"product_cat-geschenksets","7":"product_cat-fuer-mama","8":"product_cat-geschenkideen","9":"product_cat-hobbykoch","10":"product_cat-muttertag","11":"product_cat-silvester","12":"product_cat-silvestergeschenke","13":"product_cat-vatertag","14":"product_cat-weihnachten","15":"product_cat-praesente","16":"product_cat-kueche","17":"product_cat-spirituosen","18":"product_cat-koestlichkeiten","19":"product_cat-geschenke","20":"product_cat-feinkost","21":"product_tag-alkohol","22":"product_tag-naturguet","24":"first","25":"instock","26":"taxable","27":"shipping-taxable","28":"purchasable","29":"product-type-simple"},"_links":{"self":[{"href":"https:\/\/fh-staging.vengo.cloud\/de-ch\/wp-json\/wp\/v2\/product\/9051","targetHints":{"allow":["GET"]}}],"collection":[{"href":"https:\/\/fh-staging.vengo.cloud\/de-ch\/wp-json\/wp\/v2\/product"}],"about":[{"href":"https:\/\/fh-staging.vengo.cloud\/de-ch\/wp-json\/wp\/v2\/types\/product"}],"wp:featuredmedia":[{"embeddable":true,"href":"https:\/\/fh-staging.vengo.cloud\/de-ch\/wp-json\/wp\/v2\/media\/9052"}],"wp:attachment":[{"href":"https:\/\/fh-staging.vengo.cloud\/de-ch\/wp-json\/wp\/v2\/media?parent=9051"}],"wp:term":[{"taxonomy":"product_brand","embeddable":true,"href":"https:\/\/fh-staging.vengo.cloud\/de-ch\/wp-json\/wp\/v2\/product_brand?post=9051"},{"taxonomy":"product_cat","embeddable":true,"href":"https:\/\/fh-staging.vengo.cloud\/de-ch\/wp-json\/wp\/v2\/product_cat?post=9051"},{"taxonomy":"product_tag","embeddable":true,"href":"https:\/\/fh-staging.vengo.cloud\/de-ch\/wp-json\/wp\/v2\/product_tag?post=9051"},{"taxonomy":"woo-feed-brand","embeddable":true,"href":"https:\/\/fh-staging.vengo.cloud\/de-ch\/wp-json\/wp\/v2\/woo-feed-brand?post=9051"}],"curies":[{"name":"wp","href":"https:\/\/api.w.org\/{rel}","templated":true}]}}