{"id":9011,"date":"2022-06-08T16:03:44","date_gmt":"2022-06-08T16:03:44","guid":{"rendered":"https:\/\/fh-staging.vengo.cloud\/?product=edle-schwarze-rosenbox-love-mit-9-stabilisierten-roten-rosen"},"modified":"2025-04-01T06:33:36","modified_gmt":"2025-04-01T04:33:36","slug":"edle-schwarze-rosenbox-love-mit-9-stabilisierten-roten-rosen","status":"publish","type":"product","link":"https:\/\/fh-staging.vengo.cloud\/de-ch\/p\/edle-schwarze-rosenbox-love-mit-9-stabilisierten-roten-rosen","title":{"rendered":"Edle schwarze Rosenbox &#171;Love&#187; mit 9 stabilisierten roten Rosen"},"content":{"rendered":"<p>Wundersch\u00f6ne Rosenbox mit echten, roten Rosen, die mit einer speziellen Methode stabilisiert (haltbar gemacht) wurden.<\/p>\n<p>Die elegante Flower-Box eignet sich als Geschenk der Liebe zu jedem Anlass, sei es zur Hochzeit, zum Valentinstag, Muttertag oder \u00abeinfach so\u00bb. Die Box wurde von Hand und mit viel Liebe gestaltet. Sie eignet sich auch als haltbarer Schmuck und Wohnaccessoire.<\/p>\n<p>Details: 9 Rosen, ca. 15 x 15 cm, H ca. 13 cm, ca. 2 -3 Jahre haltbar.<\/p>\n<p>\u2022\u00a0\u00a0\u00a0 F\u00fcr die Gestaltung werden zum Teil auch montierte Dekomaterialien sowie als technische Hilfsmittel Holz, Draht, Leim, Bast und \u00e4hnliches verwendet, welche auch sichtbar sein k\u00f6nnen. Hat es Band als Schmuck dabei kann dieses variieren. Die Box ist aus Karton\/Papier gestaltet und kann durch den Klebevorgang auch Klebstoffschattierungen\/Reste und Kanten aufweisen. Ist die Box mit Stoff bespannt kann es innerhalb des Stoffes Farbver\u00e4nderungen\/Verbleichungen haben.<\/p>\n<p><em><strong>Bitte beachte unseren Pflegehinweis:<\/strong> <\/em><\/p>\n<p>Unsere stabilisierten Rosen ben\u00f6tigen weder Pflege noch Wasser. Sie bl\u00fchen \u00fcber Jahre, einfach so. Bei Raumtemperatur und an schattigen Standorten halten unsere stabilisierten Rosenbouquets am l\u00e4ngsten.<\/p>\n<p><em>Die Rosen k\u00f6nnen an Form und Farbe verlieren, wenn man sie: <\/em><\/p>\n<p>bew\u00e4ssert (auf keinen Fall bew\u00e4ssern!), oft oder grob anfasst (Staub mit einem weichen Pinsel entfernen), zu hoher Luftfeuchtigkeit oder direkter Sonneneinstrahlung aussetzt.<\/p>\n<p>Jede Rosenbox wird einzeln von Hand individuell gestaltet und kann in Natura auch vom Bild abweichen.<\/p>\n","protected":false},"excerpt":{"rendered":"<p>Wundersch\u00f6ne edle schwarze Rosenbox &#171;Love&#187; mit 9 stabilisierten roten Rosen<br \/>\nca. 15 x 15 cm<\/p>\n","protected":false},"featured_media":9012,"template":"","meta":[],"product_brand":[],"product_cat":[102,23,26,52,55],"product_tag":[290],"woo-feed-brand":[],"class_list":{"0":"post-9011","1":"product","2":"type-product","3":"status-publish","4":"has-post-thumbnail","6":"product_cat-infinity-rosen","7":"product_cat-home-living","8":"product_cat-blumen-pflanzen","9":"product_cat-geschenke","10":"product_cat-blumige-geschenke","11":"product_tag-atelier-leutwyler","13":"first","14":"instock","15":"taxable","16":"shipping-taxable","17":"purchasable","18":"product-type-simple"},"_links":{"self":[{"href":"https:\/\/fh-staging.vengo.cloud\/de-ch\/wp-json\/wp\/v2\/product\/9011","targetHints":{"allow":["GET"]}}],"collection":[{"href":"https:\/\/fh-staging.vengo.cloud\/de-ch\/wp-json\/wp\/v2\/product"}],"about":[{"href":"https:\/\/fh-staging.vengo.cloud\/de-ch\/wp-json\/wp\/v2\/types\/product"}],"wp:featuredmedia":[{"embeddable":true,"href":"https:\/\/fh-staging.vengo.cloud\/de-ch\/wp-json\/wp\/v2\/media\/9012"}],"wp:attachment":[{"href":"https:\/\/fh-staging.vengo.cloud\/de-ch\/wp-json\/wp\/v2\/media?parent=9011"}],"wp:term":[{"taxonomy":"product_brand","embeddable":true,"href":"https:\/\/fh-staging.vengo.cloud\/de-ch\/wp-json\/wp\/v2\/product_brand?post=9011"},{"taxonomy":"product_cat","embeddable":true,"href":"https:\/\/fh-staging.vengo.cloud\/de-ch\/wp-json\/wp\/v2\/product_cat?post=9011"},{"taxonomy":"product_tag","embeddable":true,"href":"https:\/\/fh-staging.vengo.cloud\/de-ch\/wp-json\/wp\/v2\/product_tag?post=9011"},{"taxonomy":"woo-feed-brand","embeddable":true,"href":"https:\/\/fh-staging.vengo.cloud\/de-ch\/wp-json\/wp\/v2\/woo-feed-brand?post=9011"}],"curies":[{"name":"wp","href":"https:\/\/api.w.org\/{rel}","templated":true}]}}