{"id":8607,"date":"2022-03-10T19:18:50","date_gmt":"2022-03-10T19:18:50","guid":{"rendered":"https:\/\/fh-staging.vengo.cloud\/?product=blumenbox-pastell-salmone-mit-keramikhase"},"modified":"2025-04-02T15:48:08","modified_gmt":"2025-04-02T13:48:08","slug":"blumenbox-pastell-salmone-mit-keramikhase","status":"publish","type":"product","link":"https:\/\/fh-staging.vengo.cloud\/de-ch\/p\/blumenbox-pastell-salmone-mit-keramikhase","title":{"rendered":"Blumenbox pastell &#171;salmone&#187; mit Keramikhase"},"content":{"rendered":"<p>Blumenboxen in diesen pastelligen, pudrigen Farbt\u00f6nen sind die dekorativen Trends der Saison.<\/p>\n<p>Mit diesem trendigen Geschenk wird die \u00dcberraschung unvergesslich. Unsere Box ist mit trendigen Trockenblumen, Band und einem Schmucksteinaccessoire geschm\u00fcckt. Der Deckel der edlen Box kann auch zur Aufbewahrung sch\u00f6ner Dinge weiterverwendet werden.<\/p>\n<p>Die Blumenbox kann als Geschenk, Wohnaccessoires oder als Tischdekoration verwendet werden. Die Trockenblumen sind lange haltbar und so kann die Blumenbox zur Dekoration das ganze Jahr wieder verwendet werden.<\/p>\n<p>\u2022\u00a0\u00a0 Die Blumenboxen aus Trockenblumen werden von uns individuell zusammengestellt und k\u00f6nnen so in Anordnung und Farbe variieren.<\/p>\n<p>\u2022\u00a0\u00a0\u00a0 F\u00fcr die Gestaltung werden zum Teil auch montierte Dekomaterialien sowie als technische Hilfsmittel Holz, Draht, Leim, Bast und \u00e4hnliches verwendet welche auch sichtbar sein k\u00f6nnen. Das Band kann variieren. Die Box ist aus Karton\/Papier gestaltet und kann durch den Klebevorgang auch Klebstoffschattierungen\/Reste und Kanten aufweisen.<\/p>\n<p>Bitte beachte:<br \/>\nEs k\u00f6nnte Unterschiede zwischen der abgebildeten Farbe auf der Webseite und der tats\u00e4chlichen Farbe geben, dies aufgrund von Lichteinfall, Helligkeit des Monitors, Kontrasteinstellung etc. Ebenso die Anordnung \/ Zusammensetzung der Materialen und Dekoartikel.<\/p>\n","protected":false},"excerpt":{"rendered":"<p>Box Durchmesser ca. 15 cm, H\u00f6he ca. 18 cm \/ Hase L\u00e4nge ca. 20cm, H\u00f6he ca. 15cm<\/p>\n","protected":false},"featured_media":8608,"template":"","meta":[],"product_brand":[],"product_cat":[117,23,26],"product_tag":[290],"woo-feed-brand":[],"class_list":{"0":"post-8607","1":"product","2":"type-product","3":"status-publish","4":"has-post-thumbnail","6":"product_cat-trockenblumen","7":"product_cat-home-living","8":"product_cat-blumen-pflanzen","9":"product_tag-atelier-leutwyler","11":"first","12":"instock","13":"taxable","14":"shipping-taxable","15":"purchasable","16":"product-type-simple"},"_links":{"self":[{"href":"https:\/\/fh-staging.vengo.cloud\/de-ch\/wp-json\/wp\/v2\/product\/8607","targetHints":{"allow":["GET"]}}],"collection":[{"href":"https:\/\/fh-staging.vengo.cloud\/de-ch\/wp-json\/wp\/v2\/product"}],"about":[{"href":"https:\/\/fh-staging.vengo.cloud\/de-ch\/wp-json\/wp\/v2\/types\/product"}],"wp:featuredmedia":[{"embeddable":true,"href":"https:\/\/fh-staging.vengo.cloud\/de-ch\/wp-json\/wp\/v2\/media\/8608"}],"wp:attachment":[{"href":"https:\/\/fh-staging.vengo.cloud\/de-ch\/wp-json\/wp\/v2\/media?parent=8607"}],"wp:term":[{"taxonomy":"product_brand","embeddable":true,"href":"https:\/\/fh-staging.vengo.cloud\/de-ch\/wp-json\/wp\/v2\/product_brand?post=8607"},{"taxonomy":"product_cat","embeddable":true,"href":"https:\/\/fh-staging.vengo.cloud\/de-ch\/wp-json\/wp\/v2\/product_cat?post=8607"},{"taxonomy":"product_tag","embeddable":true,"href":"https:\/\/fh-staging.vengo.cloud\/de-ch\/wp-json\/wp\/v2\/product_tag?post=8607"},{"taxonomy":"woo-feed-brand","embeddable":true,"href":"https:\/\/fh-staging.vengo.cloud\/de-ch\/wp-json\/wp\/v2\/woo-feed-brand?post=8607"}],"curies":[{"name":"wp","href":"https:\/\/api.w.org\/{rel}","templated":true}]}}