{"id":8425,"date":"2022-02-03T18:55:37","date_gmt":"2022-02-03T18:55:37","guid":{"rendered":"https:\/\/fh-staging.vengo.cloud\/?product=margeriten-kamillenblutenstrauss-textilkunstblumen"},"modified":"2025-11-25T12:35:06","modified_gmt":"2025-11-25T11:35:06","slug":"margeriten-kamillenblutenstrauss-textilkunstblumen","status":"publish","type":"product","link":"https:\/\/fh-staging.vengo.cloud\/de-ch\/p\/margeriten-kamillenblutenstrauss-textilkunstblumen","title":{"rendered":"Margeriten-&amp; Kamillenbl\u00fctenstrauss (Textil\/Kunstblumen)"},"content":{"rendered":"<p style=\"text-align: left\">Wundersch\u00f6ne edle Kunstblumen und dank moderner Kunstfasern unterscheidet sich die k\u00fcnstliche Blume von echten nahezu nicht mehr.<br \/>\nBesonders dekorativ im Wohnbereich, B\u00fcro oder auch in der Praxis.\u00a0 Diese Kunstblumen sorgen schon beim Ansehen f\u00fcr gute Laune, kann an einem dunklen Ort oder auch an der Zugluft stehen und braucht zudem keine Pflege<\/p>\n<p>Der Preis bezieht sich pro Strauss<\/p>\n<p style=\"text-align: left\">Es k\u00f6nnte Unterschiede zwischen der abgebildeten Farbe auf der Webseite und der tats\u00e4chlichen Farbe geben, dies aufgrund von Lichteinfall, Helligkeit des Monitors, Kontrasteinstellung etc. Beim Auspacken m\u00fcssen die Kunstbl\u00fcten allenfalls vorsichtig etwas in die Form gestaltet werden.<\/p>\n","protected":false},"excerpt":{"rendered":"<p>Ein wundersch\u00f6ner Margeriten-&amp; Kamillenbl\u00fctenstrauss und dank moderner Kunstfasern unterscheiden sich die k\u00fcnstlichen Blumen von echten nahezu nicht mehr. H ca 40cm \/ B ca. 20cm<\/p>\n","protected":false},"featured_media":8426,"template":"","meta":[],"product_brand":[],"product_cat":[107,23,26],"product_tag":[290],"woo-feed-brand":[],"class_list":{"0":"post-8425","1":"product","2":"type-product","3":"status-publish","4":"has-post-thumbnail","6":"product_cat-kunstblumen","7":"product_cat-home-living","8":"product_cat-blumen-pflanzen","9":"product_tag-atelier-leutwyler","11":"first","12":"instock","13":"taxable","14":"shipping-taxable","15":"purchasable","16":"product-type-simple"},"_links":{"self":[{"href":"https:\/\/fh-staging.vengo.cloud\/de-ch\/wp-json\/wp\/v2\/product\/8425","targetHints":{"allow":["GET"]}}],"collection":[{"href":"https:\/\/fh-staging.vengo.cloud\/de-ch\/wp-json\/wp\/v2\/product"}],"about":[{"href":"https:\/\/fh-staging.vengo.cloud\/de-ch\/wp-json\/wp\/v2\/types\/product"}],"wp:featuredmedia":[{"embeddable":true,"href":"https:\/\/fh-staging.vengo.cloud\/de-ch\/wp-json\/wp\/v2\/media\/8426"}],"wp:attachment":[{"href":"https:\/\/fh-staging.vengo.cloud\/de-ch\/wp-json\/wp\/v2\/media?parent=8425"}],"wp:term":[{"taxonomy":"product_brand","embeddable":true,"href":"https:\/\/fh-staging.vengo.cloud\/de-ch\/wp-json\/wp\/v2\/product_brand?post=8425"},{"taxonomy":"product_cat","embeddable":true,"href":"https:\/\/fh-staging.vengo.cloud\/de-ch\/wp-json\/wp\/v2\/product_cat?post=8425"},{"taxonomy":"product_tag","embeddable":true,"href":"https:\/\/fh-staging.vengo.cloud\/de-ch\/wp-json\/wp\/v2\/product_tag?post=8425"},{"taxonomy":"woo-feed-brand","embeddable":true,"href":"https:\/\/fh-staging.vengo.cloud\/de-ch\/wp-json\/wp\/v2\/woo-feed-brand?post=8425"}],"curies":[{"name":"wp","href":"https:\/\/api.w.org\/{rel}","templated":true}]}}