{"id":8319,"date":"2022-01-18T19:15:11","date_gmt":"2022-01-18T19:15:11","guid":{"rendered":"https:\/\/fh-staging.vengo.cloud\/?product=echte-rote-stabilisierte-rosenbluten-rosenblatter-zum-streuen"},"modified":"2026-01-12T13:58:43","modified_gmt":"2026-01-12T12:58:43","slug":"echte-rote-stabilisierte-rosenbluten-rosenblatter-zum-streuen","status":"publish","type":"product","link":"https:\/\/fh-staging.vengo.cloud\/de-ch\/p\/echte-rote-stabilisierte-rosenbluten-rosenblatter-zum-streuen","title":{"rendered":"Echte rote stabilisierte Rosenbl\u00fcten &#8211; Rosenbl\u00e4tter zum Streuen"},"content":{"rendered":"<p><strong><span style=\"font-size: 11pt;\">Echte rote stabilisierte Rosenbl\u00fctenbl\u00e4tter zum Streuen in Box<\/span><\/strong><\/p>\n<p>Wundersch\u00f6n echte rote stabilisierte Rosenbl\u00fctenbl\u00e4tter zum Streuen in Box. Diese wurden mit einer speziellen Methode stabilisiert (d.h. haltbar gemacht).<\/p>\n<p>Die wundersch\u00f6nen, echten, stabilisierten Rosenbl\u00fctenbl\u00e4tter in Rot eignen sich wunderbar zum Streuen. Als \u00dcberraschung rund um ein Geschenk oder zum Gestalten eines Herzes der Liebe. Das passt bei jedem Anlass, sei es zur Hochzeit, zum Valentinstag oder \u00abeinfach so\u00bb. Die Rosenbl\u00e4tter werden gesch\u00fctzt in einer passenden Box geliefert. Sie eignen sich auch als haltbarer Tischschmuck und Wohnaccessoire.<\/p>\n<p>Details: Rosenbl\u00fctenbl\u00e4tter einzeln in Box 2-3 Jahre haltbar.<\/p>\n<p>In die Schachtel werden teilweise sowohl Rosenkopfbl\u00fcten als auch Rosenbl\u00e4tter gelegt. Beim behutsamen Abl\u00f6sen der Rosenbl\u00e4tter von den Rosenknospenbl\u00fcten und von den Rosenbl\u00e4tter untereinander ergibt sich ein Gesamtvolumen von \u00fcber 250 einzelnen wundersch\u00f6nen Rosenbl\u00e4ttern zum streuen.<\/p>\n<p>Sollte bei den Bildern, ausser den Rosenbl\u00e4ttern, ein zus\u00e4tzliches Dekorationsobjekt vorhanden sein, so ist dies nicht im Produktpreis enthalten, sondern dient lediglich zur m\u00f6glichen Verwendung als Dekoration. Es besteht die M\u00f6glichkeit, diesen Artikel oder andere, sofern verf\u00fcgbar, auch hier direkt \u00fcber FleuropHOME von uns aus dem Sortiment\u00a0 &#171;Atelier Leutwyler&#187; zu bestellen.&#187;<\/p>\n<p><strong>Bitte beachte unseren Pflegehinweis:<\/strong><br \/>\nUnsere stabilisierten Rosenbl\u00fctenbl\u00e4tter ben\u00f6tigen weder Pflege noch Wasser. Sie sind jahrelang haltbar, einfach so. Bei Raumtemperatur und an schattigen Standorten halten unsere stabilisierten Rosenbl\u00e4tter am l\u00e4ngsten.<\/p>\n<p>Feuchtigkeit kann dazu f\u00fchren, dass die Rosenbl\u00fctenbl\u00e4tter Farbe an die Unterlage abgeben. Vor dem Streuen auf eine empfindliche Unterlage deshalb vorher testen.<\/p>\n<p><em>Die Rosenbl\u00fctenbl\u00e4tter k\u00f6nnen an Form und Farbe verlieren, wenn man sie:<\/em><br \/>\nmit Wasser in Verbindung bringt (auf keinen Fall bew\u00e4ssern!), oft oder grob anfasst (Staub mit einem weichen Pinsel entfernen), zu hoher Luftfeuchtigkeit oder direkter Sonneneinstrahlung aussetzt.<\/p>\n<p>Es k\u00f6nnte Unterschiede zwischen der abgebildeten Farbe auf der Webseite und der tats\u00e4chlichen Farbe geben, dies aufgrund von Lichteinfall, Helligkeit des Monitors, Kontrasteinstellung etc.<\/p>\n","protected":false},"excerpt":{"rendered":"<p>Wundersch\u00f6n echte, rote, stabilisierte Rosen &#8211; Bl\u00fcten &#8211; Bl\u00e4tter zum Streuen. Die Rosenbl\u00e4tter sind in einer Box. Es sind die Bl\u00e4tter der Rosenbl\u00fcten.<\/p>\n","protected":false},"featured_media":8320,"template":"","meta":[],"product_brand":[],"product_cat":[29,23,1000,1196,999],"product_tag":[290],"woo-feed-brand":[],"class_list":{"0":"post-8319","1":"product","2":"type-product","3":"status-publish","4":"has-post-thumbnail","6":"product_cat-do-it-yourself","7":"product_cat-home-living","8":"product_cat-valentinstagsdeko","9":"product_cat-natur-deko","10":"product_cat-valentinstag","11":"product_tag-atelier-leutwyler","13":"first","14":"instock","15":"featured","16":"taxable","17":"shipping-taxable","18":"purchasable","19":"product-type-simple"},"_links":{"self":[{"href":"https:\/\/fh-staging.vengo.cloud\/de-ch\/wp-json\/wp\/v2\/product\/8319","targetHints":{"allow":["GET"]}}],"collection":[{"href":"https:\/\/fh-staging.vengo.cloud\/de-ch\/wp-json\/wp\/v2\/product"}],"about":[{"href":"https:\/\/fh-staging.vengo.cloud\/de-ch\/wp-json\/wp\/v2\/types\/product"}],"wp:featuredmedia":[{"embeddable":true,"href":"https:\/\/fh-staging.vengo.cloud\/de-ch\/wp-json\/wp\/v2\/media\/8320"}],"wp:attachment":[{"href":"https:\/\/fh-staging.vengo.cloud\/de-ch\/wp-json\/wp\/v2\/media?parent=8319"}],"wp:term":[{"taxonomy":"product_brand","embeddable":true,"href":"https:\/\/fh-staging.vengo.cloud\/de-ch\/wp-json\/wp\/v2\/product_brand?post=8319"},{"taxonomy":"product_cat","embeddable":true,"href":"https:\/\/fh-staging.vengo.cloud\/de-ch\/wp-json\/wp\/v2\/product_cat?post=8319"},{"taxonomy":"product_tag","embeddable":true,"href":"https:\/\/fh-staging.vengo.cloud\/de-ch\/wp-json\/wp\/v2\/product_tag?post=8319"},{"taxonomy":"woo-feed-brand","embeddable":true,"href":"https:\/\/fh-staging.vengo.cloud\/de-ch\/wp-json\/wp\/v2\/woo-feed-brand?post=8319"}],"curies":[{"name":"wp","href":"https:\/\/api.w.org\/{rel}","templated":true}]}}