{"id":8118,"date":"2021-11-09T18:57:34","date_gmt":"2021-11-09T18:57:34","guid":{"rendered":"https:\/\/fh-staging.vengo.cloud\/?product=sternkerze-aus-reinem-rapswachs-in-creme-klein"},"modified":"2025-10-16T14:57:00","modified_gmt":"2025-10-16T12:57:00","slug":"sternkerze-aus-reinem-rapswachs-in-creme-klein","status":"publish","type":"product","link":"https:\/\/fh-staging.vengo.cloud\/de-ch\/p\/sternkerze-aus-reinem-rapswachs-in-creme-klein","title":{"rendered":"Sternkerze aus reinem Rapswachs in Cr\u00e8me, klein"},"content":{"rendered":"<p style=\"text-align: left\">Sternkerze aus Rapswachs &#8211; die Alternative mit Nachhaltigkeit<\/p>\n<p>Die cr\u00e8meweisse, porzellan\u00e4hnliche Farbe, die feine Oberfl\u00e4chenstruktur<br \/>\nund die somit samtartige Haptik verleihen der Rapswachs-Sternkerze einen edlen Anblick.<\/p>\n<p style=\"text-align: left\">Sternkerze klein (6cm\/\u00f811cm)<\/p>\n","protected":false},"excerpt":{"rendered":"<p>Sternkerze klein (6cm\/\u00f811cm) aus reinem Rapswachs in Cr\u00e8me<\/p>\n","protected":false},"featured_media":36539,"template":"","meta":[],"product_brand":[],"product_cat":[103,23,909,1179,911,28],"product_tag":[304],"woo-feed-brand":[],"class_list":{"0":"post-8118","1":"product","2":"type-product","3":"status-publish","4":"has-post-thumbnail","6":"product_cat-kerzen","7":"product_cat-home-living","8":"product_cat-weihnachten","9":"product_cat-weihnachtsdeko","10":"product_cat-accessoires","11":"product_cat-kerzen-lichter","12":"product_tag-blumen-villiger-gmbh-hochdorf","14":"first","15":"instock","16":"taxable","17":"shipping-taxable","18":"purchasable","19":"product-type-simple"},"_links":{"self":[{"href":"https:\/\/fh-staging.vengo.cloud\/de-ch\/wp-json\/wp\/v2\/product\/8118","targetHints":{"allow":["GET"]}}],"collection":[{"href":"https:\/\/fh-staging.vengo.cloud\/de-ch\/wp-json\/wp\/v2\/product"}],"about":[{"href":"https:\/\/fh-staging.vengo.cloud\/de-ch\/wp-json\/wp\/v2\/types\/product"}],"wp:featuredmedia":[{"embeddable":true,"href":"https:\/\/fh-staging.vengo.cloud\/de-ch\/wp-json\/wp\/v2\/media\/36539"}],"wp:attachment":[{"href":"https:\/\/fh-staging.vengo.cloud\/de-ch\/wp-json\/wp\/v2\/media?parent=8118"}],"wp:term":[{"taxonomy":"product_brand","embeddable":true,"href":"https:\/\/fh-staging.vengo.cloud\/de-ch\/wp-json\/wp\/v2\/product_brand?post=8118"},{"taxonomy":"product_cat","embeddable":true,"href":"https:\/\/fh-staging.vengo.cloud\/de-ch\/wp-json\/wp\/v2\/product_cat?post=8118"},{"taxonomy":"product_tag","embeddable":true,"href":"https:\/\/fh-staging.vengo.cloud\/de-ch\/wp-json\/wp\/v2\/product_tag?post=8118"},{"taxonomy":"woo-feed-brand","embeddable":true,"href":"https:\/\/fh-staging.vengo.cloud\/de-ch\/wp-json\/wp\/v2\/woo-feed-brand?post=8118"}],"curies":[{"name":"wp","href":"https:\/\/api.w.org\/{rel}","templated":true}]}}