{"id":8100,"date":"2021-11-09T07:53:32","date_gmt":"2021-11-09T07:53:32","guid":{"rendered":"https:\/\/fh-staging.vengo.cloud\/?product=sternkerze-aus-reinem-bienenwachs-klein"},"modified":"2025-10-16T14:57:02","modified_gmt":"2025-10-16T12:57:02","slug":"sternkerze-aus-reinem-bienenwachs-klein","status":"publish","type":"product","link":"https:\/\/fh-staging.vengo.cloud\/de-ch\/p\/sternkerze-aus-reinem-bienenwachs-klein","title":{"rendered":"Sternkerze aus reinem Bienenwachs, klein"},"content":{"rendered":"<p style=\"text-align: left\">Reines Bienenwachs ist ein Naturprodukt. Ihren bet\u00f6renden Duft erh\u00e4lt die Sternkerze durch den Kontakt mit Honig, Nektar und Pollen.<\/p>\n<p style=\"text-align: left\">Geniessen Sie den herrlichen Duft von Bienenwachs, selbst wenn die Kerze nicht brennt.<br \/>\nDie Kerzen werden in sorgf\u00e4ltigster Handarbeit in der Schweiz hergestellt und haben eine faszinierend lebendige Oberfl\u00e4chenstruktur.<\/p>\n<p style=\"text-align: left\">Sternkerze klein (7cm\/\u00f88cm)<\/p>\n","protected":false},"excerpt":{"rendered":"<p>Sternkerze klein (7cm\/\u00f88cm) aus reinem Bienenwachs, hergestellt in sorgf\u00e4ltigster Handarbeit in der Schweiz, in den Farben Goldgelb, Kardinalrot und Cr\u00e8me.<\/p>\n","protected":false},"featured_media":8101,"template":"","meta":[],"product_brand":[],"product_cat":[103,23,909,1179,911,28],"product_tag":[304],"woo-feed-brand":[],"class_list":{"0":"post-8100","1":"product","2":"type-product","3":"status-publish","4":"has-post-thumbnail","6":"product_cat-kerzen","7":"product_cat-home-living","8":"product_cat-weihnachten","9":"product_cat-weihnachtsdeko","10":"product_cat-accessoires","11":"product_cat-kerzen-lichter","12":"product_tag-blumen-villiger-gmbh-hochdorf","14":"first","15":"instock","16":"taxable","17":"shipping-taxable","18":"purchasable","19":"product-type-variable"},"_links":{"self":[{"href":"https:\/\/fh-staging.vengo.cloud\/de-ch\/wp-json\/wp\/v2\/product\/8100","targetHints":{"allow":["GET"]}}],"collection":[{"href":"https:\/\/fh-staging.vengo.cloud\/de-ch\/wp-json\/wp\/v2\/product"}],"about":[{"href":"https:\/\/fh-staging.vengo.cloud\/de-ch\/wp-json\/wp\/v2\/types\/product"}],"wp:featuredmedia":[{"embeddable":true,"href":"https:\/\/fh-staging.vengo.cloud\/de-ch\/wp-json\/wp\/v2\/media\/8101"}],"wp:attachment":[{"href":"https:\/\/fh-staging.vengo.cloud\/de-ch\/wp-json\/wp\/v2\/media?parent=8100"}],"wp:term":[{"taxonomy":"product_brand","embeddable":true,"href":"https:\/\/fh-staging.vengo.cloud\/de-ch\/wp-json\/wp\/v2\/product_brand?post=8100"},{"taxonomy":"product_cat","embeddable":true,"href":"https:\/\/fh-staging.vengo.cloud\/de-ch\/wp-json\/wp\/v2\/product_cat?post=8100"},{"taxonomy":"product_tag","embeddable":true,"href":"https:\/\/fh-staging.vengo.cloud\/de-ch\/wp-json\/wp\/v2\/product_tag?post=8100"},{"taxonomy":"woo-feed-brand","embeddable":true,"href":"https:\/\/fh-staging.vengo.cloud\/de-ch\/wp-json\/wp\/v2\/woo-feed-brand?post=8100"}],"curies":[{"name":"wp","href":"https:\/\/api.w.org\/{rel}","templated":true}]}}