{"id":8018,"date":"2021-10-05T10:27:09","date_gmt":"2021-10-05T10:27:09","guid":{"rendered":"https:\/\/fh-staging.vengo.cloud\/?product=grosse-kugelvase-hellgrun-mit-blasen-o-20cm"},"modified":"2025-04-01T06:44:31","modified_gmt":"2025-04-01T04:44:31","slug":"grosse-kugelvase-hellgrun-mit-blasen-o-20cm","status":"publish","type":"product","link":"https:\/\/fh-staging.vengo.cloud\/de-ch\/p\/grosse-kugelvase-hellgrun-mit-blasen-o-20cm","title":{"rendered":"Grosse Kugelvase, hellgr\u00fcn, mit Blasen \u00d8 20cm"},"content":{"rendered":"<p>Die mundgeblasenen Vasen der Marke DutZ sind von exklusiver Qualit\u00e4t und sowohl sch\u00f6n als Objekt, als auch gef\u00fcllt mit ausgefallenen Blumen. Jede Vase ist ein Unikat und unterscheidet sich optisch durch ihre Blasen.<\/p>\n<p>Das Glas dieser Vase ist extra dick. Das verleiht dem Produkt ein exklusives Aussehen.<br \/>\nDie Vase hat eine gute Gr\u00f6sse und passt f\u00fcr die Fensterbank, den Beistelltisch, den K\u00fcchentisch, den Wohnzimmertisch, den Couchtisch, das Bad, das Schlafzimmer, die K\u00fcche usw.<br \/>\nSie ist \u00fcberall ein Blickfang und braucht nicht viel Dekoration. Ein sch\u00f6ner Zweig &#8211; Eukalyptus zum Beispiel &#8211; macht sie perfekt.<\/p>\n<p>Angaben Vase gross: \u00d8 20cm, 6 mm dickes Glas, lindengr\u00fcn mit Blasen<\/p>\n","protected":false},"excerpt":{"rendered":"<p>Grosse Kugelvase, hellgr\u00fcn, mit Blasen \u00d8 20cm<\/p>\n","protected":false},"featured_media":8019,"template":"","meta":[],"product_brand":[],"product_cat":[27,23],"product_tag":[294],"woo-feed-brand":[],"class_list":{"0":"post-8018","1":"product","2":"type-product","3":"status-publish","4":"has-post-thumbnail","6":"product_cat-vasen-gefaesse","7":"product_cat-home-living","8":"product_tag-the-bloomery","10":"first","11":"instock","12":"taxable","13":"shipping-taxable","14":"purchasable","15":"product-type-simple"},"_links":{"self":[{"href":"https:\/\/fh-staging.vengo.cloud\/de-ch\/wp-json\/wp\/v2\/product\/8018","targetHints":{"allow":["GET"]}}],"collection":[{"href":"https:\/\/fh-staging.vengo.cloud\/de-ch\/wp-json\/wp\/v2\/product"}],"about":[{"href":"https:\/\/fh-staging.vengo.cloud\/de-ch\/wp-json\/wp\/v2\/types\/product"}],"wp:featuredmedia":[{"embeddable":true,"href":"https:\/\/fh-staging.vengo.cloud\/de-ch\/wp-json\/wp\/v2\/media\/8019"}],"wp:attachment":[{"href":"https:\/\/fh-staging.vengo.cloud\/de-ch\/wp-json\/wp\/v2\/media?parent=8018"}],"wp:term":[{"taxonomy":"product_brand","embeddable":true,"href":"https:\/\/fh-staging.vengo.cloud\/de-ch\/wp-json\/wp\/v2\/product_brand?post=8018"},{"taxonomy":"product_cat","embeddable":true,"href":"https:\/\/fh-staging.vengo.cloud\/de-ch\/wp-json\/wp\/v2\/product_cat?post=8018"},{"taxonomy":"product_tag","embeddable":true,"href":"https:\/\/fh-staging.vengo.cloud\/de-ch\/wp-json\/wp\/v2\/product_tag?post=8018"},{"taxonomy":"woo-feed-brand","embeddable":true,"href":"https:\/\/fh-staging.vengo.cloud\/de-ch\/wp-json\/wp\/v2\/woo-feed-brand?post=8018"}],"curies":[{"name":"wp","href":"https:\/\/api.w.org\/{rel}","templated":true}]}}