{"id":8002,"date":"2021-10-05T09:58:34","date_gmt":"2021-10-05T09:58:34","guid":{"rendered":"https:\/\/fh-staging.vengo.cloud\/?product=metallspiegel-sonnenspiegel-in-gold-o-57cm"},"modified":"2025-10-21T17:03:30","modified_gmt":"2025-10-21T15:03:30","slug":"metallspiegel-sonnenspiegel-in-gold-o-57cm","status":"publish","type":"product","link":"https:\/\/fh-staging.vengo.cloud\/de-ch\/p\/metallspiegel-sonnenspiegel-in-gold-o-57cm","title":{"rendered":"Metallspiegel (Sonnenspiegel) in Gold, \u00d8 57cm"},"content":{"rendered":"<p><strong>Metallspiegel (Sonnenspiegel) in Gold, \u00d8 57cm<\/strong><\/p>\n<p>Sch\u00f6ner, wirkungsvoller Deko-Spiegel aus Metallst\u00e4ben in Gold.<\/p>\n<p>Angelehnt an die altbekannten Sonnenspiegel, kommen diese Deko-Spiegel wieder in Mode.<\/p>\n<p>Sie passen eigentlich \u00fcberall hin, sei es an eine Bilderwand, ins Badezimmer, Wohnzimmer oder in den Flur. Denn sie strahlen eine edle, gleichzeitig aber auch verspielte Stimmung aus. F\u00fcr Ihr Zuhause oder als Geschenk: Ein Must-have f\u00fcr jedermann.<\/p>\n<p>Angaben Spiegel: \u00d8 gesamt 57cm, \u00d8 Spiegel 12cm, Aufh\u00e4ngevorrichtung hinten vorhanden.<\/p>\n","protected":false},"excerpt":{"rendered":"<p>Metallspiegel (Sonnenspiegel) in Gold, \u00d8 57cm<\/p>\n","protected":false},"featured_media":8003,"template":"","meta":[],"product_brand":[],"product_cat":[30,23,1187],"product_tag":[294],"woo-feed-brand":[],"class_list":{"0":"post-8002","1":"product","2":"type-product","3":"status-publish","4":"has-post-thumbnail","6":"product_cat-deko-accessoires","7":"product_cat-home-living","8":"product_cat-spiegel","9":"product_tag-the-bloomery","11":"first","12":"instock","13":"taxable","14":"shipping-taxable","15":"purchasable","16":"product-type-simple"},"_links":{"self":[{"href":"https:\/\/fh-staging.vengo.cloud\/de-ch\/wp-json\/wp\/v2\/product\/8002","targetHints":{"allow":["GET"]}}],"collection":[{"href":"https:\/\/fh-staging.vengo.cloud\/de-ch\/wp-json\/wp\/v2\/product"}],"about":[{"href":"https:\/\/fh-staging.vengo.cloud\/de-ch\/wp-json\/wp\/v2\/types\/product"}],"wp:featuredmedia":[{"embeddable":true,"href":"https:\/\/fh-staging.vengo.cloud\/de-ch\/wp-json\/wp\/v2\/media\/8003"}],"wp:attachment":[{"href":"https:\/\/fh-staging.vengo.cloud\/de-ch\/wp-json\/wp\/v2\/media?parent=8002"}],"wp:term":[{"taxonomy":"product_brand","embeddable":true,"href":"https:\/\/fh-staging.vengo.cloud\/de-ch\/wp-json\/wp\/v2\/product_brand?post=8002"},{"taxonomy":"product_cat","embeddable":true,"href":"https:\/\/fh-staging.vengo.cloud\/de-ch\/wp-json\/wp\/v2\/product_cat?post=8002"},{"taxonomy":"product_tag","embeddable":true,"href":"https:\/\/fh-staging.vengo.cloud\/de-ch\/wp-json\/wp\/v2\/product_tag?post=8002"},{"taxonomy":"woo-feed-brand","embeddable":true,"href":"https:\/\/fh-staging.vengo.cloud\/de-ch\/wp-json\/wp\/v2\/woo-feed-brand?post=8002"}],"curies":[{"name":"wp","href":"https:\/\/api.w.org\/{rel}","templated":true}]}}